{"id":13528,"date":"2020-03-18T08:47:19","date_gmt":"2020-03-18T08:47:19","guid":{"rendered":"https:\/\/gallant-thompson.87-106-228-167.plesk.page\/v2\/kontakt\/"},"modified":"2025-06-11T11:30:26","modified_gmt":"2025-06-11T11:30:26","slug":"kontakt","status":"publish","type":"page","link":"https:\/\/optimistic-curran.87-106-228-167.plesk.page\/de\/kontakt\/","title":{"rendered":"Kontakt"},"content":{"rendered":"<div class=\"wpb-content-wrapper\"><p>[vc_row full_width=&#8220;stretch_row_content_no_spaces&#8220; mobile_bg_img_hidden=&#8220;no&#8220; tablet_bg_img_hidden=&#8220;no&#8220; woodmart_parallax=&#8220;0&#8243; woodmart_gradient_switch=&#8220;no&#8220; row_reverse_mobile=&#8220;0&#8243; row_reverse_tablet=&#8220;0&#8243; woodmart_disable_overflow=&#8220;0&#8243; css=&#8220;.vc_custom_1582805318850{margin-top: -30px !important;margin-bottom: -44px !important;}&#8220;][vc_column][vc_gmaps link=&#8220;#E-8_JTNDaWZyYW1lJTIwc3JjJTNEJTIyaHR0cHMlM0ElMkYlMkZ3d3cuZ29vZ2xlLmNvbSUyRm1hcHMlMkZlbWJlZCUzRnBiJTNEJTIxMW0xOCUyMTFtMTIlMjExbTMlMjExZDkwMTU3LjA4MDcwNzE3OTU3JTIxMmQtMTMuOTg1Mzg0MTczOTczNTczJTIxM2QyOC4yODMzNjk2MTkwNzE4MjQlMjEybTMlMjExZjAlMjEyZjAlMjEzZjAlMjEzbTIlMjExaTEwMjQlMjEyaTc2OCUyMTRmMTMuMSUyMTNtMyUyMTFtMiUyMTFzMHhjNDc5NWQ5MjhhOGJkNTMlMjUzQTB4YWM2MGI2MzFkODU0NGM4JTIxMnNWZXJkZWF1cm9yYSUyNTIwQmlvJTI1MjBGYXJtJTI1MjAtJTI1MjBBbG9lJTI1MjBWZXJhJTI1MjBGdWVydGV2ZW50dXJhJTIxNWUwJTIxM20yJTIxMXNlcyUyMTJzZXMlMjE0djE1ODI4MDM3MTg0NTclMjE1bTIlMjExc2VzJTIxMnNlcyUyMiUyMHdpZHRoJTNEJTIyNjAwJTIyJTIwaGVpZ2h0JTNEJTIyNDUwJTIyJTIwZnJhbWVib3JkZXIlM0QlMjIwJTIyJTIwc3R5bGUlM0QlMjJib3JkZXIlM0EwJTNCJTIyJTIwYWxsb3dmdWxsc2NyZWVuJTNEJTIyJTIyJTNFJTNDJTJGaWZyYW1lJTNF&#8220;][\/vc_column][\/vc_row][vc_row full_width=&#8220;stretch_row&#8220; css=&#8220;.vc_custom_1626769858718{margin-bottom: -42px !important;background-color: #f9f9f9 !important;}&#8220; mobile_bg_img_hidden=&#8220;no&#8220; tablet_bg_img_hidden=&#8220;no&#8220; woodmart_parallax=&#8220;0&#8243; woodmart_gradient_switch=&#8220;no&#8220; row_reverse_mobile=&#8220;0&#8243; row_reverse_tablet=&#8220;0&#8243; woodmart_disable_overflow=&#8220;0&#8243;][vc_column width=&#8220;1\/3&#8243;][vc_icon icon_fontawesome=&#8220;fas fa-map-marker-alt&#8220; color=&#8220;green&#8220; size=&#8220;lg&#8220; align=&#8220;center&#8220; css=&#8220;.vc_custom_1584520834478{margin-bottom: 10px !important;}&#8220;][vc_column_text text_larger=&#8220;no&#8220;]<\/p>\n<h2 style=\"text-align: center;\">Standort<\/h2>\n<p style=\"text-align: center;\">Tenicosquey 7, 35630 Antigua<br \/>\nFuerteventura, Islas Canarias, Espa\u00f1a<\/p>\n<p>[\/vc_column_text][\/vc_column][vc_column width=&#8220;1\/3&#8243;][vc_icon icon_fontawesome=&#8220;fas fa-clock&#8220; color=&#8220;green&#8220; size=&#8220;lg&#8220; align=&#8220;center&#8220; css=&#8220;.vc_custom_1582805086857{margin-bottom: 10px !important;}&#8220;][vc_column_text text_larger=&#8220;no&#8220; woodmart_inline=&#8220;no&#8220;]<\/p>\n<h2 style=\"text-align: center;\">\u00d6ffnungszeiten der Gesch\u00e4fte<\/h2>\n<p style=\"text-align: center;\">Montag &#8211; Samstag: 10:00 &#8211; 18:00<\/p>\n<p>[\/vc_column_text][\/vc_column][vc_column width=&#8220;1\/3&#8243;][vc_icon icon_fontawesome=&#8220;fas fa-paper-plane&#8220; color=&#8220;green&#8220; size=&#8220;lg&#8220; align=&#8220;center&#8220; css=&#8220;.vc_custom_1598006940981{margin-bottom: 10px !important;}&#8220;][vc_column_text css=&#8220;&#8220; text_larger=&#8220;no&#8220; woodmart_inline=&#8220;no&#8220;]<\/p>\n<h2 style=\"text-align: center;\">Unterst\u00fctzung<\/h2>\n<ul>\n<li style=\"list-style-type: none;\"><\/li>\n<\/ul>\n<p>[\/vc_column_text][vc_column_text css=&#8220;&#8220; text_larger=&#8220;no&#8220; woodmart_inline=&#8220;no&#8220;]<\/p>\n<p style=\"text-align: center;\"><iframe loading=\"lazy\" style=\"border: none;\" src=\"https:\/\/interfaces.zapier.com\/embed\/chatbot\/cmbqrt5xc0057tbdipuguwfnk\" width=\"400px\" height=\"600px\"><span data-mce-type=\"bookmark\" style=\"display: inline-block; width: 0px; overflow: hidden; line-height: 0;\" class=\"mce_SELRES_start\"><\/span><\/iframe><\/p>\n<p>[\/vc_column_text][vc_tta_accordion style=&#8220;flat&#8220; shape=&#8220;square&#8220; c_align=&#8220;center&#8220; c_icon=&#8220;&#8220; active_section=&#8220;9&#8243; collapsible_all=&#8220;true&#8220; css=&#8220;.vc_custom_1652095827360{margin-top: -30px !important;}&#8220;][vc_tta_section title=&#8220;`{` + `}`&#8220; tab_id=&#8220;email-tfno&#8220;][vc_column_text css=&#8220;&#8220; text_larger=&#8220;no&#8220; woodmart_inline=&#8220;no&#8220;]<\/p>\n<h2 style=\"text-align: center;\">Kontakt<\/h2>\n<ul>\n<li style=\"list-style-type: none;\">\n<ul>\n<li>Online-Bestellungen oder Buchungen: <a href=\"mailto:comunicacion@verdeaurora.com\">comunicacion@verdeaurora.com<\/a><br \/>\n(Probieren Sie unseren AI-Chat f\u00fcr sofortige Antworten )<\/li>\n<li>H\u00e4user: <a href=\"mailto:casas@verdeaurora.com\">casas@verdeaurora.com<\/a><\/li>\n<li>Gruppen und Personalisierung von Erfahrungen: <a href=\"mailto:comercial@verdeaurora.com\">comercial@verdeaurora.com<\/a><\/li>\n<li>Senden Sie uns Ihren Lebenslauf: <a href=\"mailto:personal@verdeaurora.com\">personal@verdeaurora.com<\/a><\/li>\n<\/ul>\n<\/li>\n<\/ul>\n<p>&nbsp;<\/p>\n<ul>\n<li>Laden (Bauernhof) +34 682 37 34 07<\/li>\n<\/ul>\n<p>[\/vc_column_text][\/vc_tta_section][\/vc_tta_accordion][\/vc_column][vc_column][\/vc_column][\/vc_row][vc_row disable_element=&#8220;yes&#8220; css=&#8220;.vc_custom_1691486344745{padding-right: 20px !important;padding-bottom: 20px !important;padding-left: 20px !important;}&#8220; mobile_bg_img_hidden=&#8220;no&#8220; tablet_bg_img_hidden=&#8220;no&#8220; woodmart_parallax=&#8220;0&#8243; woodmart_gradient_switch=&#8220;no&#8220; row_reverse_mobile=&#8220;0&#8243; row_reverse_tablet=&#8220;0&#8243; woodmart_disable_overflow=&#8220;0&#8243; woodmart_css_id=&#8220;64d20883dab20&#8243; woodmart_box_shadow=&#8220;no&#8220; wd_z_index=&#8220;no&#8220; responsive_spacing=&#8220;eyJwYXJhbV90eXBlIjoid29vZG1hcnRfcmVzcG9uc2l2ZV9zcGFjaW5nIiwic2VsZWN0b3JfaWQiOiI2NGQyMDg4M2RhYjIwIiwic2hvcnRjb2RlIjoidmNfcm93IiwiZGF0YSI6eyJ0YWJsZXQiOnt9LCJtb2JpbGUiOnt9fX0=&#8220;][vc_column][vc_row_inner row_reverse_mobile=&#8220;0&#8243; row_reverse_tablet=&#8220;0&#8243;][vc_column_inner css=&#8220;.vc_custom_1583747515977{padding: 40px !important;}&#8220;][vc_column_text text_larger=&#8220;no&#8220; woodmart_inline=&#8220;no&#8220;][wpforms id=&#8220;19168&#8243; title=&#8220;false&#8220;][\/vc_column_text][vc_separator][\/vc_column_inner][\/vc_row_inner][vc_column_text text_larger=&#8220;no&#8220; woodmart_inline=&#8220;no&#8220;]<\/p>\n<div class=\"page_content_wrap page_content_wrap_slider \">\n<div class=\"content_wrap\">\n<div class=\"content\">\n<article class=\"itemscope post_item post_item_single post_featured_default post_format_standard post-3184 page type-page status-publish hentry\">\n<section class=\"post_content\">\n<div class=\"vc_row wpb_row vc_row-fluid\">\n<div class=\"wpb_column vc_column_container vc_col-sm-12\">\n<div class=\"vc_column-inner \">\n<div class=\"wpb_wrapper\">\n<div class=\"wpb_text_column wpb_content_element \">\n<div class=\"wpb_wrapper\">\n<div align=\"center\">\n<table>\n<tbody>\n<tr>\n<td><span style=\"color: #808080;\">GRUNDINFORMATIONEN ZUM DATENSCHUTZ<\/span><\/td>\n<\/tr>\n<tr>\n<td><span style=\"color: #808080;\">Responsable del tratamiento<\/span><\/td>\n<td><span style=\"color: #808080;\">VERDEAURORA, S.L.<\/span><\/td>\n<\/tr>\n<tr>\n<td><span style=\"color: #808080;\">Direcci\u00f3n del responsable<\/span><\/td>\n<td><span style=\"color: #808080;\">C\/ TENICOSQUEY, N\u00ba7, C.P. 35630, ANTIGUA (Las Palmas)<\/span><\/td>\n<\/tr>\n<tr>\n<td><span style=\"color: #808080;\">Finalidad<\/span><\/td>\n<td><span style=\"color: #808080;\">Sus datos ser\u00e1n usados para poder atender sus solicitudes y prestarle nuestros servicios.<\/span><\/td>\n<\/tr>\n<tr>\n<td><span style=\"color: #808080;\">Publicidad<\/span><\/td>\n<td><span style=\"color: #808080;\">Solo le enviaremos publicidad con su autorizaci\u00f3n previa, que podr\u00e1 facilitarnos mediante la casilla correspondiente establecida al efecto.<\/span><\/td>\n<\/tr>\n<tr>\n<td><span style=\"color: #808080;\">Legitimaci\u00f3n<\/span><\/td>\n<td><span style=\"color: #808080;\">\u00danicamente trataremos sus datos con su consentimiento previo, que podr\u00e1 facilitarnos mediante la casilla correspondiente establecida al efecto.<\/span><\/td>\n<\/tr>\n<tr>\n<td><span style=\"color: #808080;\">Destinatarios<\/span><\/td>\n<td><span style=\"color: #808080;\">Con car\u00e1cter general, s\u00f3lo el personal de nuestra entidad que est\u00e9 debidamente autorizado podr\u00e1 tener conocimiento de la informaci\u00f3n que le pedimos.<\/span><\/td>\n<\/tr>\n<tr>\n<td><span style=\"color: #808080;\">Derechos<\/span><\/td>\n<td><span style=\"color: #808080;\">Tiene derecho a saber qu\u00e9 informaci\u00f3n tenemos sobre usted, corregirla y eliminarla, tal y como se explica en la informaci\u00f3n adicional disponible en nuestra p\u00e1gina web.<\/span><\/td>\n<\/tr>\n<tr>\n<td><span style=\"color: #808080;\">Informaci\u00f3n adicional<\/span><\/td>\n<td><span style=\"color: #808080;\">M\u00e1s informaci\u00f3n en el apartado \u201c<a style=\"color: #808080;\" href=\"https:\/\/gallant-thompson.87-106-228-167.plesk.page\/proteccion-de-datos\/#susdatosseguros\">SUS DATOS SEGUROS<\/a>\u201d de nuestra p\u00e1gina web.<\/span><\/td>\n<\/tr>\n<\/tbody>\n<\/table>\n<\/div>\n<\/div>\n<\/div>\n<\/div>\n<\/div>\n<\/div>\n<\/div>\n<\/section>\n<\/article>\n<section class=\"related_wrap related_wrap_empty\"><\/section>\n<\/div>\n<\/div>\n<\/div>\n<footer class=\"footer_wrap footer_wrap_none_p bg_tint_light footer_style_light widget_area\">\n<div class=\"content_wrap\">\n<div class=\"columns_wrap\"><\/div>\n<\/div>\n<\/footer>\n<div class=\"copyright_wrap\">\n<div class=\"content_wrap\"><\/div>\n<\/div>\n<p>[\/vc_column_text][\/vc_column][\/vc_row]<\/p>\n<\/div>","protected":false},"excerpt":{"rendered":"<p>[vc_row full_width=&#8220;stretch_row_content_no_spaces&#8220; mobile_bg_img_hidden=&#8220;no&#8220; tablet_bg_img_hidden=&#8220;no&#8220; woodmart_parallax=&#8220;0&#8243; woodmart_gradient_switch=&#8220;no&#8220; row_reverse_mobile=&#8220;0&#8243; row_reverse_tablet=&#8220;0&#8243; woodmart_disable_overflow=&#8220;0&#8243; css=&#8220;.vc_custom_1582805318850{margin-top: -30px !important;margin-bottom: -44px !important;}&#8220;][vc_column][vc_gmaps link=&#8220;#E-8_JTNDaWZyYW1lJTIwc3JjJTNEJTIyaHR0cHMlM0ElMkYlMkZ3d3cuZ29vZ2xlLmNvbSUyRm1hcHMlMkZlbWJlZCUzRnBiJTNEJTIxMW0xOCUyMTFtMTIlMjExbTMlMjExZDkwMTU3LjA4MDcwNzE3OTU3JTIxMmQtMTMuOTg1Mzg0MTczOTczNTczJTIxM2QyOC4yODMzNjk2MTkwNzE4MjQlMjEybTMlMjExZjAlMjEyZjAlMjEzZjAlMjEzbTIlMjExaTEwMjQlMjEyaTc2OCUyMTRmMTMuMSUyMTNtMyUyMTFtMiUyMTFzMHhjNDc5NWQ5MjhhOGJkNTMlMjUzQTB4YWM2MGI2MzFkODU0NGM4JTIxMnNWZXJkZWF1cm9yYSUyNTIwQmlvJTI1MjBGYXJtJTI1MjAtJTI1MjBBbG9lJTI1MjBWZXJhJTI1MjBGdWVydGV2ZW50dXJhJTIxNWUwJTIxM20yJTIxMXNlcyUyMTJzZXMlMjE0djE1ODI4MDM3MTg0NTclMjE1bTIlMjExc2VzJTIxMnNlcyUyMiUyMHdpZHRoJTNEJTIyNjAwJTIyJTIwaGVpZ2h0JTNEJTIyNDUwJTIyJTIwZnJhbWVib3JkZXIlM0QlMjIwJTIyJTIwc3R5bGUlM0QlMjJib3JkZXIlM0EwJTNCJTIyJTIwYWxsb3dmdWxsc2NyZWVuJTNEJTIyJTIyJTNFJTNDJTJGaWZyYW1lJTNF&#8220;][\/vc_column][\/vc_row][vc_row full_width=&#8220;stretch_row&#8220; css=&#8220;.vc_custom_1626769858718{margin-bottom: -42px !important;background-color: #f9f9f9<\/p>\n","protected":false},"author":6431,"featured_media":0,"parent":0,"menu_order":0,"comment_status":"closed","ping_status":"closed","template":"","meta":{"footnotes":""},"class_list":["post-13528","page","type-page","status-publish","hentry"],"_links":{"self":[{"href":"https:\/\/optimistic-curran.87-106-228-167.plesk.page\/de\/wp-json\/wp\/v2\/pages\/13528","targetHints":{"allow":["GET"]}}],"collection":[{"href":"https:\/\/optimistic-curran.87-106-228-167.plesk.page\/de\/wp-json\/wp\/v2\/pages"}],"about":[{"href":"https:\/\/optimistic-curran.87-106-228-167.plesk.page\/de\/wp-json\/wp\/v2\/types\/page"}],"author":[{"embeddable":true,"href":"https:\/\/optimistic-curran.87-106-228-167.plesk.page\/de\/wp-json\/wp\/v2\/users\/6431"}],"replies":[{"embeddable":true,"href":"https:\/\/optimistic-curran.87-106-228-167.plesk.page\/de\/wp-json\/wp\/v2\/comments?post=13528"}],"version-history":[{"count":0,"href":"https:\/\/optimistic-curran.87-106-228-167.plesk.page\/de\/wp-json\/wp\/v2\/pages\/13528\/revisions"}],"wp:attachment":[{"href":"https:\/\/optimistic-curran.87-106-228-167.plesk.page\/de\/wp-json\/wp\/v2\/media?parent=13528"}],"curies":[{"name":"wp","href":"https:\/\/api.w.org\/{rel}","templated":true}]}}