{"id":13843,"date":"2020-04-04T09:31:18","date_gmt":"2020-04-04T09:31:18","guid":{"rendered":"https:\/\/gallant-thompson.87-106-228-167.plesk.page\/v2\/projekt\/"},"modified":"2024-04-10T09:15:25","modified_gmt":"2024-04-10T09:15:25","slug":"projekt","status":"publish","type":"page","link":"https:\/\/optimistic-curran.87-106-228-167.plesk.page\/de\/projekt\/","title":{"rendered":"Projekt"},"content":{"rendered":"<div class=\"wpb-content-wrapper\"><p>[vc_row full_width=&#8220;stretch_row_content_no_spaces&#8220; disable_element=&#8220;yes&#8220; mobile_bg_img_hidden=&#8220;no&#8220; tablet_bg_img_hidden=&#8220;no&#8220; woodmart_parallax=&#8220;0&#8243; woodmart_gradient_switch=&#8220;no&#8220; row_reverse_mobile=&#8220;0&#8243; row_reverse_tablet=&#8220;0&#8243; woodmart_disable_overflow=&#8220;0&#8243; css=&#8220;.vc_custom_1712740091152{margin-top: -50px !important;}&#8220; woodmart_css_id=&#8220;661656f436106&#8243; responsive_spacing=&#8220;eyJwYXJhbV90eXBlIjoid29vZG1hcnRfcmVzcG9uc2l2ZV9zcGFjaW5nIiwic2VsZWN0b3JfaWQiOiI2NjE2NTZmNDM2MTA2Iiwic2hvcnRjb2RlIjoidmNfcm93IiwiZGF0YSI6eyJ0YWJsZXQiOnt9LCJtb2JpbGUiOnt9fX0=&#8220; woodmart_box_shadow=&#8220;no&#8220; wd_z_index=&#8220;no&#8220;][vc_column][vc_column_text][rev_slider slidertitle=&#8220;Proyecto&#8220; alias=&#8220;home-11&#8243;][\/vc_column_text][\/vc_column][\/vc_row][vc_row css=&#8220;.vc_custom_1582029147088{margin-top: 40px !important;margin-bottom: 40px !important;}&#8220; mobile_bg_img_hidden=&#8220;no&#8220; tablet_bg_img_hidden=&#8220;no&#8220; woodmart_parallax=&#8220;0&#8243; woodmart_gradient_switch=&#8220;no&#8220; row_reverse_mobile=&#8220;0&#8243; row_reverse_tablet=&#8220;0&#8243; woodmart_disable_overflow=&#8220;0&#8243;][vc_column mobile_bg_img_hidden=&#8220;no&#8220; tablet_bg_img_hidden=&#8220;no&#8220; woodmart_parallax=&#8220;0&#8243; woodmart_sticky_column=&#8220;false&#8220; parallax_scroll=&#8220;no&#8220; mobile_reset_margin=&#8220;no&#8220; tablet_reset_margin=&#8220;no&#8220;][vc_row_inner css=&#8220;.vc_custom_1582809275292{margin-bottom: 40px !important;}&#8220; row_reverse_mobile=&#8220;0&#8243; row_reverse_tablet=&#8220;0&#8243;][vc_column_inner]\n\t\t<div id=\"wd-5e88cf8c3bac3\" class=\"title-wrapper wd-wpb wd-set-mb reset-last-child  wd-rs-5e88cf8c3bac3 wd-title-color-default wd-title-style-default text-center vc_custom_1586024354330 wd-underline-colored\">\n\t\t\t\t\t\t\t\n\t\t\t\t<div class=\"title-subtitle  subtitle-color-default font-alt subtitle-style-default wd-font-weight-600 wd-fontsize-xs\">Unsere Geschichte<\/div>\n\t\t\t\n\t\t\t<div class=\"liner-continer\">\n\t\t\t\t<h1 class=\"woodmart-title-container title  wd-font-weight-100 wd-fontsize-xl\" >LERNEN SIE UNS EIN BISSCHEN MEHR KENNEN<\/h1>\n\t\t\t\t\t\t\t<\/div>\n\t\t\t\n\t\t\t\n\t\t\t\n\t\t<\/div>\n\t\t\n\t\t[\/vc_column_inner][\/vc_row_inner][vc_row_inner css=&#8220;.vc_custom_1582812247102{padding-right: 15px !important;padding-left: 15px !important;}&#8220; row_reverse_mobile=&#8220;0&#8243; row_reverse_tablet=&#8220;0&#8243;][vc_column_inner width=&#8220;1\/2&#8243; css=&#8220;.vc_custom_1582812300334{padding-right: 40px !important;padding-left: 40px !important;}&#8220;][vc_single_image image=&#8220;14145&#8243; img_size=&#8220;full&#8220; parallax_scroll=&#8220;no&#8220;][vc_single_image image=&#8220;14149&#8243; img_size=&#8220;full&#8220; parallax_scroll=&#8220;no&#8220;][\/vc_column_inner][vc_column_inner width=&#8220;1\/2&#8243; css=&#8220;.vc_custom_1582812346060{padding-right: 30px !important;padding-left: 30px !important;}&#8220;][vc_column_text text_larger=&#8220;no&#8220; woodmart_inline=&#8220;no&#8220;]<\/p>\n<h2><span style=\"font-weight: 400;\"> WIE DAS PROJEKT ENTSTEHT<\/span><\/h2>\n<p>Die Verdeaurora Bio Farm wurde in den 60er Jahren im Herzen von Fuerteventura geboren, als Antonio Mesa und Pilar Cabrera beschlossen, dieses Land zu kaufen, um Tomaten zu pflanzen. Fr\u00fcher war das Land f\u00fcr den Anbau von Getreide und H\u00fclsenfr\u00fcchten bestimmt, wie es in weiten Teilen der Insel der Fall war. Doch in der Generationsfolge der Sohn von Antonio und Pilar, Luis Mesa Cabrera, weiterhin die T\u00e4tigkeit der Tomate, aber innovativ in der Produktion mit dem Gew\u00e4chshaus, das noch heute steht.<br \/>\nDieses neue System erm\u00f6glichte eine bessere Kontrolle der klimatischen Bedingungen, insbesondere des Windes. 1997 beschlossen Luis Mesa und Cloti M\u00e9ndez, dass die Farm der richtige Ort w\u00e4re, um ein Familienheim zu schaffen, in dem die beiden Kinder Luis und Aurora aufwachsen sollten.<\/p>\n<p>Im Jahr 2000 war Luis Mesa aufgrund verschiedener Situationen, wie der marokkanischen Konkurrenz und Schwierigkeiten in der insularen Zusammenarbeit, gezwungen, die Tomatenaktivit\u00e4t aufzugeben.<br \/>\nEinige Jahre lang war die Farm ohne produktive T\u00e4tigkeit, bis Luis Mesa 2008 aufgrund seiner Leidenschaft f\u00fcr die Landwirtschaft beschloss, die ersten 400 Olivenb\u00e4ume auf der Farm zu pflanzen. In den folgenden Jahren wurden die Aloe Vera Plantagen eingeweiht und 200 weitere Olivenb\u00e4ume kamen hinzu.<\/p>\n<p>Parallel zu dieser landwirtschaftlichen T\u00e4tigkeit begann das Projekt der l\u00e4ndlichen Tourismusunterk\u00fcnfte, die wir heute genie\u00dfen k\u00f6nnen, Gestalt anzunehmen. Im Jahr 2002 beschloss Cloti M\u00e9ndez aufgrund einer etwas ungl\u00fccklichen Situation, das Haus, in dem sie geboren wurde, im Dorf El Roque f\u00fcr den l\u00e4ndlichen Tourismus zu nutzen und schuf damit das, was wir heute als Casa Tile kennen. Im Jahr 2006 folgten Casa Pilar und Casa Aurora, ein ehemaliges Haus in typisch mallorquinischer Bauweise, in dem die alten Medianeros wohnten, die sich zu Zeiten von Antonio Mesa um die Ernte auf dem Hof k\u00fcmmerten.<\/p>\n<p>Die n\u00e4chste gro\u00dfe Ver\u00e4nderung, der Sprung in die dritte Generation fand 2013 statt, als Luis Mesa M\u00e9ndez nach seinem Architekturstudium in Madrid nach Fuerteventura zur\u00fcckkehrte. Nach seiner Ankunft nahm er die Z\u00fcgel des Familienprojekts in die Hand und beschloss, alles unter dem Namen Verdeaurora zu vereinen. Er ist derjenige, der sich zu dem Schritt entschlossen hat, die Farm zu er\u00f6ffnen, um sie mit allen zu teilen, die die landwirtschaftlichen Traditionen Fuerteventuras kennenlernen wollen, immer unter der \u00f6kologischen Philosophie und der Sorge um die Umwelt.<\/p>\n<p>Die Aktivit\u00e4t in Verdeaurora beginnt und im Laufe der Jahre nimmt das Projekt Fahrt auf und erzeugt gro\u00dfe Aktivit\u00e4t und Bewegung. So, bis zur n\u00e4chsten gro\u00dfen Ver\u00e4nderung, die das Team gerade lebt und die darin besteht, 2020 Permakultur im Garten umzusetzen. Nach ein paar intensiven Tagen im Februar, umgeben von gro\u00dfartigen Fachleuten, die viel Wissen und Erfahrung vermittelten, half die Familie Mesa M\u00e9ndez, die Enge zu nutzen, um eine gro\u00dfe Ver\u00e4nderung im Garten zu erzeugen, die heute mit dem Rest des Teams weitergeht. Wir sind sehr stolz auf diesen gro\u00dfen Fortschritt und m\u00f6chten ihn mit allen Menschen teilen, die eine andere Erfahrung machen wollen, umgeben von Natur und Wohlbefinden.[\/vc_column_text][\/vc_column_inner][\/vc_row_inner][\/vc_column][\/vc_row][vc_row][vc_column][vc_empty_space height=&#8220;40px&#8220; woodmart_hide_large=&#8220;0&#8243; woodmart_hide_medium=&#8220;0&#8243; woodmart_hide_small=&#8220;0&#8243; woodmart_hide_extra_small=&#8220;0&#8243;][\/vc_column][\/vc_row][vc_row full_width=&#8220;stretch_row&#8220; css=&#8220;.vc_custom_1583744096550{margin-bottom: 30px !important;background-color: #e7e7e7 !important;}&#8220; mobile_bg_img_hidden=&#8220;no&#8220; tablet_bg_img_hidden=&#8220;no&#8220; woodmart_parallax=&#8220;0&#8243; woodmart_gradient_switch=&#8220;no&#8220; row_reverse_mobile=&#8220;0&#8243; row_reverse_tablet=&#8220;0&#8243; woodmart_disable_overflow=&#8220;0&#8243; el_id=&#8220;accionessostenibles&#8220;][vc_column]\n\t\t<div id=\"wd-5e57bc57edafb\" class=\"title-wrapper wd-wpb wd-set-mb reset-last-child  wd-rs-5e57bc57edafb wd-title-color-default wd-title-style-default text-center  wd-underline-colored\">\n\t\t\t\n\t\t\t<div class=\"liner-continer\">\n\t\t\t\t<h4 class=\"woodmart-title-container title  wd-font-weight-100 wd-fontsize-xl\" >NACHHALTIGKEITSMASSNAHMEN<\/h4>\n\t\t\t\t\t\t\t<\/div>\n\t\t\t\n\t\t\t\t\t\t\t<div class=\"title-after_title reset-last-child  wd-fontsize-s\">Wir glauben an ein nachhaltiges und umweltfreundliches Management, um qualitativ hochwertige Erfahrungen und Produkte anbieten zu k\u00f6nnen<\/div>\n\t\t\t\n\t\t\t\n\t\t<\/div>\n\t\t\n\t\t[vc_row_inner css=&#8220;.vc_custom_1582811138422{padding-top: 20px !important;padding-right: 70px !important;padding-left: 70px !important;}&#8220; row_reverse_mobile=&#8220;0&#8243; row_reverse_tablet=&#8220;0&#8243;][vc_column_inner width=&#8220;1\/4&#8243;][vc_single_image image=&#8220;12143&#8243; img_size=&#8220;150&#215;150&#8243; alignment=&#8220;center&#8220; onclick=&#8220;custom_link&#8220; parallax_scroll=&#8220;no&#8220;][vc_column_text text_larger=&#8220;no&#8220;]<\/p>\n<p style=\"text-align: center;\">Wir verwenden Sonnenkollektoren, um den Betrieb dank erneuerbarer Energien mit ausreichend Energie zu versorgen und so den Energieverbrauch zu senken<\/p>\n<p>[\/vc_column_text][\/vc_column_inner][vc_column_inner width=&#8220;1\/4&#8243;][vc_single_image image=&#8220;12147&#8243; img_size=&#8220;150&#215;150&#8243; alignment=&#8220;center&#8220; onclick=&#8220;custom_link&#8220; parallax_scroll=&#8220;no&#8220;][vc_column_text text_larger=&#8220;no&#8220; css=&#8220;.vc_custom_1582810980563{margin-bottom: 30px !important;}&#8220;]<\/p>\n<p style=\"text-align: center;\"><span style=\"font-weight: 400;\">Wir haben ein ornithologisches Reservat geschaffen, um einen Raum f\u00fcr die Erhaltung und Beobachtung der V\u00f6gel zu bieten, die auf Fuerteventura nisten<\/span><\/p>\n<p>[\/vc_column_text][\/vc_column_inner][vc_column_inner width=&#8220;1\/4&#8243;][vc_single_image image=&#8220;12151&#8243; img_size=&#8220;150&#215;150&#8243; alignment=&#8220;center&#8220; onclick=&#8220;custom_link&#8220; parallax_scroll=&#8220;no&#8220;][vc_column_text text_larger=&#8220;no&#8220;]<\/p>\n<p style=\"text-align: center;\"><span style=\"font-weight: 400;\">Die Verdeaurora Bio Farm verf\u00fcgt dank unseres nachhaltigen Projekts f\u00fcr Aloe Vera und Olivenpflanzen \u00fcber CRAE-Umweltzertifikate<\/span><\/p>\n<p>[\/vc_column_text][\/vc_column_inner][vc_column_inner width=&#8220;1\/4&#8243;][vc_single_image image=&#8220;12155&#8243; img_size=&#8220;150&#215;150&#8243; alignment=&#8220;center&#8220; onclick=&#8220;custom_link&#8220; parallax_scroll=&#8220;no&#8220;][vc_column_text text_larger=&#8220;no&#8220;]<\/p>\n<p style=\"text-align: center;\"><span style=\"font-weight: 400;\">Anwendung der Konzepte und Prinzipien der Permakultur auf die Gestaltung, Entwicklung und Verwaltung nachhaltiger landwirtschaftlicher Systeme in unserem Betrieb<\/span><\/p>\n<p>[\/vc_column_text][\/vc_column_inner][\/vc_row_inner][\/vc_column][\/vc_row][vc_row css=&#8220;.vc_custom_1582029147088{margin-top: 40px !important;margin-bottom: 40px !important;}&#8220; mobile_bg_img_hidden=&#8220;no&#8220; tablet_bg_img_hidden=&#8220;no&#8220; woodmart_parallax=&#8220;0&#8243; woodmart_gradient_switch=&#8220;no&#8220; row_reverse_mobile=&#8220;0&#8243; row_reverse_tablet=&#8220;0&#8243; woodmart_disable_overflow=&#8220;0&#8243;][vc_column mobile_bg_img_hidden=&#8220;no&#8220; tablet_bg_img_hidden=&#8220;no&#8220; woodmart_parallax=&#8220;0&#8243; woodmart_sticky_column=&#8220;false&#8220; parallax_scroll=&#8220;no&#8220; mobile_reset_margin=&#8220;no&#8220; tablet_reset_margin=&#8220;no&#8220;]\n\t\t<div id=\"wd-600fd56fcb86a\" class=\"title-wrapper wd-wpb wd-set-mb reset-last-child  wd-rs-600fd56fcb86a wd-title-color-default wd-title-style-default text-left vc_custom_1611650430413 wd-underline-colored\">\n\t\t\t\n\t\t\t<div class=\"liner-continer\">\n\t\t\t\t<h4 class=\"woodmart-title-container title  wd-font-weight-100 wd-fontsize-xl\" >MISSION, VISION UND WERTE VON VERDEAURORA<\/h4>\n\t\t\t\t\t\t\t<\/div>\n\t\t\t\n\t\t\t\n\t\t\t\n\t\t<\/div>\n\t\t\n\t\t[vc_column_text text_larger=&#8220;no&#8220;]<strong>MISSION:<\/strong><br \/>\nSelbst- und Gemeinschaftsbewusstsein, aus einem Lebensprojekt, das sich auf den Respekt f\u00fcr die Erde, die wir bewohnen, konzentriert.<\/p>\n<p><strong>VISION:<\/strong><br \/>\nDurch kontinuierliches Lernen zur weiteren Verbreitung auf nachhaltige Weise zur Selbstversorgung zu gelangen.<\/p>\n<p><strong>WERTE:<\/strong><\/p>\n<ul>\n<li>\u00d6kologisches und soziales Bewusstsein<\/li>\n<li>Verbindlichkeit<\/li>\n<li>Qualit\u00e4t<\/li>\n<li>Wohlbefinden<\/li>\n<li>Respekt<\/li>\n<\/ul>\n<p>[\/vc_column_text][vc_row_inner css=&#8220;.vc_custom_1582811869264{margin-top: 40px !important;}&#8220; row_reverse_mobile=&#8220;0&#8243; row_reverse_tablet=&#8220;0&#8243;][vc_column_inner width=&#8220;1\/3&#8243;][vc_single_image image=&#8220;12170&#8243; img_size=&#8220;full&#8220; parallax_scroll=&#8220;no&#8220;][\/vc_column_inner][vc_column_inner width=&#8220;1\/3&#8243;][vc_single_image image=&#8220;13836&#8243; img_size=&#8220;full&#8220; parallax_scroll=&#8220;no&#8220;][\/vc_column_inner][vc_column_inner width=&#8220;1\/3&#8243;][vc_single_image image=&#8220;12166&#8243; img_size=&#8220;full&#8220; parallax_scroll=&#8220;no&#8220;][\/vc_column_inner][\/vc_row_inner][\/vc_column][\/vc_row]<\/p>\n<\/div>","protected":false},"excerpt":{"rendered":"<p>[vc_row full_width=&#8220;stretch_row_content_no_spaces&#8220; disable_element=&#8220;yes&#8220; mobile_bg_img_hidden=&#8220;no&#8220; tablet_bg_img_hidden=&#8220;no&#8220; woodmart_parallax=&#8220;0&#8243; woodmart_gradient_switch=&#8220;no&#8220; row_reverse_mobile=&#8220;0&#8243; row_reverse_tablet=&#8220;0&#8243; woodmart_disable_overflow=&#8220;0&#8243; css=&#8220;.vc_custom_1712740091152{margin-top: -50px !important;}&#8220; woodmart_css_id=&#8220;661656f436106&#8243; responsive_spacing=&#8220;eyJwYXJhbV90eXBlIjoid29vZG1hcnRfcmVzcG9uc2l2ZV9zcGFjaW5nIiwic2VsZWN0b3JfaWQiOiI2NjE2NTZmNDM2MTA2Iiwic2hvcnRjb2RlIjoidmNfcm93IiwiZGF0YSI6eyJ0YWJsZXQiOnt9LCJtb2JpbGUiOnt9fX0=&#8220; woodmart_box_shadow=&#8220;no&#8220; wd_z_index=&#8220;no&#8220;][vc_column][vc_column_text][rev_slider slidertitle=&#8220;Proyecto&#8220; alias=&#8220;home-11&#8243;][\/vc_column_text][\/vc_column][\/vc_row][vc_row css=&#8220;.vc_custom_1582029147088{margin-top:<\/p>\n","protected":false},"author":6431,"featured_media":0,"parent":0,"menu_order":0,"comment_status":"closed","ping_status":"closed","template":"","meta":{"footnotes":""},"class_list":["post-13843","page","type-page","status-publish","hentry"],"_links":{"self":[{"href":"https:\/\/optimistic-curran.87-106-228-167.plesk.page\/de\/wp-json\/wp\/v2\/pages\/13843","targetHints":{"allow":["GET"]}}],"collection":[{"href":"https:\/\/optimistic-curran.87-106-228-167.plesk.page\/de\/wp-json\/wp\/v2\/pages"}],"about":[{"href":"https:\/\/optimistic-curran.87-106-228-167.plesk.page\/de\/wp-json\/wp\/v2\/types\/page"}],"author":[{"embeddable":true,"href":"https:\/\/optimistic-curran.87-106-228-167.plesk.page\/de\/wp-json\/wp\/v2\/users\/6431"}],"replies":[{"embeddable":true,"href":"https:\/\/optimistic-curran.87-106-228-167.plesk.page\/de\/wp-json\/wp\/v2\/comments?post=13843"}],"version-history":[{"count":0,"href":"https:\/\/optimistic-curran.87-106-228-167.plesk.page\/de\/wp-json\/wp\/v2\/pages\/13843\/revisions"}],"wp:attachment":[{"href":"https:\/\/optimistic-curran.87-106-228-167.plesk.page\/de\/wp-json\/wp\/v2\/media?parent=13843"}],"curies":[{"name":"wp","href":"https:\/\/api.w.org\/{rel}","templated":true}]}}