{"id":13944,"date":"2020-04-05T10:04:37","date_gmt":"2020-04-05T10:04:37","guid":{"rendered":"https:\/\/gallant-thompson.87-106-228-167.plesk.page\/v2\/sustainable-tourism\/"},"modified":"2022-01-08T10:56:35","modified_gmt":"2022-01-08T10:56:35","slug":"sustainable-tourism","status":"publish","type":"page","link":"https:\/\/optimistic-curran.87-106-228-167.plesk.page\/de\/sustainable-tourism\/","title":{"rendered":"Sustainable Tourism"},"content":{"rendered":"<div class=\"wpb-content-wrapper\"><p>[vc_row css=&#8220;.vc_custom_1583323344336{margin-top: -50px !important;}&#8220; mobile_bg_img_hidden=&#8220;no&#8220; tablet_bg_img_hidden=&#8220;no&#8220; woodmart_parallax=&#8220;0&#8243; woodmart_gradient_switch=&#8220;no&#8220; row_reverse_mobile=&#8220;0&#8243; row_reverse_tablet=&#8220;0&#8243; woodmart_disable_overflow=&#8220;0&#8243;][vc_column][rev_slider slidertitle=&#8220;Alojamientos&#8220; alias=&#8220;home-1&#8243;][\/vc_column][\/vc_row][vc_row css=&#8220;.vc_custom_1583408251969{margin-top: 30px !important;}&#8220; mobile_bg_img_hidden=&#8220;no&#8220; tablet_bg_img_hidden=&#8220;no&#8220; woodmart_parallax=&#8220;0&#8243; woodmart_gradient_switch=&#8220;no&#8220; row_reverse_mobile=&#8220;0&#8243; row_reverse_tablet=&#8220;0&#8243; woodmart_disable_overflow=&#8220;0&#8243;][vc_column mobile_bg_img_hidden=&#8220;no&#8220; tablet_bg_img_hidden=&#8220;no&#8220; woodmart_parallax=&#8220;0&#8243; woodmart_sticky_column=&#8220;false&#8220; parallax_scroll=&#8220;no&#8220; mobile_reset_margin=&#8220;no&#8220; tablet_reset_margin=&#8220;no&#8220;][vc_row_inner css=&#8220;.vc_custom_1582809275292{margin-bottom: 40px !important;}&#8220; row_reverse_mobile=&#8220;0&#8243; row_reverse_tablet=&#8220;0&#8243;][vc_column_inner]\n\t\t<div id=\"wd-5e8ee035d7656\" class=\"title-wrapper wd-wpb wd-set-mb reset-last-child  wd-rs-5e8ee035d7656 wd-title-color-default wd-title-style-default text-center vc_custom_1586421821246 wd-underline-colored\">\n\t\t\t\t\t\t\t\n\t\t\t\t<div class=\"title-subtitle  subtitle-color-default font-alt subtitle-style-default wd-font-weight-600 wd-fontsize-xs\">Verbinden<\/div>\n\t\t\t\n\t\t\t<div class=\"liner-continer\">\n\t\t\t\t<h1 class=\"woodmart-title-container title  wd-font-weight-100 wd-fontsize-xl\" >SUSTAINABLE TOURISM<\/h1>\n\t\t\t\t\t\t\t<\/div>\n\t\t\t\n\t\t\t\n\t\t\t\n\t\t<\/div>\n\t\t\n\t\t[\/vc_column_inner][\/vc_row_inner][\/vc_column][\/vc_row][vc_row mobile_bg_img_hidden=&#8220;no&#8220; tablet_bg_img_hidden=&#8220;no&#8220; woodmart_parallax=&#8220;0&#8243; woodmart_gradient_switch=&#8220;no&#8220; row_reverse_mobile=&#8220;0&#8243; row_reverse_tablet=&#8220;0&#8243; woodmart_disable_overflow=&#8220;0&#8243; css=&#8220;.vc_custom_1583409840705{margin-bottom: 20px !important;}&#8220; el_id=&#8220;elcorazondelaisla&#8220;][vc_column width=&#8220;1\/2&#8243;][vc_single_image image=&#8220;13237&#8243; img_size=&#8220;full&#8220; parallax_scroll=&#8220;no&#8220;][\/vc_column][vc_column width=&#8220;1\/2&#8243; css=&#8220;.vc_custom_1582639298314{padding-top: 30px !important;padding-right: 30px !important;padding-bottom: 30px !important;padding-left: 30px !important;}&#8220; mobile_bg_img_hidden=&#8220;no&#8220; tablet_bg_img_hidden=&#8220;no&#8220; woodmart_parallax=&#8220;0&#8243; woodmart_sticky_column=&#8220;false&#8220; parallax_scroll=&#8220;no&#8220; mobile_reset_margin=&#8220;no&#8220; tablet_reset_margin=&#8220;no&#8220;]\n\t\t<div id=\"wd-5e60e6587d4f0\" class=\"title-wrapper wd-wpb wd-set-mb reset-last-child  wd-rs-5e60e6587d4f0 wd-title-color-default wd-title-style-default text-left vc_custom_1583408737195 wd-underline-colored\">\n\t\t\t\n\t\t\t<div class=\"liner-continer\">\n\t\t\t\t<h4 class=\"woodmart-title-container title  wd-font-weight-300 wd-fontsize-xl\" >DAS HERZ DER INSEL<\/h4>\n\t\t\t\t\t\t\t<\/div>\n\t\t\t\n\t\t\t\n\t\t\t\n\t\t<\/div>\n\t\t\n\t\t[vc_column_text text_larger=&#8220;no&#8220;]Tenicosquey liegt im Herzen von Fuerteventura, einem Natur- und W\u00fcstengebiet, in dem die Natur der einzige Protagonist ist.<\/p>\n<p>Casa Pilar, Casa Aurora und Casa Tarabilla liegen zwischen Los Cuchillos de Viag\u00e1n und dem gesch\u00fctzten Naturraum von Malpa\u00eds Grande. Die Vegetation ist sp\u00e4rlich, der Horizont von T\u00e4lern und Messern bedeckt.<\/p>\n<p>Diese Unterk\u00fcnfte befinden sich im Zentrum des Biosph\u00e4renreservats und bieten eine einzigartige Lage, in der Sie sich mit der wildesten und einzigartigsten Landschaft der Insel verbinden k\u00f6nnen.[\/vc_column_text]<div id=\"wd-5e8c8a00d0010\" class=\" wd-rs-5e8c8a00d0010  wd-button-wrapper text-center\"><a href=\"https:\/\/verdeaurora.com\/de\/sustainable-tourism\/laendliche-haeuser\/\" title=\"L\u00c4NDLICHE H\u00c4USER\" class=\"btn btn-color-primary btn-style-default btn-shape-rectangle btn-size-default btn-full-width\" target=\"_blank\" rel=\"noopener\">SIEHE ALLE UNTERK\u00dcNFTE<\/a><\/div>[\/vc_column][\/vc_row][vc_row mobile_bg_img_hidden=&#8220;no&#8220; tablet_bg_img_hidden=&#8220;no&#8220; woodmart_parallax=&#8220;0&#8243; woodmart_gradient_switch=&#8220;no&#8220; row_reverse_mobile=&#8220;0&#8243; row_reverse_tablet=&#8220;0&#8243; woodmart_disable_overflow=&#8220;0&#8243; css=&#8220;.vc_custom_1583408347450{margin-bottom: 35px !important;}&#8220;][vc_column width=&#8220;1\/2&#8243;][vc_single_image image=&#8220;13243&#8243; img_size=&#8220;full&#8220; parallax_scroll=&#8220;no&#8220;][\/vc_column][vc_column width=&#8220;1\/2&#8243; css=&#8220;.vc_custom_1582639298314{padding-top: 30px !important;padding-right: 30px !important;padding-bottom: 30px !important;padding-left: 30px !important;}&#8220; mobile_bg_img_hidden=&#8220;no&#8220; tablet_bg_img_hidden=&#8220;no&#8220; woodmart_parallax=&#8220;0&#8243; woodmart_sticky_column=&#8220;false&#8220; parallax_scroll=&#8220;no&#8220; mobile_reset_margin=&#8220;no&#8220; tablet_reset_margin=&#8220;no&#8220;]\n\t\t<div id=\"wd-5e60e4f0ee211\" class=\"title-wrapper wd-wpb wd-set-mb reset-last-child  wd-rs-5e60e4f0ee211 wd-title-color-default wd-title-style-default text-left  wd-underline-colored\">\n\t\t\t\n\t\t\t<div class=\"liner-continer\">\n\t\t\t\t<h4 class=\"woodmart-title-container title  wd-font-weight-300 wd-fontsize-xl\" >NORDEN VOR DEM MEER<\/h4>\n\t\t\t\t\t\t\t<\/div>\n\t\t\t\n\t\t\t\n\t\t\t\n\t\t<\/div>\n\t\t\n\t\t[vc_column_text text_larger=&#8220;no&#8220;]<br \/>\nIn La Oliva liegt die Stadt El Cotillo. Und dort die Matrosenwohnungen.<\/p>\n<p>Enge Gassen mit dem traditionellen Charme von Fischerd\u00f6rfern, \u00fcbers\u00e4t mit merkw\u00fcrdigen und unerwarteten Ecken.<\/p>\n<p>Die lokale Bev\u00f6lkerung mischt sich mit Reisenden, die von der Sch\u00f6nheit des Ortes angezogen werden, ebenso wie Seeleute f\u00fcr das Lied einer Meerjungfrau.<\/p>\n<p>Die Morgend\u00e4mmerung winkt dem Atlantik zu und verabschiedet sich von einem anderen Tag in Begleitung eines spektakul\u00e4ren Sonnenuntergangs.<br \/>\n[\/vc_column_text]<div id=\"wd-5e8c8a0f22e8b\" class=\" wd-rs-5e8c8a0f22e8b  wd-button-wrapper text-center\"><a href=\"https:\/\/verdeaurora.com\/de\/sustainable-tourism\/laendliche-haeuser\/\" title=\"L\u00c4NDLICHE H\u00c4USER\" class=\"btn btn-color-primary btn-style-default btn-shape-rectangle btn-size-default btn-full-width\" target=\"_blank\" rel=\"noopener\">SIEHE ALLE UNTERK\u00dcNFTE<\/a><\/div>[\/vc_column][\/vc_row][vc_row mobile_bg_img_hidden=&#8220;no&#8220; tablet_bg_img_hidden=&#8220;no&#8220; woodmart_parallax=&#8220;0&#8243; woodmart_gradient_switch=&#8220;no&#8220; row_reverse_mobile=&#8220;0&#8243; row_reverse_tablet=&#8220;0&#8243; woodmart_disable_overflow=&#8220;0&#8243; css=&#8220;.vc_custom_1583408347450{margin-bottom: 35px !important;}&#8220;][vc_column width=&#8220;1\/2&#8243;][vc_single_image image=&#8220;13952&#8243; img_size=&#8220;full&#8220; parallax_scroll=&#8220;no&#8220;][\/vc_column][vc_column width=&#8220;1\/2&#8243; css=&#8220;.vc_custom_1582639298314{padding-top: 30px !important;padding-right: 30px !important;padding-bottom: 30px !important;padding-left: 30px !important;}&#8220; mobile_bg_img_hidden=&#8220;no&#8220; tablet_bg_img_hidden=&#8220;no&#8220; woodmart_parallax=&#8220;0&#8243; woodmart_sticky_column=&#8220;false&#8220; parallax_scroll=&#8220;no&#8220; mobile_reset_margin=&#8220;no&#8220; tablet_reset_margin=&#8220;no&#8220;]\n\t\t<div id=\"wd-5eb901cd2e92c\" class=\"title-wrapper wd-wpb wd-set-mb reset-last-child  wd-rs-5eb901cd2e92c wd-title-color-default wd-title-style-default text-left  wd-underline-colored\">\n\t\t\t\n\t\t\t<div class=\"liner-continer\">\n\t\t\t\t<h4 class=\"woodmart-title-container title  wd-font-weight-300 wd-fontsize-xl\" >ZWISCHEN DEM MEER UND DEN BERGEN<\/h4>\n\t\t\t\t\t\t\t<\/div>\n\t\t\t\n\t\t\t\n\t\t\t\n\t\t<\/div>\n\t\t\n\t\t[vc_column_text text_larger=&#8220;no&#8220;]<\/p>\n<p class=\"p1\">Nur wenige Kilometer von den wilden Str\u00e4nden von El Cotillo, dem magischen Berg Tindaya und den Malpa\u00eds de la Mascona, den Symbolen des Biosph\u00e4renreservats Fuerteventura, entfernt.<\/p>\n<p>Casa Tile ist ein jahrhundertealtes traditionelles Haus aus Majorera, das alte Architektur mit modernem Komfort verbindet, was es besonders komfortabel macht. Mehrere Generationen der Familie Mesa haben hier gelebt, und jetzt m\u00f6chten sie, dass Sie es als eine weitere genie\u00dfen.[\/vc_column_text]<div id=\"wd-5e8c8a0f22e8b\" class=\" wd-rs-5e8c8a0f22e8b  wd-button-wrapper text-center\"><a href=\"https:\/\/verdeaurora.com\/de\/sustainable-tourism\/laendliche-haeuser\/\" title=\"L\u00c4NDLICHE H\u00c4USER\" class=\"btn btn-color-primary btn-style-default btn-shape-rectangle btn-size-default btn-full-width\" target=\"_blank\" rel=\"noopener\">SIEHE ALLE UNTERK\u00dcNFTE<\/a><\/div>[\/vc_column][\/vc_row][vc_row disable_element=&#8220;yes&#8220; mobile_bg_img_hidden=&#8220;no&#8220; tablet_bg_img_hidden=&#8220;no&#8220; woodmart_parallax=&#8220;0&#8243; woodmart_gradient_switch=&#8220;no&#8220; row_reverse_mobile=&#8220;0&#8243; row_reverse_tablet=&#8220;0&#8243; woodmart_disable_overflow=&#8220;0&#8243;][vc_column mobile_bg_img_hidden=&#8220;no&#8220; tablet_bg_img_hidden=&#8220;no&#8220; woodmart_parallax=&#8220;0&#8243; woodmart_sticky_column=&#8220;false&#8220; parallax_scroll=&#8220;no&#8220; mobile_reset_margin=&#8220;no&#8220; tablet_reset_margin=&#8220;no&#8220;][vc_row_inner row_reverse_mobile=&#8220;0&#8243; row_reverse_tablet=&#8220;0&#8243; css=&#8220;.vc_custom_1584526567274{padding-bottom: 20px !important;}&#8220;][vc_column_inner]\n\t\t<div id=\"wd-5e60e6ab96772\" class=\"title-wrapper wd-wpb wd-set-mb reset-last-child  wd-rs-5e60e6ab96772 wd-title-color-default wd-title-style-default text-center vc_custom_1583408822247 wd-underline-colored\">\n\t\t\t\n\t\t\t<div class=\"liner-continer\">\n\t\t\t\t<h4 class=\"woodmart-title-container title  wd-font-weight-100 wd-fontsize-xl\" >ZU IHRER MASSNAHME<\/h4>\n\t\t\t\t\t\t\t<\/div>\n\t\t\t\n\t\t\t\n\t\t\t\n\t\t<\/div>\n\t\t\n\t\t[\/vc_column_inner][\/vc_row_inner][vc_row_inner][vc_column_inner width=&#8220;1\/4&#8243; css=&#8220;.vc_custom_1584609628720{margin-bottom: 40px !important;}&#8220;][vc_icon icon_fontawesome=&#8220;fas fa-hiking&#8220; color=&#8220;custom&#8220; size=&#8220;xl&#8220; align=&#8220;center&#8220; custom_color=&#8220;#d1d1d1&#8243;]<div id=\"wd-5e71f59663928\" class=\" wd-rs-5e71f59663928  wd-button-wrapper text-center\"><a href=\"https:\/\/verdeaurora.com\/sustainable-tourism\/aventura-solitario\/\" title=\"\" class=\"btn btn-color-primary btn-style-default btn-shape-rectangle btn-size-default btn-full-width\" target=\"_blank\" rel=\"noopener\">Solo-Abenteuer<\/a><\/div>[\/vc_column_inner][vc_column_inner width=&#8220;1\/4&#8243; css=&#8220;.vc_custom_1584609638399{margin-bottom: 40px !important;}&#8220;][vc_icon icon_fontawesome=&#8220;fas fa-heart&#8220; color=&#8220;custom&#8220; size=&#8220;xl&#8220; align=&#8220;center&#8220; custom_color=&#8220;#d1d1d1&#8243;]<div id=\"wd-5e71f5a6aa8d7\" class=\" wd-rs-5e71f5a6aa8d7  wd-button-wrapper text-center\"><a href=\"https:\/\/verdeaurora.com\/sustainable-tourism\/escapada-en-pareja\/\" title=\"Paare entkommen\" class=\"btn btn-color-primary btn-style-default btn-shape-rectangle btn-size-default btn-full-width\" target=\"_blank\" rel=\"noopener\">Paare entkommen<\/a><\/div>[\/vc_column_inner][vc_column_inner width=&#8220;1\/4&#8243; css=&#8220;.vc_custom_1584609646813{margin-bottom: 40px !important;}&#8220;][vc_icon icon_fontawesome=&#8220;fas fa-plane-departure&#8220; color=&#8220;custom&#8220; size=&#8220;xl&#8220; align=&#8220;center&#8220; custom_color=&#8220;#d1d1d1&#8243;]<div id=\"wd-5e71f5bccbf0b\" class=\" wd-rs-5e71f5bccbf0b  wd-button-wrapper text-center\"><a href=\"https:\/\/verdeaurora.com\/sustainable-tourism\/familias-viajeras\/\" title=\"Reisende Familien\" class=\"btn btn-color-primary btn-style-default btn-shape-rectangle btn-size-default btn-full-width\" target=\"_blank\" rel=\"noopener\">Reisende Familien<\/a><\/div>[\/vc_column_inner][vc_column_inner width=&#8220;1\/4&#8243;][vc_icon icon_fontawesome=&#8220;fas fa-user-friends&#8220; color=&#8220;custom&#8220; size=&#8220;xl&#8220; align=&#8220;center&#8220; custom_color=&#8220;#d1d1d1&#8243;]<div id=\"wd-5e71f5cbca210\" class=\" wd-rs-5e71f5cbca210  wd-button-wrapper text-center\"><a href=\"https:\/\/verdeaurora.com\/sustainable-tourism\/team-building\/\" title=\"Team Building\" class=\"btn btn-color-primary btn-style-default btn-shape-rectangle btn-size-default btn-full-width\" target=\"_blank\" rel=\"noopener\">Team Building<\/a><\/div>[\/vc_column_inner][\/vc_row_inner][\/vc_column][\/vc_row][vc_row full_width=&#8220;stretch_row&#8220; mobile_bg_img_hidden=&#8220;no&#8220; tablet_bg_img_hidden=&#8220;no&#8220; woodmart_parallax=&#8220;0&#8243; woodmart_gradient_switch=&#8220;no&#8220; row_reverse_mobile=&#8220;0&#8243; row_reverse_tablet=&#8220;0&#8243; woodmart_disable_overflow=&#8220;0&#8243; css=&#8220;.vc_custom_1583409640542{margin-top: 50px !important;padding-top: 30px !important;padding-bottom: 30px !important;background-color: rgba(96,96,96,0.15) !important;*background-color: rgb(96,96,96) !important;}&#8220;][vc_column width=&#8220;1\/2&#8243;][vc_single_image image=&#8220;13254&#8243; img_size=&#8220;full&#8220; parallax_scroll=&#8220;no&#8220;][\/vc_column][vc_column width=&#8220;1\/2&#8243; css=&#8220;.vc_custom_1582639298314{padding-top: 30px !important;padding-right: 30px !important;padding-bottom: 30px !important;padding-left: 30px !important;}&#8220; mobile_bg_img_hidden=&#8220;no&#8220; tablet_bg_img_hidden=&#8220;no&#8220; woodmart_parallax=&#8220;0&#8243; woodmart_sticky_column=&#8220;false&#8220; parallax_scroll=&#8220;no&#8220; mobile_reset_margin=&#8220;no&#8220; tablet_reset_margin=&#8220;no&#8220;]\n\t\t<div id=\"wd-5e60e988f0599\" class=\"title-wrapper wd-wpb wd-set-mb reset-last-child  wd-rs-5e60e988f0599 wd-title-color-default wd-title-style-default text-left vc_custom_1583409552661 wd-underline-colored\">\n\t\t\t\n\t\t\t<div class=\"liner-continer\">\n\t\t\t\t<h4 class=\"woodmart-title-container title  wd-font-weight-300 wd-fontsize-xl\" >\u00d6KOTOURISMUS<\/h4>\n\t\t\t\t\t\t\t<\/div>\n\t\t\t\n\t\t\t\n\t\t\t\n\t\t<\/div>\n\t\t\n\t\t[vc_column_text text_larger=&#8220;no&#8220;]<br \/>\nAuf der Verdeaurora Bio Farm m\u00f6chten wir einen nachhaltigen Tourismus f\u00f6rdern und die Umweltauswirkungen unserer Unterk\u00fcnfte so gering wie m\u00f6glich halten.<br \/>\n[\/vc_column_text]<div id=\"wd-5e8c8a4a33eeb\" class=\" wd-rs-5e8c8a4a33eeb  wd-button-wrapper text-center\"><a href=\"https:\/\/verdeaurora.com\/de\/projekt\/#accionessostenibles\" title=\"\" class=\"btn btn-color-primary btn-style-default btn-shape-rectangle btn-size-default btn-full-width\" target=\"_blank\" rel=\"noopener\">Nachhaltigkeitsprojekt<\/a><\/div>[\/vc_column][\/vc_row][vc_row full_width=&#8220;stretch_row&#8220; mobile_bg_img_hidden=&#8220;no&#8220; tablet_bg_img_hidden=&#8220;no&#8220; woodmart_parallax=&#8220;0&#8243; woodmart_gradient_switch=&#8220;no&#8220; row_reverse_mobile=&#8220;0&#8243; row_reverse_tablet=&#8220;0&#8243; woodmart_disable_overflow=&#8220;0&#8243; css=&#8220;.vc_custom_1585574796679{margin-bottom: -40px !important;padding-top: 50px !important;padding-bottom: 50px !important;background-image: url(https:\/\/gallant-thompson.87-106-228-167.plesk.page\/wp-content\/uploads\/2020\/03\/FEEDBACK-CLIENTES.png?id=13215) !important;background-position: center !important;background-repeat: no-repeat !important;background-size: cover !important;}&#8220;][vc_column][vc_column_text text_larger=&#8220;no&#8220;]<style data-type=\"vc_shortcodes-custom-css\">.vc_custom_1576509290039{padding-top: 30px !important;padding-bottom: 30px !important;}<\/style><div class=\"wpb-content-wrapper\">[vc_row][vc_column][vc_row_inner css=\".vc_custom_1576509290039{padding-top: 30px !important;padding-bottom: 30px !important;}\" row_reverse_mobile=\"0\" row_reverse_tablet=\"0\"][vc_column_inner]\t\t\t<div id=\"wd-6a0115a73123e\" class=\"testimonials testimon-style-standard color-scheme- wd-fontsize-m testimon-align-center  wd-carousel-container wd-carousel-dis-mb wd-off-md wd-off-sm\">\n\t\t\t\t\n\t\t\t\t\t\t\t\t\t<div class=\"wd-carousel-inner\">\n\t\t\t\t\t\t\t\t<div class=\" wd-carousel wd-grid\" data-speed=\"12000\" data-autoplay=\"yes\" data-scroll_per_page=\"yes\" style=\"--wd-col-lg:1;--wd-col-md:1;--wd-col-sm:1;--wd-gap-lg:30px;--wd-gap-sm:10px;\">\n\t\t\t\t\t\t\t\t\t\t\t<div class=\"wd-carousel-wrap\">\n\t\t\t\t\t\n\t\t\t\t\t\n<div class=\"testimonial  wd-carousel-item\">\n\t<div class=\"testimonial-inner\">\n\t\t\n\t\t<div class=\"testimonial-content\">\n\t\t\t<div class=\"testimonial-rating\">\n\t\t\t\t<span class=\"star-rating\">\n\t\t\t\t\t<span style=\"width:100%\"><\/span>\n\t\t\t\t<\/span>\n\t\t\t<\/div>\n\n\t\t\t<span style=\"color: #ffffff;\"><em>Nur wenige Ferienh\u00e4user sind mit der Liebe zum Detail eingerichtet wie Casa Tile. Vielen Dank f\u00fcr Ihre Gro\u00dfz\u00fcgigkeit! Es war ein Vergn\u00fcgen, dieses Haus und diese sch\u00f6ne und faszinierende Insel zu genie\u00dfen. Wir werden sicher wiederkommen!<\/em><\/span>\r\n\r\n<span style=\"color: #ffffff;\"><em>Familie Spelt<\/em><\/span>\n\t\t\t<footer>\n\t\t\t\t\n\t\t\t\t\t\t\t<\/footer>\n\t\t<\/div>\n\t<\/div>\n<\/div>\n<div class=\"testimonial  wd-carousel-item\">\n\t<div class=\"testimonial-inner\">\n\t\t\n\t\t<div class=\"testimonial-content\">\n\t\t\t<div class=\"testimonial-rating\">\n\t\t\t\t<span class=\"star-rating\">\n\t\t\t\t\t<span style=\"width:100%\"><\/span>\n\t\t\t\t<\/span>\n\t\t\t<\/div>\n\n\t\t\t<em><span style=\"color: #ffffff;\">Wir waren in der Casa Pilar und es war toll. Wir gingen dorthin, um uns zu entspannen, und wir haben es geschafft.<\/span><\/em>\r\n\r\n<em><span style=\"color: #ffffff;\">Elizabeth<\/span><\/em>\n\t\t\t<footer>\n\t\t\t\t\n\t\t\t\t\t\t\t<\/footer>\n\t\t<\/div>\n\t<\/div>\n<\/div>\n<div class=\"testimonial  wd-carousel-item\">\n\t<div class=\"testimonial-inner\">\n\t\t\n\t\t<div class=\"testimonial-content\">\n\t\t\t<div class=\"testimonial-rating\">\n\t\t\t\t<span class=\"star-rating\">\n\t\t\t\t\t<span style=\"width:100%\"><\/span>\n\t\t\t\t<\/span>\n\t\t\t<\/div>\n\n\t\t\t<em><span style=\"color: #ffffff;\">Wir waren vier M\u00e4dchen, die in Casa Aurora wohnten und eine tolle Zeit hatten. Das Haus ist wundersch\u00f6n, privat, in der Mitte der Insel und perfekt f\u00fcr uns zum Erkunden.<\/span><\/em>\r\n\r\n<em><span style=\"color: #ffffff;\">Evelina<\/span><\/em>\n\t\t\t<footer>\n\t\t\t\t\n\t\t\t\t\t\t\t<\/footer>\n\t\t<\/div>\n\t<\/div>\n<\/div>\n<div class=\"testimonial  wd-carousel-item\">\n\t<div class=\"testimonial-inner\">\n\t\t\n\t\t<div class=\"testimonial-content\">\n\t\t\t<div class=\"testimonial-rating\">\n\t\t\t\t<span class=\"star-rating\">\n\t\t\t\t\t<span style=\"width:100%\"><\/span>\n\t\t\t\t<\/span>\n\t\t\t<\/div>\n\n\t\t\t<em><span style=\"color: #ffffff;\">Es waren vier wunderbare Tage voller Emotionen und gro\u00dfer Momente. Die T\u00fcr zu \u00f6ffnen und das Meer direkt vor sich zu sehen, ist ein Wunder. Einfache, aber sehr angenehme Wohnung, eine sch\u00f6ne Insel, auf die wir zur\u00fcckkehren werden...<\/span><\/em>\r\n\r\n<em><span style=\"color: #ffffff;\">Familie Fontenla Peralta<\/span><\/em>\n\t\t\t<footer>\n\t\t\t\t\n\t\t\t\t\t\t\t<\/footer>\n\t\t<\/div>\n\t<\/div>\n<\/div>\n<div class=\"testimonial  wd-carousel-item\">\n\t<div class=\"testimonial-inner\">\n\t\t\n\t\t<div class=\"testimonial-content\">\n\t\t\t<div class=\"testimonial-rating\">\n\t\t\t\t<span class=\"star-rating\">\n\t\t\t\t\t<span style=\"width:100%\"><\/span>\n\t\t\t\t<\/span>\n\t\t\t<\/div>\n\n\t\t\t<em><span style=\"color: #ffffff;\">Unser Gef\u00fchl ist immer unschlagbar. Deshalb kommen wir immer wieder zur\u00fcck. Unser letzter Aufenthalt war in der Casa Aurora, aber wir hatten auch das Vergn\u00fcgen, die Casa Pilar zu genie\u00dfen.<\/span><\/em>\r\n\r\n<em><span style=\"color: #ffffff;\">Lorea<\/span><\/em>\n\t\t\t<footer>\n\t\t\t\t\n\t\t\t\t\t\t\t<\/footer>\n\t\t<\/div>\n\t<\/div>\n<\/div>\n<div class=\"testimonial  wd-carousel-item\">\n\t<div class=\"testimonial-inner\">\n\t\t\n\t\t<div class=\"testimonial-content\">\n\t\t\t<div class=\"testimonial-rating\">\n\t\t\t\t<span class=\"star-rating\">\n\t\t\t\t\t<span style=\"width:100%\"><\/span>\n\t\t\t\t<\/span>\n\t\t\t<\/div>\n\n\t\t\t<em><span style=\"color: #ffffff;\">Ich bin mir sicher, wenn diese Steine Geschichten erz\u00e4hlen w\u00fcrden... sie w\u00fcrden alle von gl\u00fccklichen Menschen handeln. Und es ist nur so, dass es in diesem Haus unm\u00f6glich ist, nicht zu sein! Alles wird mit Geschmack und Liebe zubereitet, damit wir es genie\u00dfen k\u00f6nnen, und die Befolgung von Cloti's Empfehlungen l\u00e4sst auch Sie diese sch\u00f6ne Insel genie\u00dfen. Vielen Dank f\u00fcr alles. Es war mein bisher bester Geburtstag. Und wir werden zur\u00fcckkommen... ganz sicher. Tausend K\u00fcsse von zwei Goten, die sich in die Insel verliebt haben.<\/span><\/em>\r\n\r\n<em><span style=\"color: #ffffff;\">Alvaro und Marta<\/span><\/em>\n\t\t\t<footer>\n\t\t\t\t\n\t\t\t\t\t\t\t<\/footer>\n\t\t<\/div>\n\t<\/div>\n<\/div>\n\t\t\t\t\t\t\t\t\t\t\t<\/div>\n\t\t\t\t\t\t\t\t\t<\/div>\n\n\t\t\t\t\t\t\t\t\t\t\t\t\t\t\t\t\t<div class=\"wd-nav-arrows wd-pos-sep wd-hover-1 wd-icon-1\">\n\t\t\t<div class=\"wd-btn-arrow wd-prev wd-disabled\">\n\t\t\t\t<div class=\"wd-arrow-inner\"><\/div>\n\t\t\t<\/div>\n\t\t\t<div class=\"wd-btn-arrow wd-next\">\n\t\t\t\t<div class=\"wd-arrow-inner\"><\/div>\n\t\t\t<\/div>\n\t\t<\/div>\n\t\t\t\t\t\t\t\n\t\t\t\t\t<\/div>\n\n\t\t\t\t\t\t\t<div class=\"wd-nav-pagin-wrap text-center wd-style-shape wd-hide-md-sm wd-hide-sm\">\n\t\t\t<ul class=\"wd-nav-pagin\"><\/ul>\n\t\t<\/div>\n\t\t\t\t\t\t\t\t\t\t\t\t\t\t<\/div>\n\t\t[\/vc_column_inner][\/vc_row_inner][\/vc_column][\/vc_row]<\/div>[\/vc_column_text][\/vc_column][\/vc_row]<\/p>\n<\/div>","protected":false},"excerpt":{"rendered":"<p>[vc_row css=&#8220;.vc_custom_1583323344336{margin-top: -50px !important;}&#8220; mobile_bg_img_hidden=&#8220;no&#8220; tablet_bg_img_hidden=&#8220;no&#8220; woodmart_parallax=&#8220;0&#8243; woodmart_gradient_switch=&#8220;no&#8220; row_reverse_mobile=&#8220;0&#8243; row_reverse_tablet=&#8220;0&#8243; woodmart_disable_overflow=&#8220;0&#8243;][vc_column][rev_slider slidertitle=&#8220;Alojamientos&#8220; alias=&#8220;home-1&#8243;][\/vc_column][\/vc_row][vc_row css=&#8220;.vc_custom_1583408251969{margin-top: 30px !important;}&#8220; mobile_bg_img_hidden=&#8220;no&#8220; tablet_bg_img_hidden=&#8220;no&#8220; woodmart_parallax=&#8220;0&#8243; woodmart_gradient_switch=&#8220;no&#8220;<\/p>\n","protected":false},"author":6431,"featured_media":0,"parent":0,"menu_order":0,"comment_status":"closed","ping_status":"closed","template":"","meta":{"footnotes":""},"class_list":["post-13944","page","type-page","status-publish","hentry"],"_links":{"self":[{"href":"https:\/\/optimistic-curran.87-106-228-167.plesk.page\/de\/wp-json\/wp\/v2\/pages\/13944","targetHints":{"allow":["GET"]}}],"collection":[{"href":"https:\/\/optimistic-curran.87-106-228-167.plesk.page\/de\/wp-json\/wp\/v2\/pages"}],"about":[{"href":"https:\/\/optimistic-curran.87-106-228-167.plesk.page\/de\/wp-json\/wp\/v2\/types\/page"}],"author":[{"embeddable":true,"href":"https:\/\/optimistic-curran.87-106-228-167.plesk.page\/de\/wp-json\/wp\/v2\/users\/6431"}],"replies":[{"embeddable":true,"href":"https:\/\/optimistic-curran.87-106-228-167.plesk.page\/de\/wp-json\/wp\/v2\/comments?post=13944"}],"version-history":[{"count":0,"href":"https:\/\/optimistic-curran.87-106-228-167.plesk.page\/de\/wp-json\/wp\/v2\/pages\/13944\/revisions"}],"wp:attachment":[{"href":"https:\/\/optimistic-curran.87-106-228-167.plesk.page\/de\/wp-json\/wp\/v2\/media?parent=13944"}],"curies":[{"name":"wp","href":"https:\/\/api.w.org\/{rel}","templated":true}]}}