{"id":14087,"date":"2020-04-06T19:27:48","date_gmt":"2020-04-06T19:27:48","guid":{"rendered":"https:\/\/gallant-thompson.87-106-228-167.plesk.page\/v2\/home\/"},"modified":"2026-04-23T09:07:26","modified_gmt":"2026-04-23T09:07:26","slug":"home","status":"publish","type":"page","link":"https:\/\/optimistic-curran.87-106-228-167.plesk.page\/de\/","title":{"rendered":"Home"},"content":{"rendered":"<div class=\"wpb-content-wrapper\"><p>[vc_row content_placement=&#8220;top&#8220; mobile_bg_img_hidden=&#8220;no&#8220; tablet_bg_img_hidden=&#8220;no&#8220; woodmart_parallax=&#8220;0&#8243; woodmart_gradient_switch=&#8220;no&#8220; row_reverse_mobile=&#8220;0&#8243; row_reverse_tablet=&#8220;0&#8243; woodmart_disable_overflow=&#8220;0&#8243; css=&#8220;.vc_custom_1648656631892{margin-bottom: 40px !important;}&#8220; el_id=&#8220;Erfahrungen&#8220; woodmart_css_id=&#8220;624480e5d8f0c&#8220; woodmart_box_shadow=&#8220;no&#8220; wd_z_index=&#8220;no&#8220;][vc_column width=&#8220;1\/3&#8243;][vc_single_image image=&#8220;26704&#8243; img_size=&#8220;250&#215;250&#8243; alignment=&#8220;center&#8220; style=&#8220;vc_box_outline_circle_2&#8243; onclick=&#8220;custom_link&#8220; parallax_scroll=&#8220;no&#8220; woodmart_inline=&#8220;no&#8220; link=&#8220;https:\/\/gallant-thompson.87-106-228-167.plesk.page\/de\/?page_id=13578&#8243; el_class=&#8220;lcp-image&#8220;]\n\t\t<div id=\"wd-6602cfa427759\" class=\"title-wrapper wd-wpb wd-set-mb reset-last-child  wd-rs-6602cfa427759 wd-title-color-default wd-title-style-default text-center vc_custom_1711460277056 wd-underline-colored\">\n\t\t\t\t\t\t\t\n\t\t\t\t<div class=\"title-subtitle  subtitle-color-default font-alt subtitle-style-default wd-font-weight-600 wd-fontsize-xs\">Achten Sie auf sich selbst<\/div>\n\t\t\t\n\t\t\t<div class=\"liner-continer\">\n\t\t\t\t<h4 class=\"woodmart-title-container title  wd-font-weight-100 wd-fontsize-xl\" >ALOE VERA PRODUCTS<\/h4>\n\t\t\t\t\t\t\t<\/div>\n\t\t\t\n\t\t\t\t\t\t\t<div class=\"title-after_title reset-last-child  wd-fontsize-s\">Nat\u00fcrliche Produkte aus Aloe Vera und Bio-Oliven\u00f6l f\u00fcr die Pflege von Ihnen und Ihren Lieben.<\/div>\n\t\t\t\n\t\t\t\n\t\t<\/div>\n\t\t\n\t\t<div id=\"wd-68fb3af5e5e03\" class=\" wd-rs-68fb3af5e5e03  wd-button-wrapper text-center\"><a href=\"https:\/\/verdeaurora.com\/de\/?page_id=13578\" title=\"Siehe Shop\" class=\"btn btn-color-primary btn-style-bordered btn-shape-semi-round btn-size-default\" target=\"_blank\" rel=\"noopener\">Produkte erhalten<\/a><\/div>[\/vc_column][vc_column width=&#8220;1\/3&#8243; mobile_bg_img_hidden=&#8220;no&#8220; tablet_bg_img_hidden=&#8220;no&#8220; woodmart_parallax=&#8220;0&#8243; woodmart_sticky_column=&#8220;false&#8220; parallax_scroll=&#8220;no&#8220; mobile_reset_margin=&#8220;no&#8220; tablet_reset_margin=&#8220;no&#8220; woodmart_css_id=&#8220;6244814802c4a&#8220; wd_collapsible_content_switcher=&#8220;no&#8220; woodmart_box_shadow=&#8220;no&#8220; wd_z_index=&#8220;no&#8220;][vc_single_image image=&#8220;26696&#8243; img_size=&#8220;250&#215;250&#8243; alignment=&#8220;center&#8220; style=&#8220;vc_box_outline_circle_2&#8243; onclick=&#8220;custom_link&#8220; parallax_scroll=&#8220;no&#8220; woodmart_inline=&#8220;no&#8220; link=&#8220;https:\/\/gallant-thompson.87-106-228-167.plesk.page\/de\/sustainable-tourism\/&#8220;]\n\t\t<div id=\"wd-63ad79a5322d9\" class=\"title-wrapper wd-wpb wd-set-mb reset-last-child  wd-rs-63ad79a5322d9 wd-title-color-default wd-title-style-default text-center vc_custom_1672313255804 wd-underline-colored\">\n\t\t\t\t\t\t\t\n\t\t\t\t<div class=\"title-subtitle  subtitle-color-default font-alt subtitle-style-default wd-font-weight-600 wd-fontsize-xs\">Verbinden<\/div>\n\t\t\t\n\t\t\t<div class=\"liner-continer\">\n\t\t\t\t<h4 class=\"woodmart-title-container title  wd-font-weight-100 wd-fontsize-xl\" >LANDH\u00c4USER<\/h4>\n\t\t\t\t\t\t\t<\/div>\n\t\t\t\n\t\t\t\t\t\t\t<div class=\"title-after_title reset-last-child  wd-fontsize-s\">R\u00e4ume, um sich mit sich selbst, mit den Menschen, die Sie lieben, und mit der Natur wieder zu verbinden.<\/div>\n\t\t\t\n\t\t\t\n\t\t<\/div>\n\t\t\n\t\t<div id=\"wd-68fb3b020c4c0\" class=\" wd-rs-68fb3b020c4c0  wd-button-wrapper text-center\"><a href=\"https:\/\/verdeaurora.com\/de\/sustainable-tourism\/\" title=\"Ver Nachhaltiger Tourismus\" class=\"btn btn-color-primary btn-style-bordered btn-shape-semi-round btn-size-default\" target=\"_blank\" rel=\"noopener\">Buchen Sie Ihren Aufenthalt<\/a><\/div>[\/vc_column][vc_column width=&#8220;1\/3&#8243;][vc_single_image image=&#8220;26700&#8243; img_size=&#8220;250&#215;250&#8243; alignment=&#8220;center&#8220; style=&#8220;vc_box_outline_circle_2&#8243; onclick=&#8220;custom_link&#8220; parallax_scroll=&#8220;no&#8220; woodmart_inline=&#8220;no&#8220; link=&#8220;https:\/\/gallant-thompson.87-106-228-167.plesk.page\/de\/fuerteventura-erlebnisse\/&#8220;]\n\t\t<div id=\"wd-63ad79895903d\" class=\"title-wrapper wd-wpb wd-set-mb reset-last-child  wd-rs-63ad79895903d wd-title-color-default wd-title-style-default text-center vc_custom_1672313249971 wd-underline-colored\">\n\t\t\t\t\t\t\t\n\t\t\t\t<div class=\"title-subtitle  subtitle-color-default font-alt subtitle-style-default wd-font-weight-600 wd-fontsize-xs\">Sentir<\/div>\n\t\t\t\n\t\t\t<div class=\"liner-continer\">\n\t\t\t\t<h4 class=\"woodmart-title-container title  wd-font-weight-100 wd-fontsize-xl\" >ERFAHRUNGEN<\/h4>\n\t\t\t\t\t\t\t<\/div>\n\t\t\t\n\t\t\t\t\t\t\t<div class=\"title-after_title reset-last-child  wd-fontsize-s\">Erleben Sie eine einzigartige Erfahrung, die von gro\u00dfen Kennern der Region gef\u00fchrt wird.<\/div>\n\t\t\t\n\t\t\t\n\t\t<\/div>\n\t\t\n\t\t<div id=\"wd-6244856482c34\" class=\" wd-rs-6244856482c34  wd-button-wrapper text-center\"><a href=\"https:\/\/verdeaurora.com\/de\/fuerteventura-erlebnisse\/\" title=\"Siehe Erfahrungen\" class=\"btn btn-color-primary btn-style-bordered btn-shape-semi-round btn-size-default\" target=\"_blank\" rel=\"noopener\">Erleben Sie die Erfahrung<\/a><\/div>[\/vc_column][\/vc_row][vc_row][vc_column][vc_empty_space height=&#8220;40px&#8220; woodmart_hide_large=&#8220;0&#8243; woodmart_hide_medium=&#8220;0&#8243; woodmart_hide_small=&#8220;0&#8243; woodmart_hide_extra_small=&#8220;0&#8243;][vc_separator border_width=&#8220;5&#8243;][\/vc_column][\/vc_row][vc_row css=&#8220;.vc_custom_1582029147088{margin-top: 40px !important;margin-bottom: 40px !important;}&#8220; mobile_bg_img_hidden=&#8220;no&#8220; tablet_bg_img_hidden=&#8220;no&#8220; woodmart_parallax=&#8220;0&#8243; woodmart_gradient_switch=&#8220;no&#8220; row_reverse_mobile=&#8220;0&#8243; row_reverse_tablet=&#8220;0&#8243; woodmart_disable_overflow=&#8220;0&#8243;][vc_column mobile_bg_img_hidden=&#8220;no&#8220; tablet_bg_img_hidden=&#8220;no&#8220; woodmart_parallax=&#8220;0&#8243; woodmart_sticky_column=&#8220;false&#8220; parallax_scroll=&#8220;no&#8220; mobile_reset_margin=&#8220;no&#8220; tablet_reset_margin=&#8220;no&#8220;]\n\t\t<div id=\"wd-5e887665e23ac\" class=\"title-wrapper wd-wpb wd-set-mb reset-last-child  wd-rs-5e887665e23ac wd-title-color-default wd-title-style-default text-center vc_custom_1586001740738 wd-underline-colored\">\n\t\t\t\t\t\t\t\n\t\t\t\t<div class=\"title-subtitle  subtitle-color-default font-alt subtitle-style-default wd-font-weight-600 wd-fontsize-xs\">Fuerteventura Identity<\/div>\n\t\t\t\n\t\t\t<div class=\"liner-continer\">\n\t\t\t\t<h1 class=\"woodmart-title-container title  wd-font-weight-100 wd-fontsize-xl\" >VERDEAURORA BIO FARM \u00b7 EIN MAGISCHER ORT<\/h1>\n\t\t\t\t\t\t\t<\/div>\n\t\t\t\n\t\t\t\n\t\t\t\n\t\t<\/div>\n\t\t\n\t\t[vc_column_text css=&#8220;.vc_custom_1585924858096{padding-right: 30px !important;padding-left: 30px !important;}&#8220; text_larger=&#8220;no&#8220;]Der Bio-Bauernhof Verdeaurora bietet die M\u00f6glichkeit, die Natur von ihrer besten Seite zu erleben, sich mit sich selbst und einer reinen und schadstofffreien Umwelt zu verbinden, in der Tradition und Nachhaltigkeit in perfekter Harmonie koexistieren. In diesem kleinen St\u00fcck Fuerteventura k\u00fcmmern wir uns um das, was uns am wichtigsten ist, unseren Planeten, und wir teilen ihn mit denen, die wir am meisten lieben.<\/p>\n<p>Der Alltag auf dieser typisch mallorquinischen Finca ist gepr\u00e4gt durch den zertifizierten biologischen Anbau von Aloe Vera und Olivenb\u00e4umen zur Herstellung von reinen und nat\u00fcrlichen Pflegeprodukten. Dar\u00fcber hinaus erleben die G\u00e4ste des Biohofs und die Besucher der Insel etwas Einzigartiges: Tags\u00fcber k\u00f6nnen sie jeden Winkel des Hofes erkunden und sich bei Einbruch der Dunkelheit in den Sternenhimmel verlieben.[\/vc_column_text][\/vc_column][\/vc_row][vc_row content_placement=&#8220;bottom&#8220; css=&#8220;.vc_custom_1709556902687{margin-bottom: 30px !important;}&#8220; mobile_bg_img_hidden=&#8220;no&#8220; tablet_bg_img_hidden=&#8220;no&#8220; woodmart_parallax=&#8220;0&#8243; woodmart_gradient_switch=&#8220;no&#8220; row_reverse_mobile=&#8220;0&#8243; row_reverse_tablet=&#8220;0&#8243; woodmart_disable_overflow=&#8220;0&#8243; woodmart_css_id=&#8220;65e5c49690f04&#8243; responsive_spacing=&#8220;eyJwYXJhbV90eXBlIjoid29vZG1hcnRfcmVzcG9uc2l2ZV9zcGFjaW5nIiwic2VsZWN0b3JfaWQiOiI2NWU1YzQ5NjkwZjA0Iiwic2hvcnRjb2RlIjoidmNfcm93IiwiZGF0YSI6eyJ0YWJsZXQiOnt9LCJtb2JpbGUiOnt9fX0=&#8220; woodmart_box_shadow=&#8220;no&#8220; wd_z_index=&#8220;no&#8220;][vc_column][vc_row_inner css=&#8220;.vc_custom_1582811183884{padding-top: 20px !important;padding-right: 70px !important;padding-left: 70px !important;}&#8220; row_reverse_mobile=&#8220;0&#8243; row_reverse_tablet=&#8220;0&#8243;][vc_column_inner width=&#8220;1\/3&#8243;][vc_single_image image=&#8220;26716&#8243; img_size=&#8220;150&#215;150&#8243; alignment=&#8220;center&#8220; onclick=&#8220;custom_link&#8220; parallax_scroll=&#8220;no&#8220; woodmart_inline=&#8220;no&#8220;][vc_column_text text_larger=&#8220;no&#8220;]<\/p>\n<h4 style=\"text-align: center;\">Nachhaltige Produktion und Tourismus<\/h4>\n<p>[\/vc_column_text][\/vc_column_inner][vc_column_inner width=&#8220;1\/3&#8243;][vc_single_image image=&#8220;7940&#8243; img_size=&#8220;150&#215;150&#8243; alignment=&#8220;center&#8220; onclick=&#8220;custom_link&#8220; parallax_scroll=&#8220;no&#8220;][vc_column_text css=&#8220;.vc_custom_1582631870093{margin-bottom: 30px !important;}&#8220; text_larger=&#8220;no&#8220;]<\/p>\n<h4 style=\"text-align: center;\">Lokale Traditionen und Kultur<\/h4>\n<p>[\/vc_column_text][\/vc_column_inner][vc_column_inner width=&#8220;1\/3&#8243;][vc_single_image image=&#8220;26712&#8243; img_size=&#8220;150&#215;150&#8243; alignment=&#8220;center&#8220; onclick=&#8220;custom_link&#8220; parallax_scroll=&#8220;no&#8220; woodmart_inline=&#8220;no&#8220;][vc_column_text text_larger=&#8220;no&#8220;]<\/p>\n<h4 style=\"text-align: center;\">Liebe zur Natur und zu den Menschen<\/h4>\n<p>[\/vc_column_text][\/vc_column_inner][\/vc_row_inner][vc_row_inner css=&#8220;.vc_custom_1583142110241{padding-top: 20px !important;padding-right: 70px !important;padding-left: 70px !important;}&#8220; row_reverse_mobile=&#8220;0&#8243; row_reverse_tablet=&#8220;0&#8243;][vc_column_inner][vc_column_text text_larger=&#8220;no&#8220;]<\/p>\n<p style=\"text-align: center;\">Wir glauben an <a href=\"https:\/\/gallant-thompson.87-106-228-167.plesk.page\/de\/projekt\/#accionessostenibles\">nachhaltiges<\/a> und umweltfreundliches Management, um qualitativ hochwertige Erfahrungen und Produkte zu liefern<\/p>\n<p>[\/vc_column_text][\/vc_column_inner][\/vc_row_inner][vc_empty_space height=&#8220;15px&#8220; woodmart_hide_large=&#8220;0&#8243; woodmart_hide_medium=&#8220;0&#8243; woodmart_hide_small=&#8220;0&#8243; woodmart_hide_extra_small=&#8220;0&#8243;][\/vc_column][\/vc_row][vc_row full_width=&#8220;stretch_row&#8220; mobile_bg_img_hidden=&#8220;no&#8220; tablet_bg_img_hidden=&#8220;no&#8220; woodmart_parallax=&#8220;0&#8243; woodmart_gradient_switch=&#8220;no&#8220; row_reverse_mobile=&#8220;0&#8243; row_reverse_tablet=&#8220;0&#8243; woodmart_disable_overflow=&#8220;0&#8243; css=&#8220;.vc_custom_1759234901086{margin-bottom: 10px !important;padding-top: 100px !important;padding-bottom: 100px !important;background-image: url(https:\/\/gallant-thompson.87-106-228-167.plesk.page\/wp-content\/uploads\/2025\/09\/familia-mesa-mendez-m.webp?id=30429) !important;background-position: center !important;background-repeat: no-repeat !important;background-size: cover !important;}&#8220; woodmart_css_id=&#8220;68dbcb2ac215c&#8220; responsive_spacing=&#8220;eyJwYXJhbV90eXBlIjoid29vZG1hcnRfcmVzcG9uc2l2ZV9zcGFjaW5nIiwic2VsZWN0b3JfaWQiOiI2OGRiY2IyYWMyMTVjIiwic2hvcnRjb2RlIjoidmNfcm93IiwiZGF0YSI6eyJ0YWJsZXQiOnt9LCJtb2JpbGUiOnt9fX0=&#8220; woodmart_box_shadow=&#8220;no&#8220; wd_z_index=&#8220;no&#8220;][vc_column][vc_row_inner css=&#8220;.vc_custom_1585924402079{padding-top: 100px !important;padding-bottom: 120px !important;}&#8220; row_reverse_mobile=&#8220;0&#8243; row_reverse_tablet=&#8220;0&#8243;][vc_column_inner]\n\t\t<div id=\"wd-5e874682d5c44\" class=\"title-wrapper wd-wpb wd-set-mb reset-last-child  wd-rs-5e874682d5c44 wd-title-color-white wd-title-style-default text-left  wd-underline-colored\">\n\t\t\t\n\t\t\t<div class=\"liner-continer\">\n\t\t\t\t<h4 class=\"woodmart-title-container title  wd-font-weight-100 wd-fontsize-xl\" >MESA M\u00c9NDEZ FAMILIE<\/h4>\n\t\t\t\t\t\t\t<\/div>\n\t\t\t\n\t\t\t\t\t\t\t<div class=\"title-after_title reset-last-child  wd-fontsize-s\">Die Verdeaurora Bio Farm besteht aus der dritten Generation der Familie Mesa. Ein Team junger Menschen, die in die Insel Fuerteventura verliebt sind und dieses \u00f6kologische und famili\u00e4re Projekt aus innovativer Sicht leiten, ohne dabei die Wurzeln und Traditionen ihres Landes zu vergessen.<\/div>\n\t\t\t\n\t\t\t\n\t\t<\/div>\n\t\t\n\t\t<div id=\"wd-5e8c8b1507c2a\" class=\" wd-rs-5e8c8b1507c2a  wd-button-wrapper text-left\"><a href=\"https:\/\/verdeaurora.com\/de\/projekt\/\" title=\"Projekt\" class=\"btn btn-color-white btn-style-bordered btn-shape-rectangle btn-size-default\" target=\"_blank\" rel=\"noopener\">Unsere Geschichte<\/a><\/div>[\/vc_column_inner][\/vc_row_inner][\/vc_column][\/vc_row][vc_row full_width=&#8220;no&#8220; button_smooth_scroll_time=&#8220;100&#8243; button_smooth_scroll_offset=&#8220;100&#8243; wd_animation=&#8220;slide-from-right&#8220; wd_animation_duration=&#8220;normal&#8220; style=&#8220;default&#8220; shape=&#8220;semi-round&#8220; size=&#8220;default&#8220; color=&#8220;primary&#8220; color_scheme=&#8220;light&#8220; color_scheme_hover=&#8220;light&#8220; typography_font_weight=&#8220;&#8220; typography_text_transform=&#8220;&#8220; typography_font_style=&#8220;&#8220; align=&#8220;center&#8220; icon_type=&#8220;icon&#8220; image=&#8220;&#8220; icon_library=&#8220;fontawesome&#8220; icon_fontawesome=&#8220;&#8220; icon_position=&#8220;right&#8220; responsive_tabs_hide=&#8220;desktop&#8220; woodmart_css_id=&#8220;686bea25ae314&#8243; title=&#8220;Reserva tu experiencia&#8220; link=&#8220;url:https%3A%2F%2Ffareharbor.com%2Fembeds%2Fbook%2Fverdeaurora%2F%3Ffull-items%3Dyes&#8220; button_inline=&#8220;no&#8220; button_smooth_scroll=&#8220;no&#8220; wd_button_collapsible_content=&#8220;no&#8220; responsive_spacing=&#8220;eyJwYXJhbV90eXBlIjoid29vZG1hcnRfcmVzcG9uc2l2ZV9zcGFjaW5nIiwic2VsZWN0b3JfaWQiOiI2ODZiZWEyNWFlMzE0Iiwic2hvcnRjb2RlIjoid29vZG1hcnRfYnV0dG9uIiwiZGF0YSI6eyJ0YWJsZXQiOnt9LCJtb2JpbGUiOnt9fX0=&#8220; wd_hide_on_desktop=&#8220;no&#8220; wd_hide_on_tablet=&#8220;no&#8220; wd_hide_on_mobile=&#8220;no&#8220; el_class=&#8220;boton&#8220; button_divider=&#8220;&#8220; smooth_divider=&#8220;&#8220; collapsible_content_divider=&#8220;&#8220; extra_divider=&#8220;&#8220; wd_animation_delay=&#8220;&#8220; general_divider=&#8220;&#8220; bg_color=&#8220;&#8220; custom_color_scheme=&#8220;&#8220; bg_color_hover=&#8220;&#8220; custom_color_scheme_hover=&#8220;&#8220; typography_font_family=&#8220;&#8220; typography_font_size=&#8220;&#8220; typography_line_height=&#8220;&#8220; layout_divider=&#8220;&#8220; icon_divider=&#8220;&#8220; img_size=&#8220;&#8220; icon_openiconic=&#8220;&#8220; icon_typicons=&#8220;&#8220; icon_entypo=&#8220;&#8220; icon_linecons=&#8220;&#8220; icon_monosocial=&#8220;&#8220; icon_material=&#8220;&#8220;][vc_column]<div id=\"wd-686bea9a40bd4\" class=\" wd-animation-slide-from-right wd-animation-normal wd-rs-686bea9a40bd4  wd-button-wrapper text-center\"><a href=\"https:\/\/fareharbor.com\/embeds\/book\/verdeaurora\/?full-items=yes\" title=\"\" class=\"btn btn-color-primary btn-style-default btn-shape-semi-round btn-size-default boton\" target=\"_blank\" rel=\"noopener\">Buchen Sie Ihr Erlebnis<\/a><\/div>[\/vc_column][\/vc_row][vc_row full_width=&#8220;stretch_row&#8220; mobile_bg_img_hidden=&#8220;no&#8220; tablet_bg_img_hidden=&#8220;no&#8220; woodmart_parallax=&#8220;0&#8243; woodmart_gradient_switch=&#8220;no&#8220; row_reverse_mobile=&#8220;0&#8243; row_reverse_tablet=&#8220;0&#8243; woodmart_disable_overflow=&#8220;0&#8243; css=&#8220;.vc_custom_1692878923347{margin-bottom: -42px !important;background-position: center !important;background-repeat: no-repeat !important;background-size: cover !important;}&#8220; el_id=&#8220;Newsletter&#8220; woodmart_css_id=&#8220;64e74844e4521&#8243; woodmart_box_shadow=&#8220;no&#8220; wd_z_index=&#8220;no&#8220; responsive_spacing=&#8220;eyJwYXJhbV90eXBlIjoid29vZG1hcnRfcmVzcG9uc2l2ZV9zcGFjaW5nIiwic2VsZWN0b3JfaWQiOiI2NGU3NDg0NGU0NTIxIiwic2hvcnRjb2RlIjoidmNfcm93IiwiZGF0YSI6eyJ0YWJsZXQiOnt9LCJtb2JpbGUiOnt9fX0=&#8220;][vc_column][vc_row_inner css=&#8220;.vc_custom_1576500406418{padding-top: 60px !important;padding-right: 60px !important;padding-bottom: 60px !important;padding-left: 60px !important;}&#8220; row_reverse_mobile=&#8220;0&#8243; row_reverse_tablet=&#8220;0&#8243;][vc_column_inner]\n\t\t<div id=\"wd-65e5c5d4ea29b\" class=\"title-wrapper wd-wpb wd-set-mb reset-last-child  wd-rs-65e5c5d4ea29b wd-title-color-default wd-title-style-default text-center  wd-underline-colored\">\n\t\t\t\n\t\t\t<div class=\"liner-continer\">\n\t\t\t\t<h4 class=\"woodmart-title-container title  wd-font-weight-800 wd-fontsize-xxl\" >Abonnieren, um 10% Rabatt zu erhalten<\/h4>\n\t\t\t\t\t\t\t<\/div>\n\t\t\t\n\t\t\t\t\t\t\t<div class=\"title-after_title reset-last-child  wd-fontsize-s\">Treten Sie unserer Gemeinschaft bei, um Neuigkeiten und exklusive Angebote zu erhalten<\/div>\n\t\t\t\n\t\t\t\n\t\t<\/div>\n\t\t\n\t\t<div id=\"wd-6899e3f70f982\" class=\" wd-rs-6899e3f70f982  wd-button-wrapper text-center\"><a href=\"https:\/\/verdeaurora.com\/suscripcion-brevo.html\" title=\"\" target=\"_blank\" class=\"btn btn-color-primary btn-style-bordered btn-shape-semi-round btn-size-large\" rel=\"noopener\">Abonnieren<\/a><\/div>[\/vc_column_inner][\/vc_row_inner][\/vc_column][\/vc_row]<\/p>\n<\/div>","protected":false},"excerpt":{"rendered":"<p>[vc_row content_placement=&#8220;top&#8220; mobile_bg_img_hidden=&#8220;no&#8220; tablet_bg_img_hidden=&#8220;no&#8220; woodmart_parallax=&#8220;0&#8243; woodmart_gradient_switch=&#8220;no&#8220; row_reverse_mobile=&#8220;0&#8243; row_reverse_tablet=&#8220;0&#8243; woodmart_disable_overflow=&#8220;0&#8243; css=&#8220;.vc_custom_1648656631892{margin-bottom: 40px !important;}&#8220; el_id=&#8220;Erfahrungen&#8220; woodmart_css_id=&#8220;624480e5d8f0c&#8220; woodmart_box_shadow=&#8220;no&#8220; wd_z_index=&#8220;no&#8220;][vc_column width=&#8220;1\/3&#8243;][vc_single_image image=&#8220;26704&#8243; img_size=&#8220;250&#215;250&#8243; alignment=&#8220;center&#8220;<\/p>\n","protected":false},"author":6431,"featured_media":0,"parent":0,"menu_order":0,"comment_status":"closed","ping_status":"closed","template":"","meta":{"footnotes":""},"class_list":["post-14087","page","type-page","status-publish","hentry"],"_links":{"self":[{"href":"https:\/\/optimistic-curran.87-106-228-167.plesk.page\/de\/wp-json\/wp\/v2\/pages\/14087","targetHints":{"allow":["GET"]}}],"collection":[{"href":"https:\/\/optimistic-curran.87-106-228-167.plesk.page\/de\/wp-json\/wp\/v2\/pages"}],"about":[{"href":"https:\/\/optimistic-curran.87-106-228-167.plesk.page\/de\/wp-json\/wp\/v2\/types\/page"}],"author":[{"embeddable":true,"href":"https:\/\/optimistic-curran.87-106-228-167.plesk.page\/de\/wp-json\/wp\/v2\/users\/6431"}],"replies":[{"embeddable":true,"href":"https:\/\/optimistic-curran.87-106-228-167.plesk.page\/de\/wp-json\/wp\/v2\/comments?post=14087"}],"version-history":[{"count":4,"href":"https:\/\/optimistic-curran.87-106-228-167.plesk.page\/de\/wp-json\/wp\/v2\/pages\/14087\/revisions"}],"predecessor-version":[{"id":31212,"href":"https:\/\/optimistic-curran.87-106-228-167.plesk.page\/de\/wp-json\/wp\/v2\/pages\/14087\/revisions\/31212"}],"wp:attachment":[{"href":"https:\/\/optimistic-curran.87-106-228-167.plesk.page\/de\/wp-json\/wp\/v2\/media?parent=14087"}],"curies":[{"name":"wp","href":"https:\/\/api.w.org\/{rel}","templated":true}]}}