{"id":14211,"date":"2020-04-21T07:56:57","date_gmt":"2020-04-21T07:56:57","guid":{"rendered":"https:\/\/gallant-thompson.87-106-228-167.plesk.page\/?page_id=14211"},"modified":"2023-08-31T10:38:13","modified_gmt":"2023-08-31T10:38:13","slug":"aloe-vera","status":"publish","type":"page","link":"https:\/\/optimistic-curran.87-106-228-167.plesk.page\/de\/aloe-vera\/","title":{"rendered":"Aloe Vera"},"content":{"rendered":"<h1 class=\"entry-title\">ALOE VERA<\/h1>\n<p>&nbsp;<\/p>\n<header class=\"entry-header\">\n<h2 class=\"entry-title\">WIE WIRD ALOE VERA ANGEWENDET?<\/h2>\n<\/header>\n<div class=\"entry-content\">\n<p><strong>Aloe Vera<\/strong>\u00a0ist eine Pflanze, die aufgrund ihrer unglaublichen Eigenschaften f\u00fcr den \u00e4u\u00dferen und inneren K\u00f6rper unseres K\u00f6rpers als Wunder bekannt ist. Von kutanen Affektionen bis hin zu Verdauungsproblemen, so kann Ihnen Aloe in Ihrem t\u00e4glichen Leben helfen.<\/p>\n<p><strong>\u00c4u\u00dfere Verwendung<\/strong><\/p>\n<ul>\n<li>Als zellul\u00e4rer Regenerator<\/li>\n<li>Sonnenbrand<\/li>\n<li>Z\u00e4hne und Flecken aufhellen<\/li>\n<li>Wunden und Schnitte<\/li>\n<li>Verbrennungen<\/li>\n<li>Insektenstiche<\/li>\n<li>Akne<\/li>\n<li>Trockene Haut<\/li>\n<li>atopische Dermatitis<\/li>\n<li>Ekzem<\/li>\n<li>Psoriasis<\/li>\n<li>Pilze auf der Haut oder den N\u00e4geln<\/li>\n<li>Warzen<\/li>\n<li>Geister<\/li>\n<li>Gelenkschmerzen<\/li>\n<li>Muskelschmerzen<\/li>\n<li>Arthritis<\/li>\n<li>Rheuma<\/li>\n<li>Tennisarm<\/li>\n<li>Seborrhoe<\/li>\n<li>H\u00e4morrhoiden<\/li>\n<li>Schuppen<\/li>\n<li>Nach der Haarentfernung<\/li>\n<li>Reiniger<\/li>\n<\/ul>\n<p>&nbsp;<\/p>\n<p><strong>Interne Verwendung<\/strong><\/p>\n<ul>\n<li>Magens\u00e4ure<\/li>\n<li>Geschw\u00fcre<\/li>\n<li>Sch\u00fctzen Sie die Magenschleimhaut<\/li>\n<li>Senken Sie Cholesterin und Triglyceride<\/li>\n<li>Nahrungserg\u00e4nzungsmittel<\/li>\n<li>entz\u00fcndungshemmend<\/li>\n<li>Reduziert Arthritisschmerzen<\/li>\n<li>Allergien<\/li>\n<li>Verstopfung<\/li>\n<li>Innere Reinigung und Verj\u00fcngung<\/li>\n<li>St\u00e4rkt das Immunsystem<\/li>\n<li>Erh\u00f6hen Sie die Energie<\/li>\n<\/ul>\n<\/div>\n","protected":false},"excerpt":{"rendered":"<p>ALOE VERA &nbsp; WIE WIRD ALOE VERA ANGEWENDET? Aloe Vera\u00a0ist eine Pflanze, die aufgrund ihrer unglaublichen Eigenschaften f\u00fcr den \u00e4u\u00dferen<\/p>\n","protected":false},"author":6431,"featured_media":0,"parent":0,"menu_order":0,"comment_status":"closed","ping_status":"closed","template":"","meta":{"footnotes":""},"class_list":["post-14211","page","type-page","status-publish","hentry"],"_links":{"self":[{"href":"https:\/\/optimistic-curran.87-106-228-167.plesk.page\/de\/wp-json\/wp\/v2\/pages\/14211","targetHints":{"allow":["GET"]}}],"collection":[{"href":"https:\/\/optimistic-curran.87-106-228-167.plesk.page\/de\/wp-json\/wp\/v2\/pages"}],"about":[{"href":"https:\/\/optimistic-curran.87-106-228-167.plesk.page\/de\/wp-json\/wp\/v2\/types\/page"}],"author":[{"embeddable":true,"href":"https:\/\/optimistic-curran.87-106-228-167.plesk.page\/de\/wp-json\/wp\/v2\/users\/6431"}],"replies":[{"embeddable":true,"href":"https:\/\/optimistic-curran.87-106-228-167.plesk.page\/de\/wp-json\/wp\/v2\/comments?post=14211"}],"version-history":[{"count":0,"href":"https:\/\/optimistic-curran.87-106-228-167.plesk.page\/de\/wp-json\/wp\/v2\/pages\/14211\/revisions"}],"wp:attachment":[{"href":"https:\/\/optimistic-curran.87-106-228-167.plesk.page\/de\/wp-json\/wp\/v2\/media?parent=14211"}],"curies":[{"name":"wp","href":"https:\/\/api.w.org\/{rel}","templated":true}]}}