{"id":19758,"date":"2022-05-19T10:06:46","date_gmt":"2022-05-19T10:06:46","guid":{"rendered":"https:\/\/gallant-thompson.87-106-228-167.plesk.page\/haeufig-gestellte-fragen-%c2%b7-haeuser\/"},"modified":"2022-05-19T10:09:21","modified_gmt":"2022-05-19T10:09:21","slug":"haeufig-gestellte-fragen-%c2%b7-haeuser","status":"publish","type":"page","link":"https:\/\/optimistic-curran.87-106-228-167.plesk.page\/de\/haeufig-gestellte-fragen-%c2%b7-haeuser\/","title":{"rendered":"H\u00e4ufig gestellte Fragen \u00b7 H\u00e4user"},"content":{"rendered":"<div class=\"wpb-content-wrapper\"><p>[vc_row full_width=&#8220;stretch_row&#8220; css=&#8220;.vc_custom_1583670058963{margin-top: -50px !important;padding-top: 40px !important;padding-bottom: 40px !important;background-position: center !important;background-repeat: no-repeat !important;background-size: cover !important;}&#8220; mobile_bg_img_hidden=&#8220;no&#8220; tablet_bg_img_hidden=&#8220;no&#8220; woodmart_parallax=&#8220;0&#8243; woodmart_gradient_switch=&#8220;no&#8220; row_reverse_mobile=&#8220;0&#8243; row_reverse_tablet=&#8220;0&#8243; woodmart_disable_overflow=&#8220;0&#8243;][vc_column mobile_bg_img_hidden=&#8220;no&#8220; tablet_bg_img_hidden=&#8220;no&#8220; woodmart_parallax=&#8220;0&#8243; woodmart_sticky_column=&#8220;false&#8220; parallax_scroll=&#8220;no&#8220; mobile_reset_margin=&#8220;no&#8220; tablet_reset_margin=&#8220;no&#8220;]\n\t\t<div id=\"wd-62765623d6df5\" class=\"title-wrapper wd-wpb wd-set-mb reset-last-child  wd-rs-62765623d6df5 wd-title-color-default wd-title-style-default text-center vc_custom_1651922483767 wd-underline-colored\">\n\t\t\t\n\t\t\t<div class=\"liner-continer\">\n\t\t\t\t<h4 class=\"woodmart-title-container title  wd-font-weight-100 wd-fontsize-xl\" >Kundendienst<\/h4>\n\t\t\t\t\t\t\t<\/div>\n\t\t\t\n\t\t\t\t\t\t\t<div class=\"title-after_title reset-last-child  wd-fontsize-s\">H\u00e4ufig gestellte Fragen \u00b7 H\u00e4user<\/div>\n\t\t\t\n\t\t\t\n\t\t<\/div>\n\t\t\n\t\t[\/vc_column][\/vc_row][vc_row css=&#8220;.vc_custom_1583670066881{padding-top: 30px !important;padding-right: 30px !important;padding-bottom: 30px !important;padding-left: 30px !important;}&#8220; mobile_bg_img_hidden=&#8220;no&#8220; tablet_bg_img_hidden=&#8220;no&#8220; woodmart_parallax=&#8220;0&#8243; woodmart_gradient_switch=&#8220;no&#8220; row_reverse_mobile=&#8220;0&#8243; row_reverse_tablet=&#8220;0&#8243; woodmart_disable_overflow=&#8220;0&#8243;][vc_column][vc_tta_accordion c_icon=&#8220;chevron&#8220; c_position=&#8220;right&#8220; active_section=&#8220;100&#8243; collapsible_all=&#8220;true&#8220;][vc_tta_section i_icon_fontawesome=&#8220;far fa-calendar-check&#8220; add_icon=&#8220;true&#8220; title=&#8220;Unmittelbare Kenntnis der Verf\u00fcgbarkeit&#8220; tab_id=&#8220;disponibilidad&#8220;][vc_column_text text_larger=&#8220;no&#8220; woodmart_inline=&#8220;no&#8220;]<\/p>\n<h4>Verf\u00fcgbarkeit pr\u00fcfen<\/h4>\n<p>Die Verf\u00fcgbarkeit unserer H\u00e4user wird minutengenau aktualisiert. Es wird direkt auf unserer Website konsultiert: <a href=\"https:\/\/www.momentorural.com\/\" target=\"_blank\" rel=\"noopener\" data-saferedirecturl=\"https:\/\/www.google.com\/url?q=https:\/\/www.momentorural.com&amp;source=gmail&amp;ust=1652009010571000&amp;usg=AOvVaw0eHj2c1N4r9iKWns1dKhwe\">momentorural.com<\/a><\/p>\n<p>Sie m\u00fcssen nur die Einreisedaten angeben &#8211; Ausfahrt, Anzahl der Personen &#8230; und voil\u00e0!<\/p>\n<p>Dar\u00fcber hinaus k\u00f6nnen Sie auf der Seite jedes Hauses einen Verf\u00fcgbarkeitskalender einsehen. Dies ist sehr n\u00fctzlich, wenn Sie direkt nach verf\u00fcgbaren Terminen suchen m\u00f6chten.[\/vc_column_text][\/vc_tta_section][vc_tta_section i_icon_fontawesome=&#8220;fas fa-euro-sign&#8220; add_icon=&#8220;true&#8220; title=&#8220;Preise&#8220; tab_id=&#8220;precios&#8220;][vc_column_text text_larger=&#8220;no&#8220; woodmart_inline=&#8220;no&#8220;]Die Preise sind auf unserer Website <a href=\"https:\/\/momentorural.com\/\" target=\"_blank\" rel=\"noopener\">momentorural.com<\/a> angegeben.<\/p>\n<ul>\n<li>Bitte geben Sie die Daten und die Anzahl der Personen an.<\/li>\n<li>Klicken Sie auf &#8222;Buchen&#8220;, um die Details Ihrer Buchung zu erfahren, bevor Sie mit der Zahlung fortfahren.<\/li>\n<\/ul>\n<p>[\/vc_column_text][\/vc_tta_section][vc_tta_section i_icon_fontawesome=&#8220;fas fa-home&#8220; add_icon=&#8220;true&#8220; title=&#8220;Haus-Infos&#8220; tab_id=&#8220;info-casas&#8220;][vc_column_text text_larger=&#8220;no&#8220; woodmart_inline=&#8220;no&#8220;]<\/p>\n<p>Die H\u00e4user sind alle privat und nur f\u00fcr Sie bestimmt. Sie werden nicht mit anderen G\u00e4sten geteilt. Das gilt auch f\u00fcr die Swimmingpools der H\u00e4user, die \u00fcber solche verf\u00fcgen.<\/p>\n<p>Informationen \u00fcber jedes Haus finden Sie auf unserer Website\u00a0<a href=\"https:\/\/momentorural.com\/\" target=\"_blank\" rel=\"noopener\">momentorural.com<\/a><\/p>\n<p>Angaben zu den Zimmern, Betten und Typen, Bad(en)<br \/>\nInnen- und Au\u00dfenaufnahmen<br \/>\nAngebotene Dienstleistungen\/Ausr\u00fcstung<br \/>\nLage des Hauses: Adresse und Karte<\/p>\n<h4>N\u00e4he zu den H\u00e4usern<\/h4>\n<p>Casa Aurora, Pilar und Tarabilla befinden sich auf unserem Bauernhof, der Verdeaurora Bio Farm. Sie befinden sich in unmittelbarer N\u00e4he zueinander.<br \/>\nDie anderen H\u00e4user befinden sich im Norden. Casa Tile 1 km von El Cotillo und Casa Marinera in El Cotillo entfernt, in einer privilegierten Lage direkt am Meer.[\/vc_column_text][\/vc_tta_section][vc_tta_section i_icon_fontawesome=&#8220;fas fa-check-double&#8220; add_icon=&#8220;true&#8220; title=&#8220;Sichern Sie Ihre Buchung sofort&#8220; tab_id=&#8220;reservar&#8220;][vc_column_text text_larger=&#8220;no&#8220; woodmart_inline=&#8220;no&#8220;]Sobald Sie die Daten und die Anzahl der Personen ausgew\u00e4hlt haben, fahren Sie mit der Zahlung fort, um Ihre Reservierung zu garantieren.<\/p>\n<ol>\n<li>\u00dcberpr\u00fcfen Sie, ob alle Angaben korrekt sind.<\/li>\n<li>Ihre Buchung wird sofort durchgef\u00fchrt und Sie erhalten eine Best\u00e4tigungs-E-Mail.<\/li>\n<\/ol>\n<p>[\/vc_column_text][\/vc_tta_section][vc_tta_section i_icon_fontawesome=&#8220;fas fa-percentage&#8220; add_icon=&#8220;true&#8220; title=&#8220;Bieten Sie irgendwelche Rabatte an?&#8220; tab_id=&#8220;descuentos&#8220;][vc_column_text text_larger=&#8220;no&#8220; woodmart_inline=&#8220;no&#8220;]Wir betrachten unsere Unterk\u00fcnfte als einzigartig.<br \/>\nWir ziehen es vor, die Qualit\u00e4t unserer H\u00e4user sowie die gute F\u00fchrung und Entlohnung unserer Mitarbeiter zu gew\u00e4hrleisten. Deshalb m\u00fcssen unsere Preise f\u00fcr jeden geeignet sein und unsere Rabatte sind begrenzt.<\/p>\n<p>Die Rabatte, die wir anbieten, gelten f\u00fcr &#8222;langfristige&#8220; Buchungen und sind wie folgt:<\/p>\n<ul>\n<li>Rabatt f\u00fcr Buchungen von 7 N\u00e4chten oder mehr<\/li>\n<li>H\u00f6herer Rabatt f\u00fcr Buchungen von mehr als 30 N\u00e4chten<\/li>\n<\/ul>\n<p>Diese Rabatte werden automatisch auf den Preis auf der Zahlungsseite angewendet.<\/p>\n<h4>Rabatt-Coupon<\/h4>\n<p>Sie erhalten einen Sofortrabatt, wenn Sie jetzt buchen.<\/p>\n<ul>\n<li>Rabatt-Code: <strong>vda-discount-05<\/strong><\/li>\n<\/ul>\n<p>Bitte geben Sie den Code auf der Buchungsseite ein.<br \/>\nBei einer Buchung von mehr als 7 N\u00e4chten wird dieser Rabatt zus\u00e4tzlich gew\u00e4hrt.<br \/>\nNur g\u00fcltig auf\u00a0<a href=\"https:\/\/www.momentorural.com\/\" target=\"_blank\" rel=\"noopener\">momentorural.com<\/a>[\/vc_column_text][\/vc_tta_section][vc_tta_section i_icon_fontawesome=&#8220;fas fa-handshake&#8220; add_icon=&#8220;true&#8220; title=&#8220;Unbesorgt buchen: \u00c4nderungen und Stornierungen&#8220; tab_id=&#8220;cambios-cancelaciones&#8220;][vc_column_text text_larger=&#8220;no&#8220; woodmart_inline=&#8220;no&#8220;]Wenn Sie Ihre Buchung vorgenommen haben und die Daten oder die Anzahl der Personen \u00e4ndern m\u00f6chten, setzen Sie sich bitte mit uns in Verbindung. Solange es noch freie Termine gibt, k\u00f6nnen wir Ihre Buchung anpassen.<br \/>\nWir haben auch eine sehr flexible Stornierungspolitik, die Sie zum Zeitpunkt der Buchung \u00fcberpr\u00fcfen k\u00f6nnen (Zahlungsseite).[\/vc_column_text][\/vc_tta_section][\/vc_tta_accordion][\/vc_column][\/vc_row][vc_row full_width=&#8220;stretch_row&#8220; mobile_bg_img_hidden=&#8220;no&#8220; tablet_bg_img_hidden=&#8220;no&#8220; woodmart_parallax=&#8220;0&#8243; woodmart_gradient_switch=&#8220;no&#8220; row_reverse_mobile=&#8220;0&#8243; row_reverse_tablet=&#8220;0&#8243; woodmart_disable_overflow=&#8220;0&#8243; css=&#8220;.vc_custom_1583404219271{margin-bottom: -40px !important;padding-bottom: 20px !important;background: #374b4c url(https:\/\/gallant-thompson.87-106-228-167.plesk.page\/wp-content\/uploads\/2020\/03\/Recurso-58.png?id=13192) !important;background-position: center !important;background-repeat: no-repeat !important;background-size: cover !important;}&#8220;][vc_column][vc_row_inner css=&#8220;.vc_custom_1576509290039{padding-top: 30px !important;padding-bottom: 30px !important;}&#8220; row_reverse_mobile=&#8220;0&#8243; row_reverse_tablet=&#8220;0&#8243;][vc_column_inner][vc_column_text woodmart_color_scheme=&#8220;light&#8220; text_larger=&#8220;no&#8220;]<\/p>\n<h3 style=\"text-align: center;\">Ben\u00f6tigen Sie weitere Informationen?<\/h3>\n<p>[\/vc_column_text]<div id=\"wd-5e7205945fa49\" class=\" wd-rs-5e7205945fa49  wd-button-wrapper text-center\"><a href=\"https:\/\/verdeaurora.com\/de\/kontakt\/\" title=\"Kontakt\" class=\"btn btn-color-white btn-style-bordered btn-shape-rectangle btn-size-default\" target=\"_blank\" rel=\"noopener\">Kontakt<\/a><\/div>[\/vc_column_inner][\/vc_row_inner][\/vc_column][\/vc_row]<\/p>\n<\/div>","protected":false},"excerpt":{"rendered":"<p>[vc_row full_width=&#8220;stretch_row&#8220; css=&#8220;.vc_custom_1583670058963{margin-top: -50px !important;padding-top: 40px !important;padding-bottom: 40px !important;background-position: center !important;background-repeat: no-repeat !important;background-size: cover !important;}&#8220; mobile_bg_img_hidden=&#8220;no&#8220; tablet_bg_img_hidden=&#8220;no&#8220; woodmart_parallax=&#8220;0&#8243; woodmart_gradient_switch=&#8220;no&#8220; row_reverse_mobile=&#8220;0&#8243;<\/p>\n","protected":false},"author":6431,"featured_media":0,"parent":0,"menu_order":0,"comment_status":"closed","ping_status":"closed","template":"","meta":{"footnotes":""},"class_list":["post-19758","page","type-page","status-publish","hentry"],"_links":{"self":[{"href":"https:\/\/optimistic-curran.87-106-228-167.plesk.page\/de\/wp-json\/wp\/v2\/pages\/19758","targetHints":{"allow":["GET"]}}],"collection":[{"href":"https:\/\/optimistic-curran.87-106-228-167.plesk.page\/de\/wp-json\/wp\/v2\/pages"}],"about":[{"href":"https:\/\/optimistic-curran.87-106-228-167.plesk.page\/de\/wp-json\/wp\/v2\/types\/page"}],"author":[{"embeddable":true,"href":"https:\/\/optimistic-curran.87-106-228-167.plesk.page\/de\/wp-json\/wp\/v2\/users\/6431"}],"replies":[{"embeddable":true,"href":"https:\/\/optimistic-curran.87-106-228-167.plesk.page\/de\/wp-json\/wp\/v2\/comments?post=19758"}],"version-history":[{"count":0,"href":"https:\/\/optimistic-curran.87-106-228-167.plesk.page\/de\/wp-json\/wp\/v2\/pages\/19758\/revisions"}],"wp:attachment":[{"href":"https:\/\/optimistic-curran.87-106-228-167.plesk.page\/de\/wp-json\/wp\/v2\/media?parent=19758"}],"curies":[{"name":"wp","href":"https:\/\/api.w.org\/{rel}","templated":true}]}}