{"id":13447,"date":"2020-02-29T14:28:14","date_gmt":"2020-02-29T14:28:14","guid":{"rendered":"https:\/\/gallant-thompson.87-106-228-167.plesk.page\/v2\/product\/anti-aging-gel-mit-aloe-vera-olivenol\/"},"modified":"2026-05-01T21:06:30","modified_gmt":"2026-05-01T21:06:30","slug":"anti-aging-gel-mit-aloe-vera-olivenol","status":"publish","type":"product","link":"https:\/\/optimistic-curran.87-106-228-167.plesk.page\/de\/produkt\/anti-aging-gel-mit-aloe-vera-olivenol\/","title":{"rendered":"Anti-Aging-Gel mit Aloe Vera &#038; Oliven\u00f6l"},"content":{"rendered":"<h4><span class=\"title\">Beschreibung<\/span><\/h4>\n<p>Gel auf der Grundlage von Wasser, das f\u00fcr eine ausgewogene Haut sorgt; es ist ein sehr wichtiger Feuchtigkeitsspender, denn die Textur ist Gel und nicht Creme.<br \/>\nDas Anti-aging-Gel pflegt die empfindlichsten Hautpartien, die schneller Reizungen erleiden k\u00f6nnen, wie Augen- und Lippenbereich, Hals und Dekollet\u00e9. Das Gel wird f\u00fcr diejenigen Hautpartien empfohlen, die durch Enthaarung gereizt werden k\u00f6nnen, wie z. B. f\u00fcr das m\u00e4nnliche Gesicht, f\u00fcr Oberlippe und\/oder Augenbrauen. Es h\u00e4lt die Haut straff und gepflegt wie ein nat\u00fcrlicher Festiger.<\/p>\n<h4>Anwendungen<\/h4>\n<p>&#8211; Gel auf der Grundlage von Wasser<br \/>\n&#8211; Tages-, Nacht-, Augenfaltencreme, Lippenbalsam, f\u00fcr Hals und Dekollet\u00e9<br \/>\n&#8211; feuchtigkeitsspendend<br \/>\n&#8211; nach der Enthaarung \/ Aftershave<br \/>\n&#8211; f\u00fcr jeden Hauttyp<br \/>\n&#8211; festigend<br \/>\n&#8211; beugt Hautflecken vor<br \/>\n&#8211; Antifaltencreme<\/p>\n<h4>Zutaten<\/h4>\n<p>Aqua, Aloe Barbadensis leaf extract*, Olea Europaea fruit extract*, Sodium Hyaluronate, Algin, Triticum Vulgare germ oil*, Glycerin, Prunus Armeniaca kernel extract*, Prunus Amygdalus dulcis oil*, Lavandula Angustifolia leaf extract*, Sodium benzoate, Sodium Dehydroacetate, Citric Acid, Parfum, Limonene.<\/p>\n","protected":false},"excerpt":{"rendered":"<p>Anti-Falten-Gel mit Tensor-Effekt, schnelle Absorption und nicht fettende Textur. Ideal gegen die Anzeichen von Alterung und Oxidation. Formuliert mit Oliven\u00f6l und Aloe Vera aus biologischer Produktion.<\/p>\n","protected":false},"featured_media":27208,"comment_status":"open","ping_status":"closed","template":"","meta":[],"product_brand":[],"product_cat":[1017],"product_tag":[],"class_list":{"0":"post-13447","1":"product","2":"type-product","3":"status-publish","4":"has-post-thumbnail","6":"product_cat-aloe-vera-gesichts","8":"first","9":"instock","10":"taxable","11":"shipping-taxable","12":"purchasable","13":"product-type-simple"},"_links":{"self":[{"href":"https:\/\/optimistic-curran.87-106-228-167.plesk.page\/de\/wp-json\/wp\/v2\/product\/13447","targetHints":{"allow":["GET"]}}],"collection":[{"href":"https:\/\/optimistic-curran.87-106-228-167.plesk.page\/de\/wp-json\/wp\/v2\/product"}],"about":[{"href":"https:\/\/optimistic-curran.87-106-228-167.plesk.page\/de\/wp-json\/wp\/v2\/types\/product"}],"replies":[{"embeddable":true,"href":"https:\/\/optimistic-curran.87-106-228-167.plesk.page\/de\/wp-json\/wp\/v2\/comments?post=13447"}],"wp:featuredmedia":[{"embeddable":true,"href":"https:\/\/optimistic-curran.87-106-228-167.plesk.page\/de\/wp-json\/wp\/v2\/media\/27208"}],"wp:attachment":[{"href":"https:\/\/optimistic-curran.87-106-228-167.plesk.page\/de\/wp-json\/wp\/v2\/media?parent=13447"}],"wp:term":[{"taxonomy":"product_brand","embeddable":true,"href":"https:\/\/optimistic-curran.87-106-228-167.plesk.page\/de\/wp-json\/wp\/v2\/product_brand?post=13447"},{"taxonomy":"product_cat","embeddable":true,"href":"https:\/\/optimistic-curran.87-106-228-167.plesk.page\/de\/wp-json\/wp\/v2\/product_cat?post=13447"},{"taxonomy":"product_tag","embeddable":true,"href":"https:\/\/optimistic-curran.87-106-228-167.plesk.page\/de\/wp-json\/wp\/v2\/product_tag?post=13447"}],"curies":[{"name":"wp","href":"https:\/\/api.w.org\/{rel}","templated":true}]}}