{"id":13450,"date":"2020-02-29T14:28:14","date_gmt":"2020-02-29T14:28:14","guid":{"rendered":"https:\/\/gallant-thompson.87-106-228-167.plesk.page\/v2\/product\/comfort-gel-mit-aloe-vera-olivenol\/"},"modified":"2026-05-02T19:49:16","modified_gmt":"2026-05-02T19:49:16","slug":"comfort-gel-mit-aloe-vera-olivenol","status":"publish","type":"product","link":"https:\/\/optimistic-curran.87-106-228-167.plesk.page\/de\/produkt\/comfort-gel-mit-aloe-vera-olivenol\/","title":{"rendered":"Comfort Gel mit Aloe Vera &#038; Oliven\u00f6l"},"content":{"rendered":"<h4><span class=\"title\">Beschreibung<\/span><\/h4>\n<p>Das Komfortgel ist ein nat\u00fcrliches, entz\u00fcndungshemmendes Mittel und lindert sofort Schmerzen, die in bestimmten Momenten durch Schl\u00e4ge oder unangebrachte Bewegungen auftreten. Als Roll-on-Stick l\u00e4sst es sich einfach und schnell auftragen, ohne eine gro\u00dfe Menge zu ben\u00f6tigen, denn es wirkt sofort, entspannt den Bereich und lindert den Schmerz.<\/p>\n<h4>Anwendungen<\/h4>\n<p>&#8211; entz\u00fcndungshemmend<br \/>\n&#8211; bet\u00e4ubend<br \/>\n&#8211; beruhigend<\/p>\n<h4><span class=\"title\">Bestandteile<\/span><\/h4>\n<p>Die Hauptbestandteile sind reine Menthol- und Kampferkristalle, beide nat\u00fcrliche Wirkstoffe wie die \u00fcbrigen Bestandteile. Menthol wirkt k\u00fchlend und Kampfer w\u00e4rmend. Durch dieses angenehme Gef\u00fchl von K\u00e4lte und W\u00e4rme verschwindet der Schmerz, d. h. es wirkt wie ein nat\u00fcrliches Bet\u00e4ubungsmittel. Arnica montana und Rosmarin, beide nat\u00fcrlich, werden absorbiert, um den Schmerzpunkt zu erreichen und wirken als nat\u00fcrliche Entz\u00fcndungshemmer. Zu guter Letzt tragen Oliven\u00f6l, Aloe Vera und Kamille zum Gleichgewicht bei und sorgen daf\u00fcr, dass keine Hautreizungen auftreten.<\/p>\n<h4>Zutaten<\/h4>\n<p>Aqua, Aloe Barbadensis leaf extract*, Menthol, Camphor, Chamomilla Recutita Extract, Salvia Officinalis Extract, Rosmarinus officinalis leaf extract*, Olea Europaea fruit extract*, Harpagophytum procumbens extract, Arnica montana extract and maltodextrin, Algin, Sodium Dehydroacetate, Sodium Benzoate, Linalool, Limonene, Geraniol.<\/p>\n","protected":false},"excerpt":{"rendered":"<p>Lindert sofort den Schmerz. Besteht aus organischen Anbaupflanzen wie Minze und Kampferbaum, die ein angenehmes Gef\u00fchl von K\u00e4lte erzeugen. Zusammen mit Aloe, Arnika montana und Rosmarin lassen sie Schmerzen zu und wirken als nat\u00fcrliches und entz\u00fcndungshemmendes Bet\u00e4ubungsmittel. Geben Sie ein angenehmes Gef\u00fchl von Weichheit und Feuchtigkeit, die von extra nativem Oliven\u00f6l kommt. Einfache Anwendung dank Roll-on-Format.<\/p>\n<ul>\n<li>60 ml.<\/li>\n<\/ul>\n","protected":false},"featured_media":27184,"comment_status":"open","ping_status":"closed","template":"","meta":[],"product_brand":[],"product_cat":[1011],"product_tag":[],"class_list":{"0":"post-13450","1":"product","2":"type-product","3":"status-publish","4":"has-post-thumbnail","6":"product_cat-aloe-vera-wohlfahrt","8":"first","9":"instock","10":"taxable","11":"shipping-taxable","12":"purchasable","13":"product-type-simple"},"_links":{"self":[{"href":"https:\/\/optimistic-curran.87-106-228-167.plesk.page\/de\/wp-json\/wp\/v2\/product\/13450","targetHints":{"allow":["GET"]}}],"collection":[{"href":"https:\/\/optimistic-curran.87-106-228-167.plesk.page\/de\/wp-json\/wp\/v2\/product"}],"about":[{"href":"https:\/\/optimistic-curran.87-106-228-167.plesk.page\/de\/wp-json\/wp\/v2\/types\/product"}],"replies":[{"embeddable":true,"href":"https:\/\/optimistic-curran.87-106-228-167.plesk.page\/de\/wp-json\/wp\/v2\/comments?post=13450"}],"wp:featuredmedia":[{"embeddable":true,"href":"https:\/\/optimistic-curran.87-106-228-167.plesk.page\/de\/wp-json\/wp\/v2\/media\/27184"}],"wp:attachment":[{"href":"https:\/\/optimistic-curran.87-106-228-167.plesk.page\/de\/wp-json\/wp\/v2\/media?parent=13450"}],"wp:term":[{"taxonomy":"product_brand","embeddable":true,"href":"https:\/\/optimistic-curran.87-106-228-167.plesk.page\/de\/wp-json\/wp\/v2\/product_brand?post=13450"},{"taxonomy":"product_cat","embeddable":true,"href":"https:\/\/optimistic-curran.87-106-228-167.plesk.page\/de\/wp-json\/wp\/v2\/product_cat?post=13450"},{"taxonomy":"product_tag","embeddable":true,"href":"https:\/\/optimistic-curran.87-106-228-167.plesk.page\/de\/wp-json\/wp\/v2\/product_tag?post=13450"}],"curies":[{"name":"wp","href":"https:\/\/api.w.org\/{rel}","templated":true}]}}