{"id":13453,"date":"2020-02-29T14:28:14","date_gmt":"2020-02-29T14:28:14","guid":{"rendered":"https:\/\/gallant-thompson.87-106-228-167.plesk.page\/v2\/product\/globale-creme-mit-aloe-vera-olivenol\/"},"modified":"2026-05-02T06:03:07","modified_gmt":"2026-05-02T06:03:07","slug":"globale-creme-mit-aloe-vera-olivenol","status":"publish","type":"product","link":"https:\/\/optimistic-curran.87-106-228-167.plesk.page\/de\/produkt\/globale-creme-mit-aloe-vera-olivenol\/","title":{"rendered":"Globale Creme mit Aloe Vera &#038; Oliven\u00f6l"},"content":{"rendered":"<h4><span class=\"title\">Beschreibung<\/span><\/h4>\n<p>Gesichtscreme mit Formel 3 in 1, d. h. sie ist als Tages- und Nachtcreme geeignet und wirkt dazu noch wie eine Augenfaltencreme. Diese Creme ist f\u00fcr jeden Hauttyp, jedes Alter und jedes Geschlecht geeignet. Au\u00dferdem hat sie einen Lifting-Effekt, der die Haut stabil, weich und straff h\u00e4lt. Sie stellt die hydropische Ausgewogenheit der Haut wieder her, sch\u00fctzt sie am Tage und n\u00e4hrt sie in der Nacht und bietet ein sehr bequemes und praktisches Gleichgewicht.<\/p>\n<h4>Anwendungen<\/h4>\n<p>&#8211; als Tages-, Nachtcreme und Augenfaltencreme<br \/>\n&#8211; trockene Haut und Mischhaut<br \/>\n&#8211; Feuchtigkeitsspendend<br \/>\n&#8211; Anti-aging<br \/>\n&#8211; n\u00e4hrend<br \/>\n&#8211; Spannkraft der Haut<br \/>\n&#8211; Lifting-Effekt<br \/>\n&#8211; beugt Hautflecken vor<\/p>\n<h4><span class=\"title\">Bestandteile<\/span><\/h4>\n<p>Der Hibiskus ist einer der Hauptbestandteile in der gesamten Creme, der als nat\u00fcrlicher Filler dient, zusammen mit hautstraffendem Oliven- und Weizenkeim\u00f6l und dem sch\u00fctzenden Aloe Vera, alles auf ganz nat\u00fcrliche Art. S\u00fc\u00dfes Mandel\u00f6l, Aprikosenkern\u00f6l und Argan\u00f6l wirken aus dem Inneren der Haut heraus, um Feuchtigkeit und Elastizit\u00e4t lange zu erhalten.<\/p>\n<h4>Zutaten<\/h4>\n<p>Aqua, Aloe Barbadensis leaf extract*, Cetearyl Alcohol, Olea Europaea fruit extract*, Triticum Vulgare germ oil*, Glycerin, Cetearyl Glucoside-Cetearyl Alcohol, Argania Spinosa kernel extract and Sodium Cocoyl Glutamate, Butyrospermum Parkii Butter*, Sodium Hyaluronate, Prunus Armeniaca kernel extract*, Prunus Amygdalus Dulcis oil*, Sodium Benzoate, Sodium Dehydroacetate, Algin, Parfum, Citric Acid, Limonene.<\/p>\n","protected":false},"excerpt":{"rendered":"<p>Gesichtscreme mit 3 in 1 Formel: Geeignet als Tagescreme, Nachtcreme und Augenkontur. Seine Zusammensetzung aus Aloe Vera, Oliven\u00f6l, Hibiskus, Weizenkeimen, Mandel\u00f6l, Aprikosenkern\u00f6l und Argan\u00f6l wirkt von der Innenseite der Haut. Alles biologische Landwirtschaft.<\/p>\n<ul>\n<li>50 ml.<\/li>\n<\/ul>\n","protected":false},"featured_media":27078,"comment_status":"open","ping_status":"closed","template":"","meta":[],"product_brand":[],"product_cat":[1017],"product_tag":[],"class_list":{"0":"post-13453","1":"product","2":"type-product","3":"status-publish","4":"has-post-thumbnail","6":"product_cat-aloe-vera-gesichts","8":"first","9":"instock","10":"taxable","11":"shipping-taxable","12":"purchasable","13":"product-type-simple"},"_links":{"self":[{"href":"https:\/\/optimistic-curran.87-106-228-167.plesk.page\/de\/wp-json\/wp\/v2\/product\/13453","targetHints":{"allow":["GET"]}}],"collection":[{"href":"https:\/\/optimistic-curran.87-106-228-167.plesk.page\/de\/wp-json\/wp\/v2\/product"}],"about":[{"href":"https:\/\/optimistic-curran.87-106-228-167.plesk.page\/de\/wp-json\/wp\/v2\/types\/product"}],"replies":[{"embeddable":true,"href":"https:\/\/optimistic-curran.87-106-228-167.plesk.page\/de\/wp-json\/wp\/v2\/comments?post=13453"}],"wp:featuredmedia":[{"embeddable":true,"href":"https:\/\/optimistic-curran.87-106-228-167.plesk.page\/de\/wp-json\/wp\/v2\/media\/27078"}],"wp:attachment":[{"href":"https:\/\/optimistic-curran.87-106-228-167.plesk.page\/de\/wp-json\/wp\/v2\/media?parent=13453"}],"wp:term":[{"taxonomy":"product_brand","embeddable":true,"href":"https:\/\/optimistic-curran.87-106-228-167.plesk.page\/de\/wp-json\/wp\/v2\/product_brand?post=13453"},{"taxonomy":"product_cat","embeddable":true,"href":"https:\/\/optimistic-curran.87-106-228-167.plesk.page\/de\/wp-json\/wp\/v2\/product_cat?post=13453"},{"taxonomy":"product_tag","embeddable":true,"href":"https:\/\/optimistic-curran.87-106-228-167.plesk.page\/de\/wp-json\/wp\/v2\/product_tag?post=13453"}],"curies":[{"name":"wp","href":"https:\/\/api.w.org\/{rel}","templated":true}]}}