{"id":13456,"date":"2020-02-29T14:28:14","date_gmt":"2020-02-29T14:28:14","guid":{"rendered":"https:\/\/gallant-thompson.87-106-228-167.plesk.page\/v2\/product\/handcreme-mit-aloe-vera-olivenoel\/"},"modified":"2026-05-02T19:49:16","modified_gmt":"2026-05-02T19:49:16","slug":"handcreme-mit-aloe-vera-olivenoel","status":"publish","type":"product","link":"https:\/\/optimistic-curran.87-106-228-167.plesk.page\/de\/produkt\/handcreme-mit-aloe-vera-olivenoel\/","title":{"rendered":"Handcreme mit Aloe Vera &#038; Oliven\u00f6l"},"content":{"rendered":"<h4><span class=\"title\">Beschreibung<\/span><\/h4>\n<p>Weiche, gepflegte H\u00e4nde sind in den t\u00e4glichen Beziehungen sehr wichtig. Diese Creme ist speziell f\u00fcr die Gesundheit und Sch\u00f6nheit der H\u00e4nde formuliert und sorgt f\u00fcr Geschmeidigkeit, Feuchtigkeit, Straffheit und Schutz. Weich und seidig, zieht schnell ein, ohne zu fetten.<\/p>\n<h4>Anwendungen<\/h4>\n<p>&#8211; weiche Textur<br \/>\n&#8211; feuchtigkeitsspendend<br \/>\n&#8211; beugt Hautflecken vor<br \/>\n&#8211; nicht fettend<br \/>\n&#8211; zieht schnell ein<\/p>\n<h4>Zutaten<\/h4>\n<p>A q u a , Cetearyl Alcohol, Aloe Barbadensis leaf extract*, Olea Europaea fruit extract*, Cocoglycerides, Glycerin, Triticum Vulgare Germ Oil*, Rosa Moschata Oil*, Cetearyl Glucoside- Cetearyl Alcohol, Chamomilla Recutita flower extract, Helichrysum Italicum extract, Calendula Officinalis flower extract, A l l a n t o i n , S o d i u m H y a l u r o n a t e , B u t y r o s p e r m u m Pa r k i i B u t t e r * , M e t h y l c h l o r o i s o t h i a z o l i n o n e , Methylisothiazolinone, Benzyl Alcohol, Sodium Dehydroacetate, Parfum, Limonene, Linalool.<\/p>\n","protected":false},"excerpt":{"rendered":"<p>Pflegt die Gesundheit und das Aussehen Ihrer H\u00e4nde. Bietet gro\u00dfe Weichheit, sowie tiefe und lang anhaltende Feuchtigkeit. Mit Bio-Aloe Vera und Oliven\u00f6l.<\/p>\n","protected":false},"featured_media":27188,"comment_status":"open","ping_status":"closed","template":"","meta":[],"product_brand":[],"product_cat":[1014],"product_tag":[],"class_list":{"0":"post-13456","1":"product","2":"type-product","3":"status-publish","4":"has-post-thumbnail","6":"product_cat-aloe-vera-corp","8":"first","9":"instock","10":"taxable","11":"shipping-taxable","12":"purchasable","13":"product-type-simple"},"_links":{"self":[{"href":"https:\/\/optimistic-curran.87-106-228-167.plesk.page\/de\/wp-json\/wp\/v2\/product\/13456","targetHints":{"allow":["GET"]}}],"collection":[{"href":"https:\/\/optimistic-curran.87-106-228-167.plesk.page\/de\/wp-json\/wp\/v2\/product"}],"about":[{"href":"https:\/\/optimistic-curran.87-106-228-167.plesk.page\/de\/wp-json\/wp\/v2\/types\/product"}],"replies":[{"embeddable":true,"href":"https:\/\/optimistic-curran.87-106-228-167.plesk.page\/de\/wp-json\/wp\/v2\/comments?post=13456"}],"wp:featuredmedia":[{"embeddable":true,"href":"https:\/\/optimistic-curran.87-106-228-167.plesk.page\/de\/wp-json\/wp\/v2\/media\/27188"}],"wp:attachment":[{"href":"https:\/\/optimistic-curran.87-106-228-167.plesk.page\/de\/wp-json\/wp\/v2\/media?parent=13456"}],"wp:term":[{"taxonomy":"product_brand","embeddable":true,"href":"https:\/\/optimistic-curran.87-106-228-167.plesk.page\/de\/wp-json\/wp\/v2\/product_brand?post=13456"},{"taxonomy":"product_cat","embeddable":true,"href":"https:\/\/optimistic-curran.87-106-228-167.plesk.page\/de\/wp-json\/wp\/v2\/product_cat?post=13456"},{"taxonomy":"product_tag","embeddable":true,"href":"https:\/\/optimistic-curran.87-106-228-167.plesk.page\/de\/wp-json\/wp\/v2\/product_tag?post=13456"}],"curies":[{"name":"wp","href":"https:\/\/api.w.org\/{rel}","templated":true}]}}