{"id":13471,"date":"2020-02-29T14:28:13","date_gmt":"2020-02-29T14:28:13","guid":{"rendered":"https:\/\/gallant-thompson.87-106-228-167.plesk.page\/v2\/product\/deodorant-ohne-aluminium\/"},"modified":"2026-05-02T19:49:16","modified_gmt":"2026-05-02T19:49:16","slug":"deodorant-ohne-aluminium","status":"publish","type":"product","link":"https:\/\/optimistic-curran.87-106-228-167.plesk.page\/de\/produkt\/deodorant-ohne-aluminium\/","title":{"rendered":"Deodorant ohne Aluminium mit Aloe Vera &#038; Oliven\u00f6l"},"content":{"rendered":"<h4>Beschreibung<\/h4>\n<p>Die Pflege der Haut und die pers\u00f6nliche Hygiene sind sehr wichtig, deshalb ist<br \/>\ndieses Deodorant die ideale L\u00f6sung. Da es kein Aluminium enth\u00e4lt, das nicht gut<br \/>\nf\u00fcr die Haut ist, bietet es Pflege und Hygiene in ein und demselben Produkt.<\/p>\n<h4>Anwendungen<\/h4>\n<ul>\n<li>Hygiene<\/li>\n<li>Pflege<\/li>\n<li>Schutz der Haut<\/li>\n<li>vermeidet Schwei\u00df und schlechten Geruch<\/li>\n<\/ul>\n<h4>Zutaten<\/h4>\n<p>Aqua, Aloe Barbadensis Leaf Extract*,Olea Europaea Fruit Extract*,Glycerin, Triethyl Citrate, cetearyl Alcohol,Glyceryl Stearate Citrate,Rosmarinus Officialis Leaf Extract*, Lavandula Angustifolia Flower Extrac*, Citrus Limon Peel Extract*,Zinc Ricinoleate,Moringa Oleifera Seed Extract, Polyglyceryl-3 Caprylate,Oryza Sativa Starch,Chamomilla Recutita Flower Extract,Calendula Officialis Flower Extract,Parfum,Xanthan Gum, Sodium Benzoate,Sodium Dehydroacetate,Glyceryl Laurate, Limonene,Linalool.<\/p>\n","protected":false},"excerpt":{"rendered":"<p>Produkt ohne Aluminium, so gesundheitssch\u00e4dlich. Es bietet Pflege und Hygiene dank Aloe Vera und Bio-Oliven\u00f6l. Eine nat\u00fcrliche und \u00f6kologische Alternative.<\/p>\n","protected":false},"featured_media":27196,"comment_status":"open","ping_status":"closed","template":"","meta":[],"product_brand":[],"product_cat":[1327],"product_tag":[],"class_list":{"0":"post-13471","1":"product","2":"type-product","3":"status-publish","4":"has-post-thumbnail","6":"product_cat-reinigung","8":"first","9":"instock","10":"taxable","11":"shipping-taxable","12":"purchasable","13":"product-type-simple"},"_links":{"self":[{"href":"https:\/\/optimistic-curran.87-106-228-167.plesk.page\/de\/wp-json\/wp\/v2\/product\/13471","targetHints":{"allow":["GET"]}}],"collection":[{"href":"https:\/\/optimistic-curran.87-106-228-167.plesk.page\/de\/wp-json\/wp\/v2\/product"}],"about":[{"href":"https:\/\/optimistic-curran.87-106-228-167.plesk.page\/de\/wp-json\/wp\/v2\/types\/product"}],"replies":[{"embeddable":true,"href":"https:\/\/optimistic-curran.87-106-228-167.plesk.page\/de\/wp-json\/wp\/v2\/comments?post=13471"}],"wp:featuredmedia":[{"embeddable":true,"href":"https:\/\/optimistic-curran.87-106-228-167.plesk.page\/de\/wp-json\/wp\/v2\/media\/27196"}],"wp:attachment":[{"href":"https:\/\/optimistic-curran.87-106-228-167.plesk.page\/de\/wp-json\/wp\/v2\/media?parent=13471"}],"wp:term":[{"taxonomy":"product_brand","embeddable":true,"href":"https:\/\/optimistic-curran.87-106-228-167.plesk.page\/de\/wp-json\/wp\/v2\/product_brand?post=13471"},{"taxonomy":"product_cat","embeddable":true,"href":"https:\/\/optimistic-curran.87-106-228-167.plesk.page\/de\/wp-json\/wp\/v2\/product_cat?post=13471"},{"taxonomy":"product_tag","embeddable":true,"href":"https:\/\/optimistic-curran.87-106-228-167.plesk.page\/de\/wp-json\/wp\/v2\/product_tag?post=13471"}],"curies":[{"name":"wp","href":"https:\/\/api.w.org\/{rel}","templated":true}]}}