{"id":13492,"date":"2020-02-29T14:28:13","date_gmt":"2020-02-29T14:28:13","guid":{"rendered":"https:\/\/gallant-thompson.87-106-228-167.plesk.page\/v2\/product\/reiner-aloe-vera-saft-99-7-500-ml\/"},"modified":"2026-04-17T07:30:37","modified_gmt":"2026-04-17T07:30:37","slug":"reiner-aloe-vera-saft-99-7-500-ml","status":"publish","type":"product","link":"https:\/\/optimistic-curran.87-106-228-167.plesk.page\/de\/produkt\/reiner-aloe-vera-saft-99-7-500-ml\/","title":{"rendered":"Reiner Aloe-Vera-Saft 99.7% (500 ml.)"},"content":{"rendered":"<h4><span class=\"title\">Beschreibung<\/span><\/h4>\n<p>Ideal f\u00fcr alle Probleme, die die interne K\u00f6rper zu beeinflussen. Nehmen Sie 20 ml Aloe Vera Saft auf n\u00fcchternen Magen 20 Minuten vor dem Fr\u00fchst\u00fcck. Eine t\u00e4gliche Einnahme von Aloe Vera Saft verbessert schlechte Verdauung. Es ist ideal, das k\u00f6rpereigene Immunsystem und Abwehrkr\u00e4fte, neben vielen anderen Vorteilen zu verj\u00fcngen und zu st\u00e4rken.<\/p>\n<h4>verwendet<\/h4>\n<ul>\n<li>innere Reinigung und Verj\u00fcngung<\/li>\n<li>St\u00e4rkt das Immunsystem<\/li>\n<li>S\u00e4ure<\/li>\n<li>Allergien<\/li>\n<li>Verdauungsst\u00f6rungen<\/li>\n<li>L\u00f6st Energieniveaus<\/li>\n<\/ul>\n<h4>Zutaten<\/h4>\n<p>Aloe Barbadensis, Ascorbic Acid, Potasium Sorbate, Sodium Benzoate.<\/p>\n","protected":false},"excerpt":{"rendered":"<p>Dank seines hohen Gehaltes an rein biologischer S\u00e4ure ist Aloe Vera ideal, um alle Probleme zu bek\u00e4mpfen, die den inneren K\u00f6rper betreffen: von Verdauungsst\u00f6rungen bis zu Allergien. Mit nur 20 ml Fasten wird das Immunsystem gest\u00e4rkt, von innen gereinigt und verj\u00fcngt.<\/p>\n","protected":false},"featured_media":27252,"comment_status":"open","ping_status":"closed","template":"","meta":[],"product_brand":[],"product_cat":[1020],"product_tag":[],"class_list":{"0":"post-13492","1":"product","2":"type-product","3":"status-publish","4":"has-post-thumbnail","6":"product_cat-aloe-vera-pure","8":"first","9":"outofstock","10":"taxable","11":"shipping-taxable","12":"purchasable","13":"product-type-simple"},"_links":{"self":[{"href":"https:\/\/optimistic-curran.87-106-228-167.plesk.page\/de\/wp-json\/wp\/v2\/product\/13492","targetHints":{"allow":["GET"]}}],"collection":[{"href":"https:\/\/optimistic-curran.87-106-228-167.plesk.page\/de\/wp-json\/wp\/v2\/product"}],"about":[{"href":"https:\/\/optimistic-curran.87-106-228-167.plesk.page\/de\/wp-json\/wp\/v2\/types\/product"}],"replies":[{"embeddable":true,"href":"https:\/\/optimistic-curran.87-106-228-167.plesk.page\/de\/wp-json\/wp\/v2\/comments?post=13492"}],"wp:featuredmedia":[{"embeddable":true,"href":"https:\/\/optimistic-curran.87-106-228-167.plesk.page\/de\/wp-json\/wp\/v2\/media\/27252"}],"wp:attachment":[{"href":"https:\/\/optimistic-curran.87-106-228-167.plesk.page\/de\/wp-json\/wp\/v2\/media?parent=13492"}],"wp:term":[{"taxonomy":"product_brand","embeddable":true,"href":"https:\/\/optimistic-curran.87-106-228-167.plesk.page\/de\/wp-json\/wp\/v2\/product_brand?post=13492"},{"taxonomy":"product_cat","embeddable":true,"href":"https:\/\/optimistic-curran.87-106-228-167.plesk.page\/de\/wp-json\/wp\/v2\/product_cat?post=13492"},{"taxonomy":"product_tag","embeddable":true,"href":"https:\/\/optimistic-curran.87-106-228-167.plesk.page\/de\/wp-json\/wp\/v2\/product_tag?post=13492"}],"curies":[{"name":"wp","href":"https:\/\/api.w.org\/{rel}","templated":true}]}}