{"id":16725,"date":"2020-06-11T12:27:51","date_gmt":"2020-06-11T12:27:51","guid":{"rendered":"https:\/\/gallant-thompson.87-106-228-167.plesk.page\/?post_type=product&#038;p=16725"},"modified":"2026-05-04T08:29:34","modified_gmt":"2026-05-04T08:29:34","slug":"shampoo-mit-aloe-vera-olivenol","status":"publish","type":"product","link":"https:\/\/optimistic-curran.87-106-228-167.plesk.page\/de\/produkt\/shampoo-mit-aloe-vera-olivenol\/","title":{"rendered":"Shampoo mit Aloe Vera und Oliven\u00f6l"},"content":{"rendered":"<p>Sch\u00fctzt und respektiert das nat\u00fcrliche Gleichgewicht des Haares und hinterl\u00e4sst ein angenehmes Gef\u00fchl von Frische und Wohlbefinden. F\u00fcr eine schonende Reinigung.<\/p>\n<ul>\n<li>Konzentrieren Sie sich auf<\/li>\n<li>N\u00fctzlich<\/li>\n<li>Hydratation<\/li>\n<li>Helligkeit<\/li>\n<li>Glattheit<\/li>\n<li>Restrukturiert gesch\u00e4digtes Haar<\/li>\n<\/ul>\n<h4>Zutaten<\/h4>\n<p>Aqua, Aloe Barbadensis Leaf Extract, Ammonium Lauryl Sulfate, Coco-Glucoside, Glycerin, Olea Europaea Fruit Extract, Glyceryl Oleate, Triticum Vulgare Germ Oil**, Rosmarinus Officinalis Leaf Extract*, Moringa Oleifera Seed Extract, Betaine, Parfum, Algin, Citric Acid, Maltodextrin, Benzyl Alcohol, Benzoic Acid, Sorbic Acid, Limonene, Linalool, Geraniol, Hexyl Cinnamal.**<br \/>\n*DE CULTIVO BIOLOGICO \/ FROM ORGANIC FARMING.<\/p>\n","protected":false},"excerpt":{"rendered":"<p>Verdeaurora Shampoo ist mit Bio-Aloe Vera und Oliven\u00f6l hergestellt. N\u00e4hrt das Haar und verleiht ihm dank seiner Zusammensetzung aus nat\u00fcrlichen Wirkstoffen Glanz und Geschmeidigkeit. Ideal para cualquier tipo de cabello.<\/p>\n<ul>\n<li><span style=\"font-weight: 400;\"><span style=\"font-weight: 400;\">200ml.<\/span><\/span><\/li>\n<\/ul>\n","protected":false},"featured_media":27176,"comment_status":"open","ping_status":"closed","template":"","meta":[],"product_brand":[],"product_cat":[1327],"product_tag":[],"class_list":{"0":"post-16725","1":"product","2":"type-product","3":"status-publish","4":"has-post-thumbnail","6":"product_cat-reinigung","8":"first","9":"instock","10":"taxable","11":"shipping-taxable","12":"purchasable","13":"product-type-simple"},"_links":{"self":[{"href":"https:\/\/optimistic-curran.87-106-228-167.plesk.page\/de\/wp-json\/wp\/v2\/product\/16725","targetHints":{"allow":["GET"]}}],"collection":[{"href":"https:\/\/optimistic-curran.87-106-228-167.plesk.page\/de\/wp-json\/wp\/v2\/product"}],"about":[{"href":"https:\/\/optimistic-curran.87-106-228-167.plesk.page\/de\/wp-json\/wp\/v2\/types\/product"}],"replies":[{"embeddable":true,"href":"https:\/\/optimistic-curran.87-106-228-167.plesk.page\/de\/wp-json\/wp\/v2\/comments?post=16725"}],"wp:featuredmedia":[{"embeddable":true,"href":"https:\/\/optimistic-curran.87-106-228-167.plesk.page\/de\/wp-json\/wp\/v2\/media\/27176"}],"wp:attachment":[{"href":"https:\/\/optimistic-curran.87-106-228-167.plesk.page\/de\/wp-json\/wp\/v2\/media?parent=16725"}],"wp:term":[{"taxonomy":"product_brand","embeddable":true,"href":"https:\/\/optimistic-curran.87-106-228-167.plesk.page\/de\/wp-json\/wp\/v2\/product_brand?post=16725"},{"taxonomy":"product_cat","embeddable":true,"href":"https:\/\/optimistic-curran.87-106-228-167.plesk.page\/de\/wp-json\/wp\/v2\/product_cat?post=16725"},{"taxonomy":"product_tag","embeddable":true,"href":"https:\/\/optimistic-curran.87-106-228-167.plesk.page\/de\/wp-json\/wp\/v2\/product_tag?post=16725"}],"curies":[{"name":"wp","href":"https:\/\/api.w.org\/{rel}","templated":true}]}}