{"id":25968,"date":"2023-08-10T08:29:08","date_gmt":"2023-08-10T08:29:08","guid":{"rendered":"https:\/\/gallant-thompson.87-106-228-167.plesk.page\/?post_type=product&#038;p=25968"},"modified":"2026-05-02T19:51:27","modified_gmt":"2026-05-02T19:51:27","slug":"mascarilla-facial-con-aloe-vera","status":"publish","type":"product","link":"https:\/\/optimistic-curran.87-106-228-167.plesk.page\/de\/produkt\/mascarilla-facial-con-aloe-vera\/","title":{"rendered":"4 in 1 Gesichtsmaske mit Aloe vera"},"content":{"rendered":"<p>Revitalisierung und Balance der Haut<\/p>\n<p>Entdecken Sie die innovative 4-in-1-Gesichtsmaske mit Aloe vera , eine Behandlung , die Ihre Haut verj\u00fcngt, Ihre Hautzu verj\u00fcngen, auszubalancieren und zu entgiften, mit einem sanften Peelingeffekt.<br \/>\nUnsere Bio-Aloe-Vera-Maske bietet eine tiefgreifende Reinigung, indem sie alle Unreinheiten entfernt, die durch die atmosph\u00e4rische alle Unreinheiten , die durch die Luftverschmutzung und den heutigen Lebensrhythmus verursacht werden.<br \/>\nZus\u00e4tzlich zu ihren bemerkenswerten ausgleichenden, reinigenden und feuchtigkeitsspendenden Eigenschaften, wirkt unsere Maske als nat\u00fcrliches Antioxidans und verleiht Ihrer Haut Vitalit\u00e4t, Frische und Elastizit\u00e4t.<\/p>\n<p>Erleben Sie eine Verwandlung Ihrer Gesichtspflege mit der Verdeaurora 4-in-1 Maske. Ihre Haut hat dieses Ma\u00df an Revitalisierung und Schutz verdient. Probieren Sie es jetzt aus und schenken Sie Ihrer Haut einen neuen Glanz!<\/p>\n<p>&nbsp;<\/p>\n<h3>Wirkstoffe der Aloe vera 4 in 1 Gesichtsmaske<\/h3>\n<p>Entdecken Sie die hochwirksamen Inhaltsstoffe unserer einzigartigen Formel, die in Synergie wirken, um Ihre Haut zu revitalisieren und zum Strahlen zu bringen. Jedes Element wurde sorgf\u00e4ltig aufgrund seiner au\u00dfergew\u00f6hnlichen Eigenschaften ausgew\u00e4hlt:<\/p>\n<ul>\n<li><strong>Aloe Vera<\/strong>: N\u00e4hrt, beruhigt und macht die Haut weich und verleiht ihr ein verj\u00fcngendes und erfrischendes Gef\u00fchl.<\/li>\n<li><strong>Aceite de Oliva<\/strong>: Sch\u00fctzt, n\u00e4hrt und spendet Feuchtigkeit und bildet eine nat\u00fcrliche Barriere f\u00fcr gesunde Haut.<\/li>\n<li><strong>Sheabutter<\/strong>: N\u00e4hrt, erweicht und regeneriert, gibt Vitalit\u00e4t und Elastizit\u00e4t zur\u00fcck.<\/li>\n<li><strong>Jojoba\u00f6l<\/strong>: Sch\u00fctzt und n\u00e4hrt die Haut, spendet ihr Feuchtigkeit und l\u00e4sst sie strahlen.<\/li>\n<li><strong>Hyalurons\u00e4ure<\/strong>: Spendet intensiv Feuchtigkeit und wirkt als Antioxidans f\u00fcr eine strahlende, jugendliche Haut.<\/li>\n<li><strong>Meerfenchel<\/strong>: Es bek\u00e4mpft die Umweltverschmutzung und bietet antioxidative Eigenschaften, die Ihre Haut sch\u00fctzen.<\/li>\n<li><strong>Grenada<\/strong>: Wirkt gegen Umweltverschmutzung und ist ein starkes Antioxidans f\u00fcr eine lebendige, revitalisierte Haut.<\/li>\n<li><strong>Lavendel<\/strong>: Sch\u00fctzt vor Umweltverschmutzung und enth\u00e4lt nat\u00fcrliche Antioxidantien, die die Frische der Haut erhalten.<\/li>\n<li><strong>Gr\u00fcne Tonerde<\/strong>: Reinigt und bringt die Haut wieder ins Gleichgewicht, reinigt sie gr\u00fcndlich und verleiht ihr ein neues Aussehen.<\/li>\n<li><strong>Reispulver<\/strong>: Wirkt beruhigend und ausgleichend und vermittelt ein Gef\u00fchl der Ruhe und Wiederherstellung.<\/li>\n<li><strong>Mikrokugeln aus Olivenbl\u00e4ttern<\/strong>: Peelt sanft, entfernt Unreinheiten und bringt die nat\u00fcrliche Ausstrahlung der Haut zum Vorschein.<\/li>\n<\/ul>\n<p>Entdecken Sie die Vorteile dieser einzigartigen Kombination bei jeder Anwendung.<\/p>\n<p>&nbsp;<\/p>\n<h3>Wie man es benutzt<\/h3>\n<p>Erzielen Sie strahlende Haut mit der Aloe vera Gesichtsmaske in 2 einfachen Schritten:<\/p>\n<ol>\n<li>Tragen Sie eine gleichm\u00e4\u00dfige Schicht unserer Maske auf Gesicht, Hals und Dekollet\u00e9 auf. Diese zarte Schicht wirkt revitalisierend auf Ihre Haut.<\/li>\n<li>Dauer der Aktion: 10 Minuten. Nach Ablauf der Einwirkzeit die Maske mit lauwarmem Wasser abnehmen, dabei kreisende Bewegungen ausf\u00fchren, um die Wirkung der Mikrogranulate zu nutzen, und dabei die Augen- und Lippenkonturen aussparen. Nutzen Sie Ihre Gesichtspflege-Routine mit der 4-in-1-Maske und genie\u00dfen Sie eine verj\u00fcngte und lebendige Haut.<\/li>\n<\/ol>\n<h3>Zutaten<\/h3>\n<blockquote><p>Aqua, Aloe Barbadensis Leaf Extract*, Olea Europaea Fruit Extract*, Glycerin, Solum Follonum, Butyrospermum Parkii Butter*, Simmondsia Chinensis Seed Oil*, Oryza Sativa Starch, Cetearyl Alcohol, Cetearyl Glucoside, Sodium Hyaluronate, Caprylic\/Capric Triglyceride, Punica Granatum Seed Oil, Lavandula Angustifolia Flower Extract*, Olea Europea Leaf Powder, Hydrogenated Jojoba Esters, Crithmum Maritimum Extract, Benzyl Alcohol, Salicylic Acid, Sorbic Acid, Sodium Dehydroacetate, Parfum, Xanthan Gum, Algin, Citric Acid, Limonene, Linalool.<\/p>\n<p>*DE CULT\u013aVO BIOLOGICO \/*FROM ORGANIC FARMING<\/p><\/blockquote>\n","protected":false},"excerpt":{"rendered":"<p><span style=\"font-weight: 400;\">Ausgleichend, reinigend und feuchtigkeitsspendend. Vitalit\u00e4t, Frische und Elastizit\u00e4t f\u00fcr Ihre Haut. Die innovative 4-in-1-Aloe Vera-Gesichtsmaske von Verdeaurora ist eine Gesichtsbehandlung, die Ihre Haut verj\u00fcngt, ausgleicht und reinigt und einen sanften Peelingeffekt hat.<br \/>\n<\/span><\/p>\n<ul>\n<li><span style=\"font-weight: 400;\">100 ml.<\/span><\/li>\n<\/ul>\n","protected":false},"featured_media":27236,"comment_status":"open","ping_status":"closed","template":"","meta":[],"product_brand":[],"product_cat":[1017],"product_tag":[],"class_list":{"0":"post-25968","1":"product","2":"type-product","3":"status-publish","4":"has-post-thumbnail","6":"product_cat-aloe-vera-gesichts","8":"first","9":"instock","10":"featured","11":"taxable","12":"shipping-taxable","13":"purchasable","14":"product-type-simple"},"_links":{"self":[{"href":"https:\/\/optimistic-curran.87-106-228-167.plesk.page\/de\/wp-json\/wp\/v2\/product\/25968","targetHints":{"allow":["GET"]}}],"collection":[{"href":"https:\/\/optimistic-curran.87-106-228-167.plesk.page\/de\/wp-json\/wp\/v2\/product"}],"about":[{"href":"https:\/\/optimistic-curran.87-106-228-167.plesk.page\/de\/wp-json\/wp\/v2\/types\/product"}],"replies":[{"embeddable":true,"href":"https:\/\/optimistic-curran.87-106-228-167.plesk.page\/de\/wp-json\/wp\/v2\/comments?post=25968"}],"wp:featuredmedia":[{"embeddable":true,"href":"https:\/\/optimistic-curran.87-106-228-167.plesk.page\/de\/wp-json\/wp\/v2\/media\/27236"}],"wp:attachment":[{"href":"https:\/\/optimistic-curran.87-106-228-167.plesk.page\/de\/wp-json\/wp\/v2\/media?parent=25968"}],"wp:term":[{"taxonomy":"product_brand","embeddable":true,"href":"https:\/\/optimistic-curran.87-106-228-167.plesk.page\/de\/wp-json\/wp\/v2\/product_brand?post=25968"},{"taxonomy":"product_cat","embeddable":true,"href":"https:\/\/optimistic-curran.87-106-228-167.plesk.page\/de\/wp-json\/wp\/v2\/product_cat?post=25968"},{"taxonomy":"product_tag","embeddable":true,"href":"https:\/\/optimistic-curran.87-106-228-167.plesk.page\/de\/wp-json\/wp\/v2\/product_tag?post=25968"}],"curies":[{"name":"wp","href":"https:\/\/api.w.org\/{rel}","templated":true}]}}