{"id":26044,"date":"2023-08-22T13:54:01","date_gmt":"2023-08-22T13:54:02","guid":{"rendered":"https:\/\/gallant-thompson.87-106-228-167.plesk.page\/?post_type=product&#038;p=26044"},"modified":"2026-05-02T19:51:18","modified_gmt":"2026-05-02T19:51:18","slug":"spulung-mit-aloe-vera","status":"publish","type":"product","link":"https:\/\/optimistic-curran.87-106-228-167.plesk.page\/de\/produkt\/spulung-mit-aloe-vera\/","title":{"rendered":"Pflegesp\u00fclung mit Aloe vera"},"content":{"rendered":"<p>Revitalisiert und sch\u00fctzt Ihr Haar auf nat\u00fcrliche Weise.<\/p>\n<p>Unser Aloe vera Conditioner ist viel mehr als nur eine Haarcreme. Entworfen sorgf\u00e4ltig um zu pflegen Ihr Haar, die Textur zu verbessern und sein Aussehen zu optimieren sowie sein Aussehen zu verbessern, au\u00dferdem das K\u00e4mmen erleichtert und die gef\u00fcrchteten Spliss verhindert.<br \/>\nGeeignet f\u00fcr glattes, lockiges oder gewelltes Haar; Dieser Conditioner ist die perfekte Wahl f\u00fcr dich.<\/p>\n<h4>Was zeichnet unseren Conditioner aus?<\/h4>\n<p>Seine einzigartige Formel ist mit pflanzlichen Wirkstoffen angereichert und frei von Silikonen. Diese Innovation garantiert eine sanfte Pflege f\u00fcr Haar und Kopfhaut, so dass Sie es jeden Tag ohne Bedenken anwenden k\u00f6nnen.<\/p>\n<p>Die Vorteile liegen auf der Hand: Tiefenpflege und Reparatur. Unsere Pflegesp\u00fclung gibt Ihrem Haar nicht nur Vitalit\u00e4t und Sch\u00f6nheit zur\u00fcck, sondern sch\u00fctzt es auch langfristig vor sch\u00e4dlichen \u00e4u\u00dferen Einfl\u00fcssen.<\/p>\n<h4>Welche Inhaltsstoffe enth\u00e4lt es?<\/h4>\n<p>Von Aloe-Vera-Extrakt und Oliven\u00f6l bis hin zu Sheabutter und Moringa-Extrakt &#8211; unsere einzigartige Kombination wirkt harmonisch und pflegt die Haare von der Wurzel bis zur Spitze. Lavendel, Rosmarin, Granatapfel und Meerfenchel sorgen f\u00fcr eine regenerierende Wirkung und bringen mit jeder Anwendung neue Vitalit\u00e4t.<\/p>\n<p>Zus\u00e4tzlich zu seinen Eigenschaften zeichnet sich unser Conditioner durch seine ausgleichende und reinigende Textur aus. Dieses Produkt ist frei von Parabenen, Silikonen und sch\u00e4dlichen Chemikalien und schont somit Ihr Haar und die Umwelt. Nehmen Sie nach der Haarw\u00e4sche eine kleine Menge des Produkts und verteilen Sie es im Haar, bevor Sie es aussp\u00fclen.<\/p>\n<p>Entdecken Sie das Geheimnis von weichem, gesundem und federndem Haar. Unser Nourishing Conditioner bietet Ihnen all diese Vorteile und noch mehr in einer t\u00e4glichen Haarpflege, die Ihr Haar verdient.<\/p>\n<p>&nbsp;<\/p>\n<h3>Wirkstoffe von Aloe vera Conditioner<\/h3>\n<p>Entdecken Sie die wirksamen Inhaltsstoffe in unserer einzigartigen Mischung, die Ihr Haar tiefgreifend n\u00e4hren und seine Gesundheit, Struktur und sein Aussehen verbessern.<\/p>\n<ul>\n<li><strong>Aloe Vera<\/strong>: Abschwellend, sch\u00fctzend und feuchtigkeitsspendend. Nat\u00fcrliche antibakterielle Wirkung.<\/li>\n<li><strong>Oliven\u00f6l<\/strong>: lindernd, sch\u00fctzend, n\u00e4hrend<\/li>\n<li><span style=\"font-weight: 400;\"><strong>Glyzerin<\/strong>: Pflanzliches Netzmittel<br \/>\n<\/span><\/li>\n<li><span style=\"font-weight: 400;\"><strong>Sheabutter<\/strong>: Feuchtigkeitsspendend, pflegend, weichmachend und antioxidativ<br \/>\n<\/span><\/li>\n<li><span style=\"font-weight: 400;\"><strong>Romero<\/strong>: Nat\u00fcrliche reinigende und antibakterielle Wirkung<br \/>\n<\/span><\/li>\n<li><span style=\"font-weight: 400;\"><strong>Lavandula Angustifolia-Bl\u00fctenextrakt<\/strong>: Nat\u00fcrliche antibakterielle Wirkung.<br \/>\n<\/span><\/li>\n<li><span style=\"font-weight: 400;\"><strong>Argan\u00f6l<\/strong>: Beruhigend, pflegend, weichmachend<br \/>\n<\/span><\/li>\n<li><strong>Grenada<\/strong>: Antioxidationsmittel, Anti-Aging<\/li>\n<li><strong>Meerfenchel<\/strong>: Reparierende, n\u00e4hrende und entgiftende Wirkung.<\/li>\n<\/ul>\n<p>Entdecken Sie die Vorteile dieser einzigartigen Kombination bei jeder Anwendung.<\/p>\n<p>&nbsp;<\/p>\n<h3>Wie man es benutzt<\/h3>\n<p>Massieren Sie nach der Haarw\u00e4sche einfach eine kleine Menge des Produkts in Ihr Haar ein und lassen Sie es vor dem Aussp\u00fclen etwa eine Minute einwirken.<br \/>\nUm die Wirkung der Aloe vera-Sp\u00fclung zu verst\u00e4rken, ist die perfekte Erg\u00e4nzung unser <a href=\"https:\/\/gallant-thompson.87-106-228-167.plesk.page\/de\/produkt\/shampoo-mit-aloe-vera-olivenol\/\" target=\"_blank\" rel=\"noopener\">Shampoo mit Aloe Vera und Oliven\u00f6l<\/a>.<\/p>\n<h3>Zutaten<\/h3>\n<blockquote><p>Aqua, Aloe Barbadensis Leaf Extract*, Cetearyl Alcohol , Olea Europaea Fruit Extract*, Glycerin, Butyrospermum Parkii Butter*, Octyldodecanol, Cetearyl Glucoside, Rosmarinus Officinalis Leaf Extract*, Lavandula Angustifolia Flower Extract*, Argania Spinosa Kernel Oil, Moringa Oleifera Seed Extract, Punica Granatum Seed Oil, Crithmum Maritimum Extract, Caprylic\/Capric Triglyceride, Sodium Dehydroacetate, Algin, Parfum, Benzyl Alcohol, Benzoic Acid, Sorbic Acid, Citric Acid, Maltodextrin, Linalool, Geraniol , Limonene , Hexyl Cinnamal.<br \/>\n*DER BIOLOGISCHEN KULTUR.<\/p><\/blockquote>\n","protected":false},"excerpt":{"rendered":"<p>Parabenfrei, silikonfrei. Besser f\u00fcr Sie und die Umwelt.<br \/>\n<span style=\"font-weight: 400;\">Die Aloe-vera-Sp\u00fclung n\u00e4hrt das Haar, verbessert seine Textur und sein Aussehen, macht es leichter k\u00e4mmbar und beugt Spliss vor.<br \/>\n<\/span><\/p>\n<ul>\n<li><span style=\"font-weight: 400;\">200 ml.<\/span><\/li>\n<\/ul>\n","protected":false},"featured_media":27172,"comment_status":"open","ping_status":"closed","template":"","meta":[],"product_brand":[],"product_cat":[1327],"product_tag":[],"class_list":{"0":"post-26044","1":"product","2":"type-product","3":"status-publish","4":"has-post-thumbnail","6":"product_cat-reinigung","8":"first","9":"instock","10":"featured","11":"taxable","12":"shipping-taxable","13":"purchasable","14":"product-type-simple"},"_links":{"self":[{"href":"https:\/\/optimistic-curran.87-106-228-167.plesk.page\/de\/wp-json\/wp\/v2\/product\/26044","targetHints":{"allow":["GET"]}}],"collection":[{"href":"https:\/\/optimistic-curran.87-106-228-167.plesk.page\/de\/wp-json\/wp\/v2\/product"}],"about":[{"href":"https:\/\/optimistic-curran.87-106-228-167.plesk.page\/de\/wp-json\/wp\/v2\/types\/product"}],"replies":[{"embeddable":true,"href":"https:\/\/optimistic-curran.87-106-228-167.plesk.page\/de\/wp-json\/wp\/v2\/comments?post=26044"}],"wp:featuredmedia":[{"embeddable":true,"href":"https:\/\/optimistic-curran.87-106-228-167.plesk.page\/de\/wp-json\/wp\/v2\/media\/27172"}],"wp:attachment":[{"href":"https:\/\/optimistic-curran.87-106-228-167.plesk.page\/de\/wp-json\/wp\/v2\/media?parent=26044"}],"wp:term":[{"taxonomy":"product_brand","embeddable":true,"href":"https:\/\/optimistic-curran.87-106-228-167.plesk.page\/de\/wp-json\/wp\/v2\/product_brand?post=26044"},{"taxonomy":"product_cat","embeddable":true,"href":"https:\/\/optimistic-curran.87-106-228-167.plesk.page\/de\/wp-json\/wp\/v2\/product_cat?post=26044"},{"taxonomy":"product_tag","embeddable":true,"href":"https:\/\/optimistic-curran.87-106-228-167.plesk.page\/de\/wp-json\/wp\/v2\/product_tag?post=26044"}],"curies":[{"name":"wp","href":"https:\/\/api.w.org\/{rel}","templated":true}]}}