{"id":13847,"date":"2020-04-04T09:49:29","date_gmt":"2020-04-04T09:49:29","guid":{"rendered":"https:\/\/gallant-thompson.87-106-228-167.plesk.page\/v2\/projet\/"},"modified":"2024-04-10T09:13:16","modified_gmt":"2024-04-10T09:13:16","slug":"projet","status":"publish","type":"page","link":"https:\/\/optimistic-curran.87-106-228-167.plesk.page\/fr\/projet\/","title":{"rendered":"Projet"},"content":{"rendered":"<div class=\"wpb-content-wrapper\"><p>[vc_row full_width=\u00a0\u00bbstretch_row_content_no_spaces\u00a0\u00bb disable_element=\u00a0\u00bbyes\u00a0\u00bb mobile_bg_img_hidden=\u00a0\u00bbno\u00a0\u00bb tablet_bg_img_hidden=\u00a0\u00bbno\u00a0\u00bb woodmart_parallax=\u00a0\u00bb0&Prime; woodmart_gradient_switch=\u00a0\u00bbno\u00a0\u00bb row_reverse_mobile=\u00a0\u00bb0&Prime; row_reverse_tablet=\u00a0\u00bb0&Prime; woodmart_disable_overflow=\u00a0\u00bb0&Prime; css=\u00a0\u00bb.vc_custom_1712740091152{margin-top: -50px !important;}\u00a0\u00bb woodmart_css_id=\u00a0\u00bb661656f436106&Prime; responsive_spacing=\u00a0\u00bbeyJwYXJhbV90eXBlIjoid29vZG1hcnRfcmVzcG9uc2l2ZV9zcGFjaW5nIiwic2VsZWN0b3JfaWQiOiI2NjE2NTZmNDM2MTA2Iiwic2hvcnRjb2RlIjoidmNfcm93IiwiZGF0YSI6eyJ0YWJsZXQiOnt9LCJtb2JpbGUiOnt9fX0=\u00a0\u00bb woodmart_box_shadow=\u00a0\u00bbno\u00a0\u00bb wd_z_index=\u00a0\u00bbno\u00a0\u00bb][vc_column][vc_column_text][rev_slider slidertitle=\u00a0\u00bbProyecto\u00a0\u00bb alias=\u00a0\u00bbhome-11&Prime;][\/vc_column_text][\/vc_column][\/vc_row][vc_row css=\u00a0\u00bb.vc_custom_1582029147088{margin-top: 40px !important;margin-bottom: 40px !important;}\u00a0\u00bb mobile_bg_img_hidden=\u00a0\u00bbno\u00a0\u00bb tablet_bg_img_hidden=\u00a0\u00bbno\u00a0\u00bb woodmart_parallax=\u00a0\u00bb0&Prime; woodmart_gradient_switch=\u00a0\u00bbno\u00a0\u00bb row_reverse_mobile=\u00a0\u00bb0&Prime; row_reverse_tablet=\u00a0\u00bb0&Prime; woodmart_disable_overflow=\u00a0\u00bb0&Prime;][vc_column mobile_bg_img_hidden=\u00a0\u00bbno\u00a0\u00bb tablet_bg_img_hidden=\u00a0\u00bbno\u00a0\u00bb woodmart_parallax=\u00a0\u00bb0&Prime; woodmart_sticky_column=\u00a0\u00bbfalse\u00a0\u00bb parallax_scroll=\u00a0\u00bbno\u00a0\u00bb mobile_reset_margin=\u00a0\u00bbno\u00a0\u00bb tablet_reset_margin=\u00a0\u00bbno\u00a0\u00bb][vc_row_inner css=\u00a0\u00bb.vc_custom_1582809275292{margin-bottom: 40px !important;}\u00a0\u00bb row_reverse_mobile=\u00a0\u00bb0&Prime; row_reverse_tablet=\u00a0\u00bb0&Prime;][vc_column_inner]\n\t\t<div id=\"wd-5e88cf8c3bac3\" class=\"title-wrapper wd-wpb wd-set-mb reset-last-child  wd-rs-5e88cf8c3bac3 wd-title-color-default wd-title-style-default text-center vc_custom_1586024354330 wd-underline-colored\">\n\t\t\t\t\t\t\t\n\t\t\t\t<div class=\"title-subtitle  subtitle-color-default font-alt subtitle-style-default wd-font-weight-600 wd-fontsize-xs\">Notre histoire<\/div>\n\t\t\t\n\t\t\t<div class=\"liner-continer\">\n\t\t\t\t<h1 class=\"woodmart-title-container title  wd-font-weight-100 wd-fontsize-xl\" >APPRENEZ \u00c0 NOUS EN SAVOIR PLUS<\/h1>\n\t\t\t\t\t\t\t<\/div>\n\t\t\t\n\t\t\t\n\t\t\t\n\t\t<\/div>\n\t\t\n\t\t[\/vc_column_inner][\/vc_row_inner][vc_row_inner css=\u00a0\u00bb.vc_custom_1582812247102{padding-right: 15px !important;padding-left: 15px !important;}\u00a0\u00bb row_reverse_mobile=\u00a0\u00bb0&Prime; row_reverse_tablet=\u00a0\u00bb0&Prime;][vc_column_inner width=\u00a0\u00bb1\/2&Prime; css=\u00a0\u00bb.vc_custom_1582812300334{padding-right: 40px !important;padding-left: 40px !important;}\u00a0\u00bb][vc_single_image image=\u00a0\u00bb14145&Prime; img_size=\u00a0\u00bbfull\u00a0\u00bb parallax_scroll=\u00a0\u00bbno\u00a0\u00bb][vc_single_image image=\u00a0\u00bb14149&Prime; img_size=\u00a0\u00bbfull\u00a0\u00bb parallax_scroll=\u00a0\u00bbno\u00a0\u00bb][\/vc_column_inner][vc_column_inner width=\u00a0\u00bb1\/2&Prime; css=\u00a0\u00bb.vc_custom_1582812346060{padding-right: 30px !important;padding-left: 30px !important;}\u00a0\u00bb][vc_column_text text_larger=\u00a0\u00bbno\u00a0\u00bb woodmart_inline=\u00a0\u00bbno\u00a0\u00bb]<\/p>\n<h2><span style=\"font-weight: 400;\"> COMMENT LE PROJET SE POSITIONNE <\/span><\/h2>\n<p>La ferme biologique Verdeaurora est n\u00e9e dans les ann\u00e9es 60 au c\u0153ur de Fuerteventura quand Antonio Mesa et Pilar Cabrera ont d\u00e9cid\u00e9 d&rsquo;acheter cette terre pour y planter des tomates. Auparavant, les terres \u00e9taient destin\u00e9es \u00e0 la plantation de c\u00e9r\u00e9ales et de l\u00e9gumineuses, comme c&rsquo;est le cas dans une grande partie de l&rsquo;\u00eele. Cependant, dans le relais g\u00e9n\u00e9rationnel du fils d&rsquo;Antonio et Pilar, Luis Mesa Cabrera, continue l&rsquo;activit\u00e9 de la tomate, mais en innovant dans la production avec la serre qui existe encore aujourd&rsquo;hui.<br \/>\nCe nouveau syst\u00e8me a permis un meilleur contr\u00f4le des conditions climatiques, en particulier du vent. En 1997, Luis Mesa et Cloti M\u00e9ndez ont d\u00e9cid\u00e9 que la ferme serait le lieu de cr\u00e9ation d&rsquo;une maison familiale pour \u00e9lever les jeunes Luis et Aurora.<\/p>\n<p>En 2000, Luis Mesa a \u00e9t\u00e9 contraint d&rsquo;abandonner l&rsquo;activit\u00e9 tomate en raison de diff\u00e9rentes situations telles que la concurrence marocaine et les difficult\u00e9s de la coop\u00e9ration insulaire.<br \/>\nPendant quelques ann\u00e9es, la ferme est rest\u00e9e sans activit\u00e9 productive jusqu&rsquo;en 2008, lorsque Luis Mesa, en raison de sa passion pour l&rsquo;agriculture, a d\u00e9cid\u00e9 de planter les 400 premiers oliviers de la ferme. Les ann\u00e9es suivantes, les plantations d&rsquo;Aloe Vera ont \u00e9t\u00e9 inaugur\u00e9es et 200 autres oliviers ont \u00e9t\u00e9 ajout\u00e9s.<\/p>\n<p>Parall\u00e8lement \u00e0 cette activit\u00e9 agricole, le projet des g\u00eetes de tourisme rural dont nous pouvons profiter aujourd&rsquo;hui a commenc\u00e9 \u00e0 prendre forme. En 2002, Cloti M\u00e9ndez, en raison d&rsquo;une situation quelque peu malheureuse, a d\u00e9cid\u00e9 d&rsquo;utiliser la maison o\u00f9 elle est n\u00e9e dans le village d&rsquo;El Roque pour le tourisme rural, cr\u00e9ant ainsi ce que nous connaissons aujourd&rsquo;hui sous le nom de Casa Tile. En 2006 ont suivi la Casa Pilar et la Casa Aurora, qui \u00e9tait autrefois une maison de construction typiquement majorquine, maison des anciens medianeros qui s&rsquo;occupaient des cultures de la ferme \u00e0 l&rsquo;\u00e9poque d&rsquo;Antonio Mesa.<\/p>\n<p>Le prochain grand changement, le saut \u00e0 la troisi\u00e8me g\u00e9n\u00e9ration, a eu lieu en 2013 lorsque Luis Mesa M\u00e9ndez est revenu \u00e0 Fuerteventura apr\u00e8s ses \u00e9tudes d&rsquo;architecture \u00e0 Madrid. D\u00e8s son arriv\u00e9e, il prend les r\u00eanes du projet familial, d\u00e9cidant de tout unifier sous le nom de Verdeaurora. C&rsquo;est lui qui a d\u00e9cid\u00e9 de faire le pas d&rsquo;ouvrir la ferme pour partager avec tous ceux qui veulent conna\u00eetre les traditions agricoles de Fuerteventura toujours sous le signe de la philosophie \u00e9cologique et du souci de l&rsquo;environnement.<\/p>\n<p>L&rsquo;activit\u00e9 au Verdeaurora commence et au fil des ans, le projet prend son envol et g\u00e9n\u00e8re une grande activit\u00e9 et du mouvement. Donc, en attendant le prochain grand changement que l&rsquo;\u00e9quipe vit depuis peu et qui consiste \u00e0 mettre en place la permaculture dans le jardin en 2020. Apr\u00e8s quelques jours intenses au cours du mois de f\u00e9vrier, entour\u00e9e de grands professionnels, qui ont transmis beaucoup de connaissances et d&rsquo;exp\u00e9rience, la famille Mesa M\u00e9ndez a profit\u00e9 de l&rsquo;enfermement pour g\u00e9n\u00e9rer un grand changement dans le jardin, qui se poursuit aujourd&rsquo;hui avec le reste de l&rsquo;\u00e9quipe. Nous sommes tr\u00e8s fiers de cette grande avanc\u00e9e et sommes impatients de la partager avec tous ceux qui veulent vivre une exp\u00e9rience diff\u00e9rente, entour\u00e9s de nature et de bien-\u00eatre.[\/vc_column_text][\/vc_column_inner][\/vc_row_inner][\/vc_column][\/vc_row][vc_row][vc_column][vc_empty_space height=\u00a0\u00bb40px\u00a0\u00bb woodmart_hide_large=\u00a0\u00bb0&Prime; woodmart_hide_medium=\u00a0\u00bb0&Prime; woodmart_hide_small=\u00a0\u00bb0&Prime; woodmart_hide_extra_small=\u00a0\u00bb0&Prime;][\/vc_column][\/vc_row][vc_row full_width=\u00a0\u00bbstretch_row\u00a0\u00bb css=\u00a0\u00bb.vc_custom_1583744096550{margin-bottom: 30px !important;background-color: #e7e7e7 !important;}\u00a0\u00bb mobile_bg_img_hidden=\u00a0\u00bbno\u00a0\u00bb tablet_bg_img_hidden=\u00a0\u00bbno\u00a0\u00bb woodmart_parallax=\u00a0\u00bb0&Prime; woodmart_gradient_switch=\u00a0\u00bbno\u00a0\u00bb row_reverse_mobile=\u00a0\u00bb0&Prime; row_reverse_tablet=\u00a0\u00bb0&Prime; woodmart_disable_overflow=\u00a0\u00bb0&Prime; el_id=\u00a0\u00bbaccionessostenibles\u00a0\u00bb][vc_column]\n\t\t<div id=\"wd-5e57bc57edafb\" class=\"title-wrapper wd-wpb wd-set-mb reset-last-child  wd-rs-5e57bc57edafb wd-title-color-default wd-title-style-default text-center  wd-underline-colored\">\n\t\t\t\n\t\t\t<div class=\"liner-continer\">\n\t\t\t\t<h4 class=\"woodmart-title-container title  wd-font-weight-100 wd-fontsize-xl\" >ACTIONS DE DURABILIT\u00c9<\/h4>\n\t\t\t\t\t\t\t<\/div>\n\t\t\t\n\t\t\t\t\t\t\t<div class=\"title-after_title reset-last-child  wd-fontsize-s\">Nous croyons en une gestion durable et respectueuse de l&#039;environnement afin d&#039;offrir des exp\u00e9riences et des produits de qualit\u00e9<\/div>\n\t\t\t\n\t\t\t\n\t\t<\/div>\n\t\t\n\t\t[vc_row_inner css=\u00a0\u00bb.vc_custom_1582811138422{padding-top: 20px !important;padding-right: 70px !important;padding-left: 70px !important;}\u00a0\u00bb row_reverse_mobile=\u00a0\u00bb0&Prime; row_reverse_tablet=\u00a0\u00bb0&Prime;][vc_column_inner width=\u00a0\u00bb1\/4&Prime;][vc_single_image image=\u00a0\u00bb12143&Prime; img_size=\u00a0\u00bb150&#215;150&Prime; alignment=\u00a0\u00bbcenter\u00a0\u00bb onclick=\u00a0\u00bbcustom_link\u00a0\u00bb parallax_scroll=\u00a0\u00bbno\u00a0\u00bb][vc_column_text text_larger=\u00a0\u00bbno\u00a0\u00bb]<\/p>\n<p style=\"text-align: center;\">Nous utilisons des panneaux solaires pour fournir \u00e0 la ferme suffisamment d&rsquo;\u00e9nergie gr\u00e2ce aux \u00e9nergies renouvelables, r\u00e9duisant ainsi la consommation d&rsquo;\u00e9nergie<\/p>\n<p>[\/vc_column_text][\/vc_column_inner][vc_column_inner width=\u00a0\u00bb1\/4&Prime;][vc_single_image image=\u00a0\u00bb12147&Prime; img_size=\u00a0\u00bb150&#215;150&Prime; alignment=\u00a0\u00bbcenter\u00a0\u00bb onclick=\u00a0\u00bbcustom_link\u00a0\u00bb parallax_scroll=\u00a0\u00bbno\u00a0\u00bb][vc_column_text text_larger=\u00a0\u00bbno\u00a0\u00bb css=\u00a0\u00bb.vc_custom_1582810980563{margin-bottom: 30px !important;}\u00a0\u00bb]<\/p>\n<p style=\"text-align: center;\"><span style=\"font-weight: 400;\">Nous avons cr\u00e9\u00e9 une R\u00e9serve ornithologique dans le but d&rsquo;offrir un espace pour la conservation et l&rsquo;observation des oiseaux qui nichent \u00e0 Fuerteventura<\/span><\/p>\n<p>[\/vc_column_text][\/vc_column_inner][vc_column_inner width=\u00a0\u00bb1\/4&Prime;][vc_single_image image=\u00a0\u00bb12151&Prime; img_size=\u00a0\u00bb150&#215;150&Prime; alignment=\u00a0\u00bbcenter\u00a0\u00bb onclick=\u00a0\u00bbcustom_link\u00a0\u00bb parallax_scroll=\u00a0\u00bbno\u00a0\u00bb][vc_column_text text_larger=\u00a0\u00bbno\u00a0\u00bb]<\/p>\n<p style=\"text-align: center;\"><span style=\"font-weight: 400;\">Verdeaurora Bio Farm a des certificats \u00e9cologiques CRAE gr\u00e2ce \u00e0 notre projet durable d&rsquo;aloe vera et d&rsquo;oliviers<\/span><\/p>\n<p>[\/vc_column_text][\/vc_column_inner][vc_column_inner width=\u00a0\u00bb1\/4&Prime;][vc_single_image image=\u00a0\u00bb12155&Prime; img_size=\u00a0\u00bb150&#215;150&Prime; alignment=\u00a0\u00bbcenter\u00a0\u00bb onclick=\u00a0\u00bbcustom_link\u00a0\u00bb parallax_scroll=\u00a0\u00bbno\u00a0\u00bb][vc_column_text text_larger=\u00a0\u00bbno\u00a0\u00bb]<\/p>\n<p style=\"text-align: center;\"><span style=\"font-weight: 400;\">Application des concepts et principes de la permaculture \u00e0 la conception, au d\u00e9veloppement et \u00e0 la gestion de syst\u00e8mes agricoles durables sur notre ferme<\/span><\/p>\n<p>[\/vc_column_text][\/vc_column_inner][\/vc_row_inner][\/vc_column][\/vc_row][vc_row css=\u00a0\u00bb.vc_custom_1582029147088{margin-top: 40px !important;margin-bottom: 40px !important;}\u00a0\u00bb mobile_bg_img_hidden=\u00a0\u00bbno\u00a0\u00bb tablet_bg_img_hidden=\u00a0\u00bbno\u00a0\u00bb woodmart_parallax=\u00a0\u00bb0&Prime; woodmart_gradient_switch=\u00a0\u00bbno\u00a0\u00bb row_reverse_mobile=\u00a0\u00bb0&Prime; row_reverse_tablet=\u00a0\u00bb0&Prime; woodmart_disable_overflow=\u00a0\u00bb0&Prime;][vc_column mobile_bg_img_hidden=\u00a0\u00bbno\u00a0\u00bb tablet_bg_img_hidden=\u00a0\u00bbno\u00a0\u00bb woodmart_parallax=\u00a0\u00bb0&Prime; woodmart_sticky_column=\u00a0\u00bbfalse\u00a0\u00bb parallax_scroll=\u00a0\u00bbno\u00a0\u00bb mobile_reset_margin=\u00a0\u00bbno\u00a0\u00bb tablet_reset_margin=\u00a0\u00bbno\u00a0\u00bb]\n\t\t<div id=\"wd-600fd56fcb86a\" class=\"title-wrapper wd-wpb wd-set-mb reset-last-child  wd-rs-600fd56fcb86a wd-title-color-default wd-title-style-default text-left vc_custom_1611650430413 wd-underline-colored\">\n\t\t\t\n\t\t\t<div class=\"liner-continer\">\n\t\t\t\t<h4 class=\"woodmart-title-container title  wd-font-weight-100 wd-fontsize-xl\" >MISSION, VISION ET VALEURS DE VERDEAURORA<\/h4>\n\t\t\t\t\t\t\t<\/div>\n\t\t\t\n\t\t\t\n\t\t\t\n\t\t<\/div>\n\t\t\n\t\t[vc_column_text text_larger=\u00a0\u00bbno\u00a0\u00bb]<strong>MISSION :<\/strong><br \/>\nLa conscience de soi et la conscience commune, \u00e0 partir d&rsquo;un projet de vie, centr\u00e9 sur le respect de la Terre que nous habitons.<\/p>\n<p><strong>VISION :<\/strong><br \/>\nS&rsquo;orienter vers l&rsquo;autosuffisance de mani\u00e8re durable gr\u00e2ce \u00e0 l&rsquo;apprentissage continu en vue d&rsquo;une diffusion ult\u00e9rieure.<\/p>\n<p><strong>VALEURS :<\/strong><\/p>\n<ul>\n<li>Sensibilisation \u00e9cologique et sociale<\/li>\n<li>Engagement<\/li>\n<li>Qualit\u00e9<\/li>\n<li>Bien-\u00eatre<\/li>\n<li>Respect<\/li>\n<\/ul>\n<p>[\/vc_column_text][vc_row_inner css=\u00a0\u00bb.vc_custom_1582811869264{margin-top: 40px !important;}\u00a0\u00bb row_reverse_mobile=\u00a0\u00bb0&Prime; row_reverse_tablet=\u00a0\u00bb0&Prime;][vc_column_inner width=\u00a0\u00bb1\/3&Prime;][vc_single_image image=\u00a0\u00bb12170&Prime; img_size=\u00a0\u00bbfull\u00a0\u00bb parallax_scroll=\u00a0\u00bbno\u00a0\u00bb][\/vc_column_inner][vc_column_inner width=\u00a0\u00bb1\/3&Prime;][vc_single_image image=\u00a0\u00bb13836&Prime; img_size=\u00a0\u00bbfull\u00a0\u00bb parallax_scroll=\u00a0\u00bbno\u00a0\u00bb][\/vc_column_inner][vc_column_inner width=\u00a0\u00bb1\/3&Prime;][vc_single_image image=\u00a0\u00bb12166&Prime; img_size=\u00a0\u00bbfull\u00a0\u00bb parallax_scroll=\u00a0\u00bbno\u00a0\u00bb][\/vc_column_inner][\/vc_row_inner][\/vc_column][\/vc_row]<\/p>\n<\/div>","protected":false},"excerpt":{"rendered":"<p>[vc_row full_width=\u00a0\u00bbstretch_row_content_no_spaces\u00a0\u00bb disable_element=\u00a0\u00bbyes\u00a0\u00bb mobile_bg_img_hidden=\u00a0\u00bbno\u00a0\u00bb tablet_bg_img_hidden=\u00a0\u00bbno\u00a0\u00bb woodmart_parallax=\u00a0\u00bb0&Prime; woodmart_gradient_switch=\u00a0\u00bbno\u00a0\u00bb row_reverse_mobile=\u00a0\u00bb0&Prime; row_reverse_tablet=\u00a0\u00bb0&Prime; woodmart_disable_overflow=\u00a0\u00bb0&Prime; css=\u00a0\u00bb.vc_custom_1712740091152{margin-top: -50px !important;}\u00a0\u00bb woodmart_css_id=\u00a0\u00bb661656f436106&Prime; responsive_spacing=\u00a0\u00bbeyJwYXJhbV90eXBlIjoid29vZG1hcnRfcmVzcG9uc2l2ZV9zcGFjaW5nIiwic2VsZWN0b3JfaWQiOiI2NjE2NTZmNDM2MTA2Iiwic2hvcnRjb2RlIjoidmNfcm93IiwiZGF0YSI6eyJ0YWJsZXQiOnt9LCJtb2JpbGUiOnt9fX0=\u00a0\u00bb woodmart_box_shadow=\u00a0\u00bbno\u00a0\u00bb wd_z_index=\u00a0\u00bbno\u00a0\u00bb][vc_column][vc_column_text][rev_slider slidertitle=\u00a0\u00bbProyecto\u00a0\u00bb alias=\u00a0\u00bbhome-11&Prime;][\/vc_column_text][\/vc_column][\/vc_row][vc_row css=\u00a0\u00bb.vc_custom_1582029147088{margin-top:<\/p>\n","protected":false},"author":6431,"featured_media":0,"parent":0,"menu_order":0,"comment_status":"closed","ping_status":"closed","template":"","meta":{"footnotes":""},"class_list":["post-13847","page","type-page","status-publish","hentry"],"_links":{"self":[{"href":"https:\/\/optimistic-curran.87-106-228-167.plesk.page\/fr\/wp-json\/wp\/v2\/pages\/13847","targetHints":{"allow":["GET"]}}],"collection":[{"href":"https:\/\/optimistic-curran.87-106-228-167.plesk.page\/fr\/wp-json\/wp\/v2\/pages"}],"about":[{"href":"https:\/\/optimistic-curran.87-106-228-167.plesk.page\/fr\/wp-json\/wp\/v2\/types\/page"}],"author":[{"embeddable":true,"href":"https:\/\/optimistic-curran.87-106-228-167.plesk.page\/fr\/wp-json\/wp\/v2\/users\/6431"}],"replies":[{"embeddable":true,"href":"https:\/\/optimistic-curran.87-106-228-167.plesk.page\/fr\/wp-json\/wp\/v2\/comments?post=13847"}],"version-history":[{"count":0,"href":"https:\/\/optimistic-curran.87-106-228-167.plesk.page\/fr\/wp-json\/wp\/v2\/pages\/13847\/revisions"}],"wp:attachment":[{"href":"https:\/\/optimistic-curran.87-106-228-167.plesk.page\/fr\/wp-json\/wp\/v2\/media?parent=13847"}],"curies":[{"name":"wp","href":"https:\/\/api.w.org\/{rel}","templated":true}]}}