{"id":13942,"date":"2020-04-05T09:54:37","date_gmt":"2020-04-05T09:54:37","guid":{"rendered":"https:\/\/gallant-thompson.87-106-228-167.plesk.page\/v2\/sustainable-tourism\/"},"modified":"2022-01-08T10:57:12","modified_gmt":"2022-01-08T10:57:12","slug":"sustainable-tourism","status":"publish","type":"page","link":"https:\/\/optimistic-curran.87-106-228-167.plesk.page\/fr\/sustainable-tourism\/","title":{"rendered":"Sustainable Tourism"},"content":{"rendered":"<div class=\"wpb-content-wrapper\"><p>[vc_row css=\u00a0\u00bb.vc_custom_1583323344336{margin-top: -50px !important;}\u00a0\u00bb mobile_bg_img_hidden=\u00a0\u00bbno\u00a0\u00bb tablet_bg_img_hidden=\u00a0\u00bbno\u00a0\u00bb woodmart_parallax=\u00a0\u00bb0&Prime; woodmart_gradient_switch=\u00a0\u00bbno\u00a0\u00bb row_reverse_mobile=\u00a0\u00bb0&Prime; row_reverse_tablet=\u00a0\u00bb0&Prime; woodmart_disable_overflow=\u00a0\u00bb0&Prime;][vc_column][rev_slider slidertitle=\u00a0\u00bbAlojamientos\u00a0\u00bb alias=\u00a0\u00bbhome-1&Prime;][\/vc_column][\/vc_row][vc_row css=\u00a0\u00bb.vc_custom_1583408251969{margin-top: 30px !important;}\u00a0\u00bb mobile_bg_img_hidden=\u00a0\u00bbno\u00a0\u00bb tablet_bg_img_hidden=\u00a0\u00bbno\u00a0\u00bb woodmart_parallax=\u00a0\u00bb0&Prime; woodmart_gradient_switch=\u00a0\u00bbno\u00a0\u00bb row_reverse_mobile=\u00a0\u00bb0&Prime; row_reverse_tablet=\u00a0\u00bb0&Prime; woodmart_disable_overflow=\u00a0\u00bb0&Prime;][vc_column mobile_bg_img_hidden=\u00a0\u00bbno\u00a0\u00bb tablet_bg_img_hidden=\u00a0\u00bbno\u00a0\u00bb woodmart_parallax=\u00a0\u00bb0&Prime; woodmart_sticky_column=\u00a0\u00bbfalse\u00a0\u00bb parallax_scroll=\u00a0\u00bbno\u00a0\u00bb mobile_reset_margin=\u00a0\u00bbno\u00a0\u00bb tablet_reset_margin=\u00a0\u00bbno\u00a0\u00bb][vc_row_inner css=\u00a0\u00bb.vc_custom_1582809275292{margin-bottom: 40px !important;}\u00a0\u00bb row_reverse_mobile=\u00a0\u00bb0&Prime; row_reverse_tablet=\u00a0\u00bb0&Prime;][vc_column_inner]\n\t\t<div id=\"wd-5e8ee035d7656\" class=\"title-wrapper wd-wpb wd-set-mb reset-last-child  wd-rs-5e8ee035d7656 wd-title-color-default wd-title-style-default text-center vc_custom_1586421821246 wd-underline-colored\">\n\t\t\t\t\t\t\t\n\t\t\t\t<div class=\"title-subtitle  subtitle-color-default font-alt subtitle-style-default wd-font-weight-600 wd-fontsize-xs\">Connecter<\/div>\n\t\t\t\n\t\t\t<div class=\"liner-continer\">\n\t\t\t\t<h1 class=\"woodmart-title-container title  wd-font-weight-100 wd-fontsize-xl\" >SUSTAINABLE TOURISM<\/h1>\n\t\t\t\t\t\t\t<\/div>\n\t\t\t\n\t\t\t\n\t\t\t\n\t\t<\/div>\n\t\t\n\t\t[\/vc_column_inner][\/vc_row_inner][\/vc_column][\/vc_row][vc_row mobile_bg_img_hidden=\u00a0\u00bbno\u00a0\u00bb tablet_bg_img_hidden=\u00a0\u00bbno\u00a0\u00bb woodmart_parallax=\u00a0\u00bb0&Prime; woodmart_gradient_switch=\u00a0\u00bbno\u00a0\u00bb row_reverse_mobile=\u00a0\u00bb0&Prime; row_reverse_tablet=\u00a0\u00bb0&Prime; woodmart_disable_overflow=\u00a0\u00bb0&Prime; css=\u00a0\u00bb.vc_custom_1583409840705{margin-bottom: 20px !important;}\u00a0\u00bb el_id=\u00a0\u00bbelcorazondelaisla\u00a0\u00bb][vc_column width=\u00a0\u00bb1\/2&Prime;][vc_single_image image=\u00a0\u00bb13237&Prime; img_size=\u00a0\u00bbfull\u00a0\u00bb parallax_scroll=\u00a0\u00bbno\u00a0\u00bb][\/vc_column][vc_column width=\u00a0\u00bb1\/2&Prime; css=\u00a0\u00bb.vc_custom_1582639298314{padding-top: 30px !important;padding-right: 30px !important;padding-bottom: 30px !important;padding-left: 30px !important;}\u00a0\u00bb mobile_bg_img_hidden=\u00a0\u00bbno\u00a0\u00bb tablet_bg_img_hidden=\u00a0\u00bbno\u00a0\u00bb woodmart_parallax=\u00a0\u00bb0&Prime; woodmart_sticky_column=\u00a0\u00bbfalse\u00a0\u00bb parallax_scroll=\u00a0\u00bbno\u00a0\u00bb mobile_reset_margin=\u00a0\u00bbno\u00a0\u00bb tablet_reset_margin=\u00a0\u00bbno\u00a0\u00bb]\n\t\t<div id=\"wd-5e60e6587d4f0\" class=\"title-wrapper wd-wpb wd-set-mb reset-last-child  wd-rs-5e60e6587d4f0 wd-title-color-default wd-title-style-default text-left vc_custom_1583408737195 wd-underline-colored\">\n\t\t\t\n\t\t\t<div class=\"liner-continer\">\n\t\t\t\t<h4 class=\"woodmart-title-container title  wd-font-weight-300 wd-fontsize-xl\" >LE COEUR DE L'ILE<\/h4>\n\t\t\t\t\t\t\t<\/div>\n\t\t\t\n\t\t\t\n\t\t\t\n\t\t<\/div>\n\t\t\n\t\t[vc_column_text text_larger=\u00a0\u00bbno\u00a0\u00bb]Tenicosquey est situ\u00e9 au c\u0153ur de Fuerteventura, une zone naturelle et d\u00e9sertique o\u00f9 la nature est le seul protagoniste.<\/p>\n<p>Casa Pilar, Casa Aurora et Casa Tarabilla sont situ\u00e9es entre Los Cuchillos de Viag\u00e1n et l&rsquo;espace naturel prot\u00e9g\u00e9 de Malpa\u00eds Grande. La v\u00e9g\u00e9tation est clairsem\u00e9e, l&rsquo;horizon couvert de vall\u00e9es et de couteaux.<\/p>\n<p>Situ\u00e9s au centre de la r\u00e9serve de biosph\u00e8re, ces h\u00e9bergements ont une situation unique et o\u00f9 vous pouvez vous connecter avec le paysage le plus sauvage et le plus unique de l&rsquo;\u00eele.[\/vc_column_text]<div id=\"wd-5e8c8a00d0010\" class=\" wd-rs-5e8c8a00d0010  wd-button-wrapper text-center\"><a href=\"https:\/\/verdeaurora.com\/fr\/sustainable-tourism\/des-maisons-rurales\/\" title=\"Des maisons rurales\" class=\"btn btn-color-primary btn-style-default btn-shape-rectangle btn-size-default btn-full-width\" target=\"_blank\" rel=\"noopener\">VOIR TOUS LES H\u00c9BERGEMENTS<\/a><\/div>[\/vc_column][\/vc_row][vc_row mobile_bg_img_hidden=\u00a0\u00bbno\u00a0\u00bb tablet_bg_img_hidden=\u00a0\u00bbno\u00a0\u00bb woodmart_parallax=\u00a0\u00bb0&Prime; woodmart_gradient_switch=\u00a0\u00bbno\u00a0\u00bb row_reverse_mobile=\u00a0\u00bb0&Prime; row_reverse_tablet=\u00a0\u00bb0&Prime; woodmart_disable_overflow=\u00a0\u00bb0&Prime; css=\u00a0\u00bb.vc_custom_1583408347450{margin-bottom: 35px !important;}\u00a0\u00bb][vc_column width=\u00a0\u00bb1\/2&Prime;][vc_single_image image=\u00a0\u00bb13243&Prime; img_size=\u00a0\u00bbfull\u00a0\u00bb parallax_scroll=\u00a0\u00bbno\u00a0\u00bb][\/vc_column][vc_column width=\u00a0\u00bb1\/2&Prime; css=\u00a0\u00bb.vc_custom_1582639298314{padding-top: 30px !important;padding-right: 30px !important;padding-bottom: 30px !important;padding-left: 30px !important;}\u00a0\u00bb mobile_bg_img_hidden=\u00a0\u00bbno\u00a0\u00bb tablet_bg_img_hidden=\u00a0\u00bbno\u00a0\u00bb woodmart_parallax=\u00a0\u00bb0&Prime; woodmart_sticky_column=\u00a0\u00bbfalse\u00a0\u00bb parallax_scroll=\u00a0\u00bbno\u00a0\u00bb mobile_reset_margin=\u00a0\u00bbno\u00a0\u00bb tablet_reset_margin=\u00a0\u00bbno\u00a0\u00bb]\n\t\t<div id=\"wd-5e60e4f0ee211\" class=\"title-wrapper wd-wpb wd-set-mb reset-last-child  wd-rs-5e60e4f0ee211 wd-title-color-default wd-title-style-default text-left  wd-underline-colored\">\n\t\t\t\n\t\t\t<div class=\"liner-continer\">\n\t\t\t\t<h4 class=\"woodmart-title-container title  wd-font-weight-300 wd-fontsize-xl\" >NORD DEVANT LA MER<\/h4>\n\t\t\t\t\t\t\t<\/div>\n\t\t\t\n\t\t\t\n\t\t\t\n\t\t<\/div>\n\t\t\n\t\t[vc_column_text text_larger=\u00a0\u00bbno\u00a0\u00bb]<br \/>\nSitu\u00e9 \u00e0 La Oliva, est la ville d&rsquo;El Cotillo. Et l\u00e0, les appartements des marins.<\/p>\n<p>Ruelles \u00e9troites au charme traditionnel des villages de p\u00eacheurs, parsem\u00e9es de coins curieux et inattendus.<\/p>\n<p>La population locale se m\u00eale aux voyageurs attir\u00e9s par la beaut\u00e9 des lieux, tout comme les marins pour le chant d&rsquo;une sir\u00e8ne.<\/p>\n<p>L&rsquo;aube saluant l&rsquo;oc\u00e9an Atlantique, dites au revoir \u00e0 un autre jour en compagnie d&rsquo;un coucher de soleil spectaculaire.<br \/>\n[\/vc_column_text]<div id=\"wd-5e8c8a0f22e8b\" class=\" wd-rs-5e8c8a0f22e8b  wd-button-wrapper text-center\"><a href=\"https:\/\/verdeaurora.com\/fr\/sustainable-tourism\/des-maisons-rurales\/\" title=\"Des maisons rurales\" class=\"btn btn-color-primary btn-style-default btn-shape-rectangle btn-size-default btn-full-width\" target=\"_blank\" rel=\"noopener\">VOIR TOUS LES H\u00c9BERGEMENTS<\/a><\/div>[\/vc_column][\/vc_row][vc_row mobile_bg_img_hidden=\u00a0\u00bbno\u00a0\u00bb tablet_bg_img_hidden=\u00a0\u00bbno\u00a0\u00bb woodmart_parallax=\u00a0\u00bb0&Prime; woodmart_gradient_switch=\u00a0\u00bbno\u00a0\u00bb row_reverse_mobile=\u00a0\u00bb0&Prime; row_reverse_tablet=\u00a0\u00bb0&Prime; woodmart_disable_overflow=\u00a0\u00bb0&Prime; css=\u00a0\u00bb.vc_custom_1583408347450{margin-bottom: 35px !important;}\u00a0\u00bb][vc_column width=\u00a0\u00bb1\/2&Prime;][vc_single_image image=\u00a0\u00bb13952&Prime; img_size=\u00a0\u00bbfull\u00a0\u00bb parallax_scroll=\u00a0\u00bbno\u00a0\u00bb][\/vc_column][vc_column width=\u00a0\u00bb1\/2&Prime; css=\u00a0\u00bb.vc_custom_1582639298314{padding-top: 30px !important;padding-right: 30px !important;padding-bottom: 30px !important;padding-left: 30px !important;}\u00a0\u00bb mobile_bg_img_hidden=\u00a0\u00bbno\u00a0\u00bb tablet_bg_img_hidden=\u00a0\u00bbno\u00a0\u00bb woodmart_parallax=\u00a0\u00bb0&Prime; woodmart_sticky_column=\u00a0\u00bbfalse\u00a0\u00bb parallax_scroll=\u00a0\u00bbno\u00a0\u00bb mobile_reset_margin=\u00a0\u00bbno\u00a0\u00bb tablet_reset_margin=\u00a0\u00bbno\u00a0\u00bb]\n\t\t<div id=\"wd-5eb901cd2e92c\" class=\"title-wrapper wd-wpb wd-set-mb reset-last-child  wd-rs-5eb901cd2e92c wd-title-color-default wd-title-style-default text-left  wd-underline-colored\">\n\t\t\t\n\t\t\t<div class=\"liner-continer\">\n\t\t\t\t<h4 class=\"woodmart-title-container title  wd-font-weight-300 wd-fontsize-xl\" >ENTRE LA MER ET LA MONTAGNE<\/h4>\n\t\t\t\t\t\t\t<\/div>\n\t\t\t\n\t\t\t\n\t\t\t\n\t\t<\/div>\n\t\t\n\t\t[vc_column_text text_larger=\u00a0\u00bbno\u00a0\u00bb]<br \/>\nA quelques kilom\u00e8tres des plages sauvages d&rsquo;El Cotillo, de la montagne magique de Tindaya et du Malpa\u00eds de la Mascona, symboles de la r\u00e9serve de la biosph\u00e8re de Fuerteventura.<\/p>\n<p>La Casa Tile est une maison centenaire traditionnelle de la Majorera, qui combine l&rsquo;architecture ancienne avec le confort moderne, ce qui la rend particuli\u00e8rement confortable. Plusieurs g\u00e9n\u00e9rations de la famille Mesa ont v\u00e9cu ici et maintenant ils veulent que vous en profitiez comme d&rsquo;un.[\/vc_column_text]<div id=\"wd-5e8c8a0f22e8b\" class=\" wd-rs-5e8c8a0f22e8b  wd-button-wrapper text-center\"><a href=\"https:\/\/verdeaurora.com\/fr\/sustainable-tourism\/des-maisons-rurales\/\" title=\"Des maisons rurales\" class=\"btn btn-color-primary btn-style-default btn-shape-rectangle btn-size-default btn-full-width\" target=\"_blank\" rel=\"noopener\">VOIR TOUS LES H\u00c9BERGEMENTS<\/a><\/div>[\/vc_column][\/vc_row][vc_row disable_element=\u00a0\u00bbyes\u00a0\u00bb mobile_bg_img_hidden=\u00a0\u00bbno\u00a0\u00bb tablet_bg_img_hidden=\u00a0\u00bbno\u00a0\u00bb woodmart_parallax=\u00a0\u00bb0&Prime; woodmart_gradient_switch=\u00a0\u00bbno\u00a0\u00bb row_reverse_mobile=\u00a0\u00bb0&Prime; row_reverse_tablet=\u00a0\u00bb0&Prime; woodmart_disable_overflow=\u00a0\u00bb0&Prime;][vc_column mobile_bg_img_hidden=\u00a0\u00bbno\u00a0\u00bb tablet_bg_img_hidden=\u00a0\u00bbno\u00a0\u00bb woodmart_parallax=\u00a0\u00bb0&Prime; woodmart_sticky_column=\u00a0\u00bbfalse\u00a0\u00bb parallax_scroll=\u00a0\u00bbno\u00a0\u00bb mobile_reset_margin=\u00a0\u00bbno\u00a0\u00bb tablet_reset_margin=\u00a0\u00bbno\u00a0\u00bb][vc_row_inner row_reverse_mobile=\u00a0\u00bb0&Prime; row_reverse_tablet=\u00a0\u00bb0&Prime; css=\u00a0\u00bb.vc_custom_1584526567274{padding-bottom: 20px !important;}\u00a0\u00bb][vc_column_inner]\n\t\t<div id=\"wd-5e60e6ab96772\" class=\"title-wrapper wd-wpb wd-set-mb reset-last-child  wd-rs-5e60e6ab96772 wd-title-color-default wd-title-style-default text-center vc_custom_1583408822247 wd-underline-colored\">\n\t\t\t\n\t\t\t<div class=\"liner-continer\">\n\t\t\t\t<h4 class=\"woodmart-title-container title  wd-font-weight-100 wd-fontsize-xl\" >A VOTRE MESURE<\/h4>\n\t\t\t\t\t\t\t<\/div>\n\t\t\t\n\t\t\t\n\t\t\t\n\t\t<\/div>\n\t\t\n\t\t[\/vc_column_inner][\/vc_row_inner][vc_row_inner][vc_column_inner width=\u00a0\u00bb1\/4&Prime; css=\u00a0\u00bb.vc_custom_1584609628720{margin-bottom: 40px !important;}\u00a0\u00bb][vc_icon icon_fontawesome=\u00a0\u00bbfas fa-hiking\u00a0\u00bb color=\u00a0\u00bbcustom\u00a0\u00bb size=\u00a0\u00bbxl\u00a0\u00bb align=\u00a0\u00bbcenter\u00a0\u00bb custom_color=\u00a0\u00bb#d1d1d1&Prime;]<div id=\"wd-5e71f59663928\" class=\" wd-rs-5e71f59663928  wd-button-wrapper text-center\"><a href=\"https:\/\/verdeaurora.com\/sustainable-tourism\/aventura-solitario\/\" title=\"\" class=\"btn btn-color-primary btn-style-default btn-shape-rectangle btn-size-default btn-full-width\" target=\"_blank\" rel=\"noopener\">Aventure en solo<\/a><\/div>[\/vc_column_inner][vc_column_inner width=\u00a0\u00bb1\/4&Prime; css=\u00a0\u00bb.vc_custom_1584609638399{margin-bottom: 40px !important;}\u00a0\u00bb][vc_icon icon_fontawesome=\u00a0\u00bbfas fa-heart\u00a0\u00bb color=\u00a0\u00bbcustom\u00a0\u00bb size=\u00a0\u00bbxl\u00a0\u00bb align=\u00a0\u00bbcenter\u00a0\u00bb custom_color=\u00a0\u00bb#d1d1d1&Prime;]<div id=\"wd-5e71f5a6aa8d7\" class=\" wd-rs-5e71f5a6aa8d7  wd-button-wrapper text-center\"><a href=\"https:\/\/verdeaurora.com\/sustainable-tourism\/escapada-en-pareja\/\" title=\"Escapade en couple\" class=\"btn btn-color-primary btn-style-default btn-shape-rectangle btn-size-default btn-full-width\" target=\"_blank\" rel=\"noopener\">Escapade en couple<\/a><\/div>[\/vc_column_inner][vc_column_inner width=\u00a0\u00bb1\/4&Prime; css=\u00a0\u00bb.vc_custom_1584609646813{margin-bottom: 40px !important;}\u00a0\u00bb][vc_icon icon_fontawesome=\u00a0\u00bbfas fa-plane-departure\u00a0\u00bb color=\u00a0\u00bbcustom\u00a0\u00bb size=\u00a0\u00bbxl\u00a0\u00bb align=\u00a0\u00bbcenter\u00a0\u00bb custom_color=\u00a0\u00bb#d1d1d1&Prime;]<div id=\"wd-5e71f5bccbf0b\" class=\" wd-rs-5e71f5bccbf0b  wd-button-wrapper text-center\"><a href=\"https:\/\/verdeaurora.com\/sustainable-tourism\/familias-viajeras\/\" title=\"Familles itin\u00e9rantes\" class=\"btn btn-color-primary btn-style-default btn-shape-rectangle btn-size-default btn-full-width\" target=\"_blank\" rel=\"noopener\">Familles itin\u00e9rantes<\/a><\/div>[\/vc_column_inner][vc_column_inner width=\u00a0\u00bb1\/4&Prime;][vc_icon icon_fontawesome=\u00a0\u00bbfas fa-user-friends\u00a0\u00bb color=\u00a0\u00bbcustom\u00a0\u00bb size=\u00a0\u00bbxl\u00a0\u00bb align=\u00a0\u00bbcenter\u00a0\u00bb custom_color=\u00a0\u00bb#d1d1d1&Prime;]<div id=\"wd-5e71f5cbca210\" class=\" wd-rs-5e71f5cbca210  wd-button-wrapper text-center\"><a href=\"https:\/\/verdeaurora.com\/sustainable-tourism\/team-building\/\" title=\"Team Building\" class=\"btn btn-color-primary btn-style-default btn-shape-rectangle btn-size-default btn-full-width\" target=\"_blank\" rel=\"noopener\">Team Building<\/a><\/div>[\/vc_column_inner][\/vc_row_inner][\/vc_column][\/vc_row][vc_row full_width=\u00a0\u00bbstretch_row\u00a0\u00bb mobile_bg_img_hidden=\u00a0\u00bbno\u00a0\u00bb tablet_bg_img_hidden=\u00a0\u00bbno\u00a0\u00bb woodmart_parallax=\u00a0\u00bb0&Prime; woodmart_gradient_switch=\u00a0\u00bbno\u00a0\u00bb row_reverse_mobile=\u00a0\u00bb0&Prime; row_reverse_tablet=\u00a0\u00bb0&Prime; woodmart_disable_overflow=\u00a0\u00bb0&Prime; css=\u00a0\u00bb.vc_custom_1583409640542{margin-top: 50px !important;padding-top: 30px !important;padding-bottom: 30px !important;background-color: rgba(96,96,96,0.15) !important;*background-color: rgb(96,96,96) !important;}\u00a0\u00bb][vc_column width=\u00a0\u00bb1\/2&Prime;][vc_single_image image=\u00a0\u00bb13254&Prime; img_size=\u00a0\u00bbfull\u00a0\u00bb parallax_scroll=\u00a0\u00bbno\u00a0\u00bb][\/vc_column][vc_column width=\u00a0\u00bb1\/2&Prime; css=\u00a0\u00bb.vc_custom_1582639298314{padding-top: 30px !important;padding-right: 30px !important;padding-bottom: 30px !important;padding-left: 30px !important;}\u00a0\u00bb mobile_bg_img_hidden=\u00a0\u00bbno\u00a0\u00bb tablet_bg_img_hidden=\u00a0\u00bbno\u00a0\u00bb woodmart_parallax=\u00a0\u00bb0&Prime; woodmart_sticky_column=\u00a0\u00bbfalse\u00a0\u00bb parallax_scroll=\u00a0\u00bbno\u00a0\u00bb mobile_reset_margin=\u00a0\u00bbno\u00a0\u00bb tablet_reset_margin=\u00a0\u00bbno\u00a0\u00bb]\n\t\t<div id=\"wd-5e60e988f0599\" class=\"title-wrapper wd-wpb wd-set-mb reset-last-child  wd-rs-5e60e988f0599 wd-title-color-default wd-title-style-default text-left vc_custom_1583409552661 wd-underline-colored\">\n\t\t\t\n\t\t\t<div class=\"liner-continer\">\n\t\t\t\t<h4 class=\"woodmart-title-container title  wd-font-weight-300 wd-fontsize-xl\" >\u00c9COTOURISME<\/h4>\n\t\t\t\t\t\t\t<\/div>\n\t\t\t\n\t\t\t\n\t\t\t\n\t\t<\/div>\n\t\t\n\t\t[vc_column_text text_larger=\u00a0\u00bbno\u00a0\u00bb]<br \/>\n\u00c0 Verdeaurora Bio Farm, nous cherchons \u00e0 faire avancer le tourisme durable, en minimisant autant que possible l&rsquo;impact environnemental de notre h\u00e9bergement.<br \/>\n[\/vc_column_text]<div id=\"wd-5e8c8a4a33eeb\" class=\" wd-rs-5e8c8a4a33eeb  wd-button-wrapper text-center\"><a href=\"https:\/\/verdeaurora.com\/fr\/projet\/#accionessostenibles\" title=\"\" class=\"btn btn-color-primary btn-style-default btn-shape-rectangle btn-size-default btn-full-width\" target=\"_blank\" rel=\"noopener\">Projet de durabilit\u00e9<\/a><\/div>[\/vc_column][\/vc_row][vc_row full_width=\u00a0\u00bbstretch_row\u00a0\u00bb mobile_bg_img_hidden=\u00a0\u00bbno\u00a0\u00bb tablet_bg_img_hidden=\u00a0\u00bbno\u00a0\u00bb woodmart_parallax=\u00a0\u00bb0&Prime; woodmart_gradient_switch=\u00a0\u00bbno\u00a0\u00bb row_reverse_mobile=\u00a0\u00bb0&Prime; row_reverse_tablet=\u00a0\u00bb0&Prime; woodmart_disable_overflow=\u00a0\u00bb0&Prime; css=\u00a0\u00bb.vc_custom_1585574796679{margin-bottom: -40px !important;padding-top: 50px !important;padding-bottom: 50px !important;background-image: url(https:\/\/gallant-thompson.87-106-228-167.plesk.page\/wp-content\/uploads\/2020\/03\/FEEDBACK-CLIENTES.png?id=13215) !important;background-position: center !important;background-repeat: no-repeat !important;background-size: cover !important;}\u00a0\u00bb][vc_column][vc_column_text text_larger=\u00a0\u00bbno\u00a0\u00bb]<style data-type=\"vc_shortcodes-custom-css\">.vc_custom_1576509290039{padding-top: 30px !important;padding-bottom: 30px !important;}<\/style><div class=\"wpb-content-wrapper\">[vc_row][vc_column][vc_row_inner css=\".vc_custom_1576509290039{padding-top: 30px !important;padding-bottom: 30px !important;}\" row_reverse_mobile=\"0\" row_reverse_tablet=\"0\"][vc_column_inner]\t\t\t<div id=\"wd-6a0114c7c740f\" class=\"testimonials testimon-style-standard color-scheme- wd-fontsize-m testimon-align-center  wd-carousel-container wd-carousel-dis-mb wd-off-md wd-off-sm\">\n\t\t\t\t\n\t\t\t\t\t\t\t\t\t<div class=\"wd-carousel-inner\">\n\t\t\t\t\t\t\t\t<div class=\" wd-carousel wd-grid\" data-speed=\"12000\" data-autoplay=\"yes\" data-scroll_per_page=\"yes\" style=\"--wd-col-lg:1;--wd-col-md:1;--wd-col-sm:1;--wd-gap-lg:30px;--wd-gap-sm:10px;\">\n\t\t\t\t\t\t\t\t\t\t\t<div class=\"wd-carousel-wrap\">\n\t\t\t\t\t\n\t\t\t\t\t\n<div class=\"testimonial  wd-carousel-item\">\n\t<div class=\"testimonial-inner\">\n\t\t\n\t\t<div class=\"testimonial-content\">\n\t\t\t<div class=\"testimonial-rating\">\n\t\t\t\t<span class=\"star-rating\">\n\t\t\t\t\t<span style=\"width:100%\"><\/span>\n\t\t\t\t<\/span>\n\t\t\t<\/div>\n\n\t\t\t<em>Han sido cuatro d\u00edas maravillosos llenos de emociones y grandes momentos. Abrir la puerta y ver el mar justo delante de ti es una maravilla. Apartamento sencillo pero muy agradable, una isla preciosa a la que volveremos\u2026<\/em>\r\n\r\n<em>Familia Fontenla Peralta<\/em>\n\t\t\t<footer>\n\t\t\t\t\n\t\t\t\t\t\t\t<\/footer>\n\t\t<\/div>\n\t<\/div>\n<\/div>\n<div class=\"testimonial  wd-carousel-item\">\n\t<div class=\"testimonial-inner\">\n\t\t\n\t\t<div class=\"testimonial-content\">\n\t\t\t<div class=\"testimonial-rating\">\n\t\t\t\t<span class=\"star-rating\">\n\t\t\t\t\t<span style=\"width:100%\"><\/span>\n\t\t\t\t<\/span>\n\t\t\t<\/div>\n\n\t\t\t<em>Seguro que si estas piedras contaran historias\u2026 todas ser\u00edan de gente feliz. \u00a1Y es que es esta casa es imposible no serlo! Todo est\u00e1 preparado con gusto y con amor para que disfrutemos, y seguir las recomendaciones de Cloti hace que tambi\u00e9n disfrutes de esta preciosa isla. Much\u00edsimas gracias por todo. Ha sido mi mejor cumplea\u00f1os. Y volveremos\u2026 seguro. Mil besos de dos godos enamorados de la isla.<\/em>\r\n\r\n<em>\u00c1lvaro y Marta<\/em>\n\t\t\t<footer>\n\t\t\t\t\n\t\t\t\t\t\t\t<\/footer>\n\t\t<\/div>\n\t<\/div>\n<\/div>\n<div class=\"testimonial  wd-carousel-item\">\n\t<div class=\"testimonial-inner\">\n\t\t\n\t\t<div class=\"testimonial-content\">\n\t\t\t<div class=\"testimonial-rating\">\n\t\t\t\t<span class=\"star-rating\">\n\t\t\t\t\t<span style=\"width:100%\"><\/span>\n\t\t\t\t<\/span>\n\t\t\t<\/div>\n\n\t\t\t<em>Estuvimos en Casa Pilar fue genial fuimos con el objetivo de relajarnos y lo conseguimos.<\/em>\r\n\r\n<em>Elizabeth<\/em>\n\t\t\t<footer>\n\t\t\t\t\n\t\t\t\t\t\t\t<\/footer>\n\t\t<\/div>\n\t<\/div>\n<\/div>\n<div class=\"testimonial  wd-carousel-item\">\n\t<div class=\"testimonial-inner\">\n\t\t\n\t\t<div class=\"testimonial-content\">\n\t\t\t<div class=\"testimonial-rating\">\n\t\t\t\t<span class=\"star-rating\">\n\t\t\t\t\t<span style=\"width:100%\"><\/span>\n\t\t\t\t<\/span>\n\t\t\t<\/div>\n\n\t\t\t<em>\u00c9ramos cuatro chicas que nos quedamos en Casa Aurora y lo pasamos muy bien. La casa es encantadora, privada, en el medio de la isla y para nosotras perfecto para explorarla.<\/em>\r\n\r\n<em>Evelina<\/em>\n\t\t\t<footer>\n\t\t\t\t\n\t\t\t\t\t\t\t<\/footer>\n\t\t<\/div>\n\t<\/div>\n<\/div>\n<div class=\"testimonial  wd-carousel-item\">\n\t<div class=\"testimonial-inner\">\n\t\t\n\t\t<div class=\"testimonial-content\">\n\t\t\t<div class=\"testimonial-rating\">\n\t\t\t\t<span class=\"star-rating\">\n\t\t\t\t\t<span style=\"width:100%\"><\/span>\n\t\t\t\t<\/span>\n\t\t\t<\/div>\n\n\t\t\t<em>Nuestra sensaci\u00f3n siempre es inmejorable. Por eso siempre volvemos. Nuestra \u00faltima estancia fue en Casa Aurora, pero tambi\u00e9n hemos tenido el placer de disfrutar de Casa Pilar.<\/em>\r\n\r\n<em>Lorea<\/em>\n\t\t\t<footer>\n\t\t\t\t\n\t\t\t\t\t\t\t<\/footer>\n\t\t<\/div>\n\t<\/div>\n<\/div>\n<div class=\"testimonial  wd-carousel-item\">\n\t<div class=\"testimonial-inner\">\n\t\t\n\t\t<div class=\"testimonial-content\">\n\t\t\t<div class=\"testimonial-rating\">\n\t\t\t\t<span class=\"star-rating\">\n\t\t\t\t\t<span style=\"width:100%\"><\/span>\n\t\t\t\t<\/span>\n\t\t\t<\/div>\n\n\t\t\t<em>Pocas casas rurales est\u00e1n puestas con el amor y el detalle que tiene Casa Tile \u00a1Gracias por vuestra generosidad! Ha sido un pl<\/em><em>acer<\/em><span style=\"color: #ffffff;\"><em> disfrutar de esta casa, y de esta preciosa y fascinante isla. \u00a1Seguro que volveremos!<\/em><\/span>\r\n\r\n<span style=\"color: #ffffff;\"><em>Familia Spelt<\/em><\/span>\n\t\t\t<footer>\n\t\t\t\t\n\t\t\t\t\t\t\t<\/footer>\n\t\t<\/div>\n\t<\/div>\n<\/div>\n\t\t\t\t\t\t\t\t\t\t\t<\/div>\n\t\t\t\t\t\t\t\t\t<\/div>\n\n\t\t\t\t\t\t\t\t\t\t\t\t\t\t\t\t\t<div class=\"wd-nav-arrows wd-pos-sep wd-hover-1 wd-icon-1\">\n\t\t\t<div class=\"wd-btn-arrow wd-prev wd-disabled\">\n\t\t\t\t<div class=\"wd-arrow-inner\"><\/div>\n\t\t\t<\/div>\n\t\t\t<div class=\"wd-btn-arrow wd-next\">\n\t\t\t\t<div class=\"wd-arrow-inner\"><\/div>\n\t\t\t<\/div>\n\t\t<\/div>\n\t\t\t\t\t\t\t\n\t\t\t\t\t<\/div>\n\n\t\t\t\t\t\t\t<div class=\"wd-nav-pagin-wrap text-center wd-style-shape wd-hide-md-sm wd-hide-sm\">\n\t\t\t<ul class=\"wd-nav-pagin\"><\/ul>\n\t\t<\/div>\n\t\t\t\t\t\t\t\t\t\t\t\t\t\t<\/div>\n\t\t[\/vc_column_inner][\/vc_row_inner][\/vc_column][\/vc_row]<\/div>[\/vc_column_text][\/vc_column][\/vc_row]<\/p>\n<\/div>","protected":false},"excerpt":{"rendered":"<p>[vc_row css=\u00a0\u00bb.vc_custom_1583323344336{margin-top: -50px !important;}\u00a0\u00bb mobile_bg_img_hidden=\u00a0\u00bbno\u00a0\u00bb tablet_bg_img_hidden=\u00a0\u00bbno\u00a0\u00bb woodmart_parallax=\u00a0\u00bb0&Prime; woodmart_gradient_switch=\u00a0\u00bbno\u00a0\u00bb row_reverse_mobile=\u00a0\u00bb0&Prime; row_reverse_tablet=\u00a0\u00bb0&Prime; woodmart_disable_overflow=\u00a0\u00bb0&Prime;][vc_column][rev_slider slidertitle=\u00a0\u00bbAlojamientos\u00a0\u00bb alias=\u00a0\u00bbhome-1&Prime;][\/vc_column][\/vc_row][vc_row css=\u00a0\u00bb.vc_custom_1583408251969{margin-top: 30px !important;}\u00a0\u00bb mobile_bg_img_hidden=\u00a0\u00bbno\u00a0\u00bb tablet_bg_img_hidden=\u00a0\u00bbno\u00a0\u00bb woodmart_parallax=\u00a0\u00bb0&Prime; woodmart_gradient_switch=\u00a0\u00bbno\u00a0\u00bb<\/p>\n","protected":false},"author":6431,"featured_media":0,"parent":0,"menu_order":0,"comment_status":"closed","ping_status":"closed","template":"","meta":{"footnotes":""},"class_list":["post-13942","page","type-page","status-publish","hentry"],"_links":{"self":[{"href":"https:\/\/optimistic-curran.87-106-228-167.plesk.page\/fr\/wp-json\/wp\/v2\/pages\/13942","targetHints":{"allow":["GET"]}}],"collection":[{"href":"https:\/\/optimistic-curran.87-106-228-167.plesk.page\/fr\/wp-json\/wp\/v2\/pages"}],"about":[{"href":"https:\/\/optimistic-curran.87-106-228-167.plesk.page\/fr\/wp-json\/wp\/v2\/types\/page"}],"author":[{"embeddable":true,"href":"https:\/\/optimistic-curran.87-106-228-167.plesk.page\/fr\/wp-json\/wp\/v2\/users\/6431"}],"replies":[{"embeddable":true,"href":"https:\/\/optimistic-curran.87-106-228-167.plesk.page\/fr\/wp-json\/wp\/v2\/comments?post=13942"}],"version-history":[{"count":0,"href":"https:\/\/optimistic-curran.87-106-228-167.plesk.page\/fr\/wp-json\/wp\/v2\/pages\/13942\/revisions"}],"wp:attachment":[{"href":"https:\/\/optimistic-curran.87-106-228-167.plesk.page\/fr\/wp-json\/wp\/v2\/media?parent=13942"}],"curies":[{"name":"wp","href":"https:\/\/api.w.org\/{rel}","templated":true}]}}