{"id":14085,"date":"2020-04-06T19:16:16","date_gmt":"2020-04-06T19:16:16","guid":{"rendered":"https:\/\/gallant-thompson.87-106-228-167.plesk.page\/v2\/home\/"},"modified":"2026-04-23T09:07:25","modified_gmt":"2026-04-23T09:07:25","slug":"home","status":"publish","type":"page","link":"https:\/\/optimistic-curran.87-106-228-167.plesk.page\/fr\/","title":{"rendered":"Home"},"content":{"rendered":"<div class=\"wpb-content-wrapper\"><p>[vc_row content_placement=\u00a0\u00bbtop\u00a0\u00bb mobile_bg_img_hidden=\u00a0\u00bbno\u00a0\u00bb tablet_bg_img_hidden=\u00a0\u00bbno\u00a0\u00bb woodmart_parallax=\u00a0\u00bb0&Prime; woodmart_gradient_switch=\u00a0\u00bbno\u00a0\u00bb row_reverse_mobile=\u00a0\u00bb0&Prime; row_reverse_tablet=\u00a0\u00bb0&Prime; woodmart_disable_overflow=\u00a0\u00bb0&Prime; css=\u00a0\u00bb.vc_custom_1648656631892{margin-bottom: 40px !important;}\u00a0\u00bb el_id=\u00a0\u00bbexp\u00e9riences\u00a0\u00bb woodmart_css_id=\u00a0\u00bb624480e5d8f0c\u00a0\u00bb woodmart_box_shadow=\u00a0\u00bbno\u00a0\u00bb wd_z_index=\u00a0\u00bbno\u00a0\u00bb][vc_column width=\u00a0\u00bb1\/3&Prime;][vc_single_image image=\u00a0\u00bb26704&Prime; img_size=\u00a0\u00bb250&#215;250&Prime; alignment=\u00a0\u00bbcenter\u00a0\u00bb style=\u00a0\u00bbvc_box_outline_circle_2&Prime; onclick=\u00a0\u00bbcustom_link\u00a0\u00bb parallax_scroll=\u00a0\u00bbno\u00a0\u00bb woodmart_inline=\u00a0\u00bbno\u00a0\u00bb link=\u00a0\u00bbhttps:\/\/gallant-thompson.87-106-228-167.plesk.page\/fr\/boutique\/\u00a0\u00bb el_class=\u00a0\u00bblcp-image\u00a0\u00bb]\n\t\t<div id=\"wd-6602cfa427759\" class=\"title-wrapper wd-wpb wd-set-mb reset-last-child  wd-rs-6602cfa427759 wd-title-color-default wd-title-style-default text-center vc_custom_1711460277056 wd-underline-colored\">\n\t\t\t\t\t\t\t\n\t\t\t\t<div class=\"title-subtitle  subtitle-color-default font-alt subtitle-style-default wd-font-weight-600 wd-fontsize-xs\">Prenez soin de vous<\/div>\n\t\t\t\n\t\t\t<div class=\"liner-continer\">\n\t\t\t\t<h4 class=\"woodmart-title-container title  wd-font-weight-100 wd-fontsize-xl\" >ALOE VERA PRODUCTS<\/h4>\n\t\t\t\t\t\t\t<\/div>\n\t\t\t\n\t\t\t\t\t\t\t<div class=\"title-after_title reset-last-child  wd-fontsize-s\">Produits naturels \u00e0 base d&#039;alo\u00e8s vera et d&#039;huile d&#039;olive biologique pour prendre soin de toi a9&gt; et de vos proches.<\/div>\n\t\t\t\n\t\t\t\n\t\t<\/div>\n\t\t\n\t\t<div id=\"wd-68fb3af5e5e03\" class=\" wd-rs-68fb3af5e5e03  wd-button-wrapper text-center\"><a href=\"https:\/\/verdeaurora.com\/fr\/boutique\/\" title=\"Voir la boutique\" class=\"btn btn-color-primary btn-style-bordered btn-shape-semi-round btn-size-default\" target=\"_blank\" rel=\"noopener\">Obtenir des produits<\/a><\/div>[\/vc_column][vc_column width=\u00a0\u00bb1\/3&Prime; mobile_bg_img_hidden=\u00a0\u00bbno\u00a0\u00bb tablet_bg_img_hidden=\u00a0\u00bbno\u00a0\u00bb woodmart_parallax=\u00a0\u00bb0&Prime; woodmart_sticky_column=\u00a0\u00bbfalse\u00a0\u00bb parallax_scroll=\u00a0\u00bbno\u00a0\u00bb mobile_reset_margin=\u00a0\u00bbno\u00a0\u00bb tablet_reset_margin=\u00a0\u00bbno\u00a0\u00bb woodmart_css_id=\u00a0\u00bb6244814802c4a\u00a0\u00bb wd_collapsible_content_switcher=\u00a0\u00bbno\u00a0\u00bb woodmart_box_shadow=\u00a0\u00bbno\u00a0\u00bb wd_z_index=\u00a0\u00bbno\u00a0\u00bb][vc_single_image image=\u00a0\u00bb26696&Prime; img_size=\u00a0\u00bb250&#215;250&Prime; alignment=\u00a0\u00bbcenter\u00a0\u00bb style=\u00a0\u00bbvc_box_outline_circle_2&Prime; onclick=\u00a0\u00bbcustom_link\u00a0\u00bb parallax_scroll=\u00a0\u00bbno\u00a0\u00bb woodmart_inline=\u00a0\u00bbno\u00a0\u00bb link=\u00a0\u00bbhttps:\/\/gallant-thompson.87-106-228-167.plesk.page\/fr\/sustainable-tourism\/\u00a0\u00bb]\n\t\t<div id=\"wd-63ad79a5322d9\" class=\"title-wrapper wd-wpb wd-set-mb reset-last-child  wd-rs-63ad79a5322d9 wd-title-color-default wd-title-style-default text-center vc_custom_1672313255804 wd-underline-colored\">\n\t\t\t\t\t\t\t\n\t\t\t\t<div class=\"title-subtitle  subtitle-color-default font-alt subtitle-style-default wd-font-weight-600 wd-fontsize-xs\">Connecter<\/div>\n\t\t\t\n\t\t\t<div class=\"liner-continer\">\n\t\t\t\t<h4 class=\"woodmart-title-container title  wd-font-weight-100 wd-fontsize-xl\" >LOGEMENTS RURAUX<\/h4>\n\t\t\t\t\t\t\t<\/div>\n\t\t\t\n\t\t\t\t\t\t\t<div class=\"title-after_title reset-last-child  wd-fontsize-s\">Nous vous offrons un espace pour vous reconnecter avec vous-m\u00eame, vos proches et la nature<\/div>\n\t\t\t\n\t\t\t\n\t\t<\/div>\n\t\t\n\t\t<div id=\"wd-68fb3b020c4c0\" class=\" wd-rs-68fb3b020c4c0  wd-button-wrapper text-center\"><a href=\"https:\/\/verdeaurora.com\/fr\/sustainable-tourism\/\" title=\"Tourisme durable\" class=\"btn btn-color-primary btn-style-bordered btn-shape-semi-round btn-size-default\" target=\"_blank\" rel=\"noopener\">R\u00e9servez votre s\u00e9jour<\/a><\/div>[\/vc_column][vc_column width=\u00a0\u00bb1\/3&Prime;][vc_single_image image=\u00a0\u00bb26700&Prime; img_size=\u00a0\u00bb250&#215;250&Prime; alignment=\u00a0\u00bbcenter\u00a0\u00bb style=\u00a0\u00bbvc_box_outline_circle_2&Prime; onclick=\u00a0\u00bbcustom_link\u00a0\u00bb parallax_scroll=\u00a0\u00bbno\u00a0\u00bb woodmart_inline=\u00a0\u00bbno\u00a0\u00bb link=\u00a0\u00bbhttps:\/\/gallant-thompson.87-106-228-167.plesk.page\/fr\/experiences-fuerteventura\/\u00a0\u00bb]\n\t\t<div id=\"wd-63ad79895903d\" class=\"title-wrapper wd-wpb wd-set-mb reset-last-child  wd-rs-63ad79895903d wd-title-color-default wd-title-style-default text-center vc_custom_1672313249971 wd-underline-colored\">\n\t\t\t\t\t\t\t\n\t\t\t\t<div class=\"title-subtitle  subtitle-color-default font-alt subtitle-style-default wd-font-weight-600 wd-fontsize-xs\">Sentir<\/div>\n\t\t\t\n\t\t\t<div class=\"liner-continer\">\n\t\t\t\t<h4 class=\"woodmart-title-container title  wd-font-weight-100 wd-fontsize-xl\" >EXP\u00c9RIENCES<\/h4>\n\t\t\t\t\t\t\t<\/div>\n\t\t\t\n\t\t\t\t\t\t\t<div class=\"title-after_title reset-last-child  wd-fontsize-s\">Vivez une exp\u00e9rience unique guid\u00e9e par de grands connaisseurs du territoire<\/div>\n\t\t\t\n\t\t\t\n\t\t<\/div>\n\t\t\n\t\t<div id=\"wd-6244856482c34\" class=\" wd-rs-6244856482c34  wd-button-wrapper text-center\"><a href=\"https:\/\/verdeaurora.com\/fr\/experiences-fuerteventura\/\" title=\"Voir les exp\u00e9riences\" class=\"btn btn-color-primary btn-style-bordered btn-shape-semi-round btn-size-default\" target=\"_blank\" rel=\"noopener\">Vivez l&#039;exp\u00e9rience<\/a><\/div>[\/vc_column][\/vc_row][vc_row][vc_column][vc_empty_space height=\u00a0\u00bb40px\u00a0\u00bb woodmart_hide_large=\u00a0\u00bb0&Prime; woodmart_hide_medium=\u00a0\u00bb0&Prime; woodmart_hide_small=\u00a0\u00bb0&Prime; woodmart_hide_extra_small=\u00a0\u00bb0&Prime;][vc_separator border_width=\u00a0\u00bb5&Prime;][\/vc_column][\/vc_row][vc_row css=\u00a0\u00bb.vc_custom_1582029147088{margin-top: 40px !important;margin-bottom: 40px !important;}\u00a0\u00bb mobile_bg_img_hidden=\u00a0\u00bbno\u00a0\u00bb tablet_bg_img_hidden=\u00a0\u00bbno\u00a0\u00bb woodmart_parallax=\u00a0\u00bb0&Prime; woodmart_gradient_switch=\u00a0\u00bbno\u00a0\u00bb row_reverse_mobile=\u00a0\u00bb0&Prime; row_reverse_tablet=\u00a0\u00bb0&Prime; woodmart_disable_overflow=\u00a0\u00bb0&Prime;][vc_column mobile_bg_img_hidden=\u00a0\u00bbno\u00a0\u00bb tablet_bg_img_hidden=\u00a0\u00bbno\u00a0\u00bb woodmart_parallax=\u00a0\u00bb0&Prime; woodmart_sticky_column=\u00a0\u00bbfalse\u00a0\u00bb parallax_scroll=\u00a0\u00bbno\u00a0\u00bb mobile_reset_margin=\u00a0\u00bbno\u00a0\u00bb tablet_reset_margin=\u00a0\u00bbno\u00a0\u00bb]\n\t\t<div id=\"wd-5e887665e23ac\" class=\"title-wrapper wd-wpb wd-set-mb reset-last-child  wd-rs-5e887665e23ac wd-title-color-default wd-title-style-default text-center vc_custom_1586001740738 wd-underline-colored\">\n\t\t\t\t\t\t\t\n\t\t\t\t<div class=\"title-subtitle  subtitle-color-default font-alt subtitle-style-default wd-font-weight-600 wd-fontsize-xs\">Fuerteventura Identity<\/div>\n\t\t\t\n\t\t\t<div class=\"liner-continer\">\n\t\t\t\t<h1 class=\"woodmart-title-container title  wd-font-weight-100 wd-fontsize-xl\" >VERDEAURORA BIO FARM \u00b7 UN LIEU MAGIQUE<\/h1>\n\t\t\t\t\t\t\t<\/div>\n\t\t\t\n\t\t\t\n\t\t\t\n\t\t<\/div>\n\t\t\n\t\t[vc_column_text css=\u00a0\u00bb.vc_custom_1585924858096{padding-right: 30px !important;padding-left: 30px !important;}\u00a0\u00bb text_larger=\u00a0\u00bbno\u00a0\u00bb]Verdeaurora Bio Farm est un lieu qui permet de ressentir la nature dans toute sa splendeur, de se connecter avec soi-m\u00eame et avec un environnement pur et non pollu\u00e9, o\u00f9 la tradition et la durabilit\u00e9 coexistent en parfaite harmonie Dans ce petit coin de Fuerteventura, nous prenons soin de ce qui compte le plus pour nous, notre plan\u00e8te, et nous la partageons avec ceux que nous aimons le plus<\/p>\n<p>La vie quotidienne dans cette finca typique de Majorque se caract\u00e9rise par la production biologique certifi\u00e9e d&rsquo;aloe vera et d&rsquo;oliviers pour la fabrication de produits de soins purs et naturels De plus, les personnes qui s\u00e9journent \u00e0 la ferme biologique, ainsi que les visiteurs de l&rsquo;\u00eele, vivent une exp\u00e9rience unique : se promener dans tous les coins de la ferme pendant la journ\u00e9e et, \u00e0 la nuit tomb\u00e9e, tomber \u00e9perdument amoureux d&rsquo;un ciel rempli d&rsquo;\u00e9toiles[\/vc_column_text][\/vc_column][\/vc_row][vc_row content_placement=\u00a0\u00bbbottom\u00a0\u00bb css=\u00a0\u00bb.vc_custom_1709556902687{margin-bottom: 30px !important;}\u00a0\u00bb mobile_bg_img_hidden=\u00a0\u00bbno\u00a0\u00bb tablet_bg_img_hidden=\u00a0\u00bbno\u00a0\u00bb woodmart_parallax=\u00a0\u00bb0&Prime; woodmart_gradient_switch=\u00a0\u00bbno\u00a0\u00bb row_reverse_mobile=\u00a0\u00bb0&Prime; row_reverse_tablet=\u00a0\u00bb0&Prime; woodmart_disable_overflow=\u00a0\u00bb0&Prime; woodmart_css_id=\u00a0\u00bb65e5c49690f04&Prime; responsive_spacing=\u00a0\u00bbeyJwYXJhbV90eXBlIjoid29vZG1hcnRfcmVzcG9uc2l2ZV9zcGFjaW5nIiwic2VsZWN0b3JfaWQiOiI2NWU1YzQ5NjkwZjA0Iiwic2hvcnRjb2RlIjoidmNfcm93IiwiZGF0YSI6eyJ0YWJsZXQiOnt9LCJtb2JpbGUiOnt9fX0=\u00a0\u00bb woodmart_box_shadow=\u00a0\u00bbno\u00a0\u00bb wd_z_index=\u00a0\u00bbno\u00a0\u00bb][vc_column][vc_row_inner css=\u00a0\u00bb.vc_custom_1582811183884{padding-top: 20px !important;padding-right: 70px !important;padding-left: 70px !important;}\u00a0\u00bb row_reverse_mobile=\u00a0\u00bb0&Prime; row_reverse_tablet=\u00a0\u00bb0&Prime;][vc_column_inner width=\u00a0\u00bb1\/3&Prime;][vc_single_image image=\u00a0\u00bb26716&Prime; img_size=\u00a0\u00bb150&#215;150&Prime; alignment=\u00a0\u00bbcenter\u00a0\u00bb onclick=\u00a0\u00bbcustom_link\u00a0\u00bb parallax_scroll=\u00a0\u00bbno\u00a0\u00bb woodmart_inline=\u00a0\u00bbno\u00a0\u00bb][vc_column_text text_larger=\u00a0\u00bbno\u00a0\u00bb]<\/p>\n<h4 style=\"text-align: center;\">Production et tourisme durables<\/h4>\n<p>[\/vc_column_text][\/vc_column_inner][vc_column_inner width=\u00a0\u00bb1\/3&Prime;][vc_single_image image=\u00a0\u00bb7940&Prime; img_size=\u00a0\u00bb150&#215;150&Prime; alignment=\u00a0\u00bbcenter\u00a0\u00bb onclick=\u00a0\u00bbcustom_link\u00a0\u00bb parallax_scroll=\u00a0\u00bbno\u00a0\u00bb][vc_column_text css=\u00a0\u00bb.vc_custom_1582631870093{margin-bottom: 30px !important;}\u00a0\u00bb text_larger=\u00a0\u00bbno\u00a0\u00bb]<\/p>\n<h4 style=\"text-align: center;\">Les traditions et la culture locales<\/h4>\n<p>[\/vc_column_text][\/vc_column_inner][vc_column_inner width=\u00a0\u00bb1\/3&Prime;][vc_single_image image=\u00a0\u00bb26712&Prime; img_size=\u00a0\u00bb150&#215;150&Prime; alignment=\u00a0\u00bbcenter\u00a0\u00bb onclick=\u00a0\u00bbcustom_link\u00a0\u00bb parallax_scroll=\u00a0\u00bbno\u00a0\u00bb woodmart_inline=\u00a0\u00bbno\u00a0\u00bb][vc_column_text text_larger=\u00a0\u00bbno\u00a0\u00bb]<\/p>\n<h4 style=\"text-align: center;\">Amour de la nature et des gens<\/h4>\n<p>[\/vc_column_text][\/vc_column_inner][\/vc_row_inner][vc_row_inner css=\u00a0\u00bb.vc_custom_1583142110241{padding-top: 20px !important;padding-right: 70px !important;padding-left: 70px !important;}\u00a0\u00bb row_reverse_mobile=\u00a0\u00bb0&Prime; row_reverse_tablet=\u00a0\u00bb0&Prime;][vc_column_inner][vc_column_text text_larger=\u00a0\u00bbno\u00a0\u00bb]<\/p>\n<p style=\"text-align: center;\">Nous croyons en <a href=\"https:\/\/gallant-thompson.87-106-228-167.plesk.page\/fr\/projet\/#accionessostenibles\">une gestion durable<\/a> et respectueuse respectueux de l&rsquo;environnement afin d&rsquo;offrir des exp\u00e9riences et des produits de qualit\u00e9.<\/p>\n<p>[\/vc_column_text][\/vc_column_inner][\/vc_row_inner][vc_empty_space height=\u00a0\u00bb15px\u00a0\u00bb woodmart_hide_large=\u00a0\u00bb0&Prime; woodmart_hide_medium=\u00a0\u00bb0&Prime; woodmart_hide_small=\u00a0\u00bb0&Prime; woodmart_hide_extra_small=\u00a0\u00bb0&Prime;][\/vc_column][\/vc_row][vc_row full_width=\u00a0\u00bbstretch_row\u00a0\u00bb mobile_bg_img_hidden=\u00a0\u00bbno\u00a0\u00bb tablet_bg_img_hidden=\u00a0\u00bbno\u00a0\u00bb woodmart_parallax=\u00a0\u00bb0&Prime; woodmart_gradient_switch=\u00a0\u00bbno\u00a0\u00bb row_reverse_mobile=\u00a0\u00bb0&Prime; row_reverse_tablet=\u00a0\u00bb0&Prime; woodmart_disable_overflow=\u00a0\u00bb0&Prime; css=\u00a0\u00bb.vc_custom_1759234901086{margin-bottom: 10px !important;padding-top: 100px !important;padding-bottom: 100px !important;background-image: url(https:\/\/gallant-thompson.87-106-228-167.plesk.page\/wp-content\/uploads\/2025\/09\/familia-mesa-mendez-m.webp?id=30429) !important;background-position: center !important;background-repeat: no-repeat !important;background-size: cover !important;}\u00a0\u00bb woodmart_css_id=\u00a0\u00bb68dbcb2ac215c\u00a0\u00bb responsive_spacing=\u00a0\u00bbeyJwYXJhbV90eXBlIjoid29vZG1hcnRfcmVzcG9uc2l2ZV9zcGFjaW5nIiwic2VsZWN0b3JfaWQiOiI2OGRiY2IyYWMyMTVjIiwic2hvcnRjb2RlIjoidmNfcm93IiwiZGF0YSI6eyJ0YWJsZXQiOnt9LCJtb2JpbGUiOnt9fX0=\u00a0\u00bb woodmart_box_shadow=\u00a0\u00bbno\u00a0\u00bb wd_z_index=\u00a0\u00bbno\u00a0\u00bb][vc_column][vc_row_inner css=\u00a0\u00bb.vc_custom_1585924402079{padding-top: 100px !important;padding-bottom: 120px !important;}\u00a0\u00bb row_reverse_mobile=\u00a0\u00bb0&Prime; row_reverse_tablet=\u00a0\u00bb0&Prime;][vc_column_inner]\n\t\t<div id=\"wd-5e874682d5c44\" class=\"title-wrapper wd-wpb wd-set-mb reset-last-child  wd-rs-5e874682d5c44 wd-title-color-white wd-title-style-default text-left  wd-underline-colored\">\n\t\t\t\n\t\t\t<div class=\"liner-continer\">\n\t\t\t\t<h4 class=\"woodmart-title-container title  wd-font-weight-100 wd-fontsize-xl\" >FAMILLE MESA M\u00c9NDEZ<\/h4>\n\t\t\t\t\t\t\t<\/div>\n\t\t\t\n\t\t\t\t\t\t\t<div class=\"title-after_title reset-last-child  wd-fontsize-s\">Verdeaurora Bio Farm est compos\u00e9e de la troisi\u00e8me g\u00e9n\u00e9ration de la famille Mesa. Une \u00e9quipe de jeunes amoureux de l&#039;\u00eele de Fuerteventura qui m\u00e8nent ce projet \u00e9cologique et familial d&#039;un point de vue innovant, sans jamais oublier les racines et les traditions de leur terre.<\/div>\n\t\t\t\n\t\t\t\n\t\t<\/div>\n\t\t\n\t\t<div id=\"wd-5e8c8b1507c2a\" class=\" wd-rs-5e8c8b1507c2a  wd-button-wrapper text-left\"><a href=\"https:\/\/verdeaurora.com\/fr\/projet\/\" title=\"Projet\" class=\"btn btn-color-white btn-style-bordered btn-shape-rectangle btn-size-default\" target=\"_blank\" rel=\"noopener\">Notre histoire<\/a><\/div>[\/vc_column_inner][\/vc_row_inner][\/vc_column][\/vc_row][vc_row full_width=\u00a0\u00bbno\u00a0\u00bb button_smooth_scroll_time=\u00a0\u00bb100&Prime; button_smooth_scroll_offset=\u00a0\u00bb100&Prime; wd_animation=\u00a0\u00bbslide-from-right\u00a0\u00bb wd_animation_duration=\u00a0\u00bbnormal\u00a0\u00bb style=\u00a0\u00bbdefault\u00a0\u00bb shape=\u00a0\u00bbsemi-round\u00a0\u00bb size=\u00a0\u00bbdefault\u00a0\u00bb color=\u00a0\u00bbprimary\u00a0\u00bb color_scheme=\u00a0\u00bblight\u00a0\u00bb color_scheme_hover=\u00a0\u00bblight\u00a0\u00bb typography_font_weight=\u00a0\u00bb\u00a0\u00bb typography_text_transform=\u00a0\u00bb\u00a0\u00bb typography_font_style=\u00a0\u00bb\u00a0\u00bb align=\u00a0\u00bbcenter\u00a0\u00bb icon_type=\u00a0\u00bbicon\u00a0\u00bb image=\u00a0\u00bb\u00a0\u00bb icon_library=\u00a0\u00bbfontawesome\u00a0\u00bb icon_fontawesome=\u00a0\u00bb\u00a0\u00bb icon_position=\u00a0\u00bbright\u00a0\u00bb responsive_tabs_hide=\u00a0\u00bbdesktop\u00a0\u00bb woodmart_css_id=\u00a0\u00bb686bea25ae314&Prime; title=\u00a0\u00bbReserva tu experiencia\u00a0\u00bb link=\u00a0\u00bburl:https%3A%2F%2Ffareharbor.com%2Fembeds%2Fbook%2Fverdeaurora%2F%3Ffull-items%3Dyes\u00a0\u00bb button_inline=\u00a0\u00bbno\u00a0\u00bb button_smooth_scroll=\u00a0\u00bbno\u00a0\u00bb wd_button_collapsible_content=\u00a0\u00bbno\u00a0\u00bb responsive_spacing=\u00a0\u00bbeyJwYXJhbV90eXBlIjoid29vZG1hcnRfcmVzcG9uc2l2ZV9zcGFjaW5nIiwic2VsZWN0b3JfaWQiOiI2ODZiZWEyNWFlMzE0Iiwic2hvcnRjb2RlIjoid29vZG1hcnRfYnV0dG9uIiwiZGF0YSI6eyJ0YWJsZXQiOnt9LCJtb2JpbGUiOnt9fX0=\u00a0\u00bb wd_hide_on_desktop=\u00a0\u00bbno\u00a0\u00bb wd_hide_on_tablet=\u00a0\u00bbno\u00a0\u00bb wd_hide_on_mobile=\u00a0\u00bbno\u00a0\u00bb el_class=\u00a0\u00bbboton\u00a0\u00bb button_divider=\u00a0\u00bb\u00a0\u00bb smooth_divider=\u00a0\u00bb\u00a0\u00bb collapsible_content_divider=\u00a0\u00bb\u00a0\u00bb extra_divider=\u00a0\u00bb\u00a0\u00bb wd_animation_delay=\u00a0\u00bb\u00a0\u00bb general_divider=\u00a0\u00bb\u00a0\u00bb bg_color=\u00a0\u00bb\u00a0\u00bb custom_color_scheme=\u00a0\u00bb\u00a0\u00bb bg_color_hover=\u00a0\u00bb\u00a0\u00bb custom_color_scheme_hover=\u00a0\u00bb\u00a0\u00bb typography_font_family=\u00a0\u00bb\u00a0\u00bb typography_font_size=\u00a0\u00bb\u00a0\u00bb typography_line_height=\u00a0\u00bb\u00a0\u00bb layout_divider=\u00a0\u00bb\u00a0\u00bb icon_divider=\u00a0\u00bb\u00a0\u00bb img_size=\u00a0\u00bb\u00a0\u00bb icon_openiconic=\u00a0\u00bb\u00a0\u00bb icon_typicons=\u00a0\u00bb\u00a0\u00bb icon_entypo=\u00a0\u00bb\u00a0\u00bb icon_linecons=\u00a0\u00bb\u00a0\u00bb icon_monosocial=\u00a0\u00bb\u00a0\u00bb icon_material=\u00a0\u00bb\u00a0\u00bb][vc_column]<div id=\"wd-686bea9a40bd4\" class=\" wd-animation-slide-from-right wd-animation-normal wd-rs-686bea9a40bd4  wd-button-wrapper text-center\"><a href=\"https:\/\/fareharbor.com\/embeds\/book\/verdeaurora\/?full-items=yes\" title=\"\" class=\"btn btn-color-primary btn-style-default btn-shape-semi-round btn-size-default boton\" target=\"_blank\" rel=\"noopener\">R\u00e9servez votre exp\u00e9rience<\/a><\/div>[\/vc_column][\/vc_row][vc_row full_width=\u00a0\u00bbstretch_row\u00a0\u00bb mobile_bg_img_hidden=\u00a0\u00bbno\u00a0\u00bb tablet_bg_img_hidden=\u00a0\u00bbno\u00a0\u00bb woodmart_parallax=\u00a0\u00bb0&Prime; woodmart_gradient_switch=\u00a0\u00bbno\u00a0\u00bb row_reverse_mobile=\u00a0\u00bb0&Prime; row_reverse_tablet=\u00a0\u00bb0&Prime; woodmart_disable_overflow=\u00a0\u00bb0&Prime; css=\u00a0\u00bb.vc_custom_1692878923347{margin-bottom: -42px !important;background-position: center !important;background-repeat: no-repeat !important;background-size: cover !important;}\u00a0\u00bb el_id=\u00a0\u00bbnewsletter\u00a0\u00bb woodmart_css_id=\u00a0\u00bb64e74844e4521&Prime; woodmart_box_shadow=\u00a0\u00bbno\u00a0\u00bb wd_z_index=\u00a0\u00bbno\u00a0\u00bb responsive_spacing=\u00a0\u00bbeyJwYXJhbV90eXBlIjoid29vZG1hcnRfcmVzcG9uc2l2ZV9zcGFjaW5nIiwic2VsZWN0b3JfaWQiOiI2NGU3NDg0NGU0NTIxIiwic2hvcnRjb2RlIjoidmNfcm93IiwiZGF0YSI6eyJ0YWJsZXQiOnt9LCJtb2JpbGUiOnt9fX0=\u00a0\u00bb][vc_column][vc_row_inner css=\u00a0\u00bb.vc_custom_1576500406418{padding-top: 60px !important;padding-right: 60px !important;padding-bottom: 60px !important;padding-left: 60px !important;}\u00a0\u00bb row_reverse_mobile=\u00a0\u00bb0&Prime; row_reverse_tablet=\u00a0\u00bb0&Prime;][vc_column_inner]\n\t\t<div id=\"wd-65e5c5d4ea29b\" class=\"title-wrapper wd-wpb wd-set-mb reset-last-child  wd-rs-65e5c5d4ea29b wd-title-color-default wd-title-style-default text-center  wd-underline-colored\">\n\t\t\t\n\t\t\t<div class=\"liner-continer\">\n\t\t\t\t<h4 class=\"woodmart-title-container title  wd-font-weight-800 wd-fontsize-xxl\" >Abonnez-vous pour b\u00e9n\u00e9ficier d&apos;une r\u00e9duction de 10 %.<\/h4>\n\t\t\t\t\t\t\t<\/div>\n\t\t\t\n\t\t\t\t\t\t\t<div class=\"title-after_title reset-last-child  wd-fontsize-s\">Recevez des nouvelles et une r\u00e9duction de 10% pour votre premier achat<\/div>\n\t\t\t\n\t\t\t\n\t\t<\/div>\n\t\t\n\t\t<div id=\"wd-6899e3f70f982\" class=\" wd-rs-6899e3f70f982  wd-button-wrapper text-center\"><a href=\"https:\/\/verdeaurora.com\/suscripcion-brevo.html\" title=\"\" target=\"_blank\" class=\"btn btn-color-primary btn-style-bordered btn-shape-semi-round btn-size-large\" rel=\"noopener\">Suscr\u00edbete<\/a><\/div>[\/vc_column_inner][\/vc_row_inner][\/vc_column][\/vc_row]<\/p>\n<\/div>","protected":false},"excerpt":{"rendered":"<p>[vc_row content_placement=\u00a0\u00bbtop\u00a0\u00bb mobile_bg_img_hidden=\u00a0\u00bbno\u00a0\u00bb tablet_bg_img_hidden=\u00a0\u00bbno\u00a0\u00bb woodmart_parallax=\u00a0\u00bb0&Prime; woodmart_gradient_switch=\u00a0\u00bbno\u00a0\u00bb row_reverse_mobile=\u00a0\u00bb0&Prime; row_reverse_tablet=\u00a0\u00bb0&Prime; woodmart_disable_overflow=\u00a0\u00bb0&Prime; css=\u00a0\u00bb.vc_custom_1648656631892{margin-bottom: 40px !important;}\u00a0\u00bb el_id=\u00a0\u00bbexp\u00e9riences\u00a0\u00bb woodmart_css_id=\u00a0\u00bb624480e5d8f0c\u00a0\u00bb woodmart_box_shadow=\u00a0\u00bbno\u00a0\u00bb wd_z_index=\u00a0\u00bbno\u00a0\u00bb][vc_column width=\u00a0\u00bb1\/3&Prime;][vc_single_image image=\u00a0\u00bb26704&Prime; img_size=\u00a0\u00bb250&#215;250&Prime; alignment=\u00a0\u00bbcenter\u00a0\u00bb<\/p>\n","protected":false},"author":6431,"featured_media":0,"parent":0,"menu_order":0,"comment_status":"closed","ping_status":"closed","template":"","meta":{"footnotes":""},"class_list":["post-14085","page","type-page","status-publish","hentry"],"_links":{"self":[{"href":"https:\/\/optimistic-curran.87-106-228-167.plesk.page\/fr\/wp-json\/wp\/v2\/pages\/14085","targetHints":{"allow":["GET"]}}],"collection":[{"href":"https:\/\/optimistic-curran.87-106-228-167.plesk.page\/fr\/wp-json\/wp\/v2\/pages"}],"about":[{"href":"https:\/\/optimistic-curran.87-106-228-167.plesk.page\/fr\/wp-json\/wp\/v2\/types\/page"}],"author":[{"embeddable":true,"href":"https:\/\/optimistic-curran.87-106-228-167.plesk.page\/fr\/wp-json\/wp\/v2\/users\/6431"}],"replies":[{"embeddable":true,"href":"https:\/\/optimistic-curran.87-106-228-167.plesk.page\/fr\/wp-json\/wp\/v2\/comments?post=14085"}],"version-history":[{"count":4,"href":"https:\/\/optimistic-curran.87-106-228-167.plesk.page\/fr\/wp-json\/wp\/v2\/pages\/14085\/revisions"}],"predecessor-version":[{"id":31211,"href":"https:\/\/optimistic-curran.87-106-228-167.plesk.page\/fr\/wp-json\/wp\/v2\/pages\/14085\/revisions\/31211"}],"wp:attachment":[{"href":"https:\/\/optimistic-curran.87-106-228-167.plesk.page\/fr\/wp-json\/wp\/v2\/media?parent=14085"}],"curies":[{"name":"wp","href":"https:\/\/api.w.org\/{rel}","templated":true}]}}