{"id":14212,"date":"2020-04-21T07:58:04","date_gmt":"2020-04-21T07:58:04","guid":{"rendered":"https:\/\/gallant-thompson.87-106-228-167.plesk.page\/?page_id=14212"},"modified":"2020-06-06T08:19:53","modified_gmt":"2020-06-06T08:19:53","slug":"aloe-vera","status":"publish","type":"page","link":"https:\/\/optimistic-curran.87-106-228-167.plesk.page\/fr\/aloe-vera\/","title":{"rendered":"Aloe Vera"},"content":{"rendered":"<header class=\"entry-header\">\n<h1 class=\"entry-title\">COMMENT UTILISER L\u2019ALOE VERA<\/h1>\n<\/header>\n<div class=\"entry-content\">\n<p>L\u2019<strong>Aloe Vera<\/strong>\u00a0est la plante connue comme miraculeuse en raison de ses propri\u00e9t\u00e9s incroyables pour le corps<strong>\u00a0externe<\/strong>\u00a0et\u00a0<strong>interne<\/strong>. Des affections cutan\u00e9es aux probl\u00e8mes digestifs, voici\u00a0<strong>comment alo\u00e8s peut vous aider<\/strong>\u00a0dans votre vie quotidienne.<\/p>\n<p><strong>Usage externe<\/strong><\/p>\n<ul>\n<li>En r\u00e9g\u00e9n\u00e9rateur cellulaire<\/li>\n<li>Soleil br\u00fble<\/li>\n<li>Blanchiment des dents et des imperfections<\/li>\n<li>Blessures et coupures<\/li>\n<li>Br\u00fblures<\/li>\n<li>Piq\u00fbres d\u2019insectes<\/li>\n<li>Acn\u00e9<\/li>\n<li>Peau s\u00e8che<\/li>\n<li>La dermatite atopique<\/li>\n<li>L\u2019ecz\u00e9ma<\/li>\n<li>Le psoriasis<\/li>\n<li>Champignons sur la peau ou les ongles<\/li>\n<li>Les verrues<\/li>\n<li>Esprits<\/li>\n<li>Douleur articulaire<\/li>\n<li>Douleurs musculaires<\/li>\n<li>L\u2019arthrite<\/li>\n<li>Rhumatisme<\/li>\n<li>Coude de tennis<\/li>\n<li>S\u00e9borrh\u00e9e<\/li>\n<li>Les h\u00e9morro\u00efdes<\/li>\n<li>Pellicules<\/li>\n<li>Apr\u00e8s l\u2019\u00e9pilation<\/li>\n<li>Nettoyant<\/li>\n<\/ul>\n<p><strong>Usage interne<\/strong><\/p>\n<ul>\n<li>Br\u00fblures d\u2019estomac<\/li>\n<li>Les ulc\u00e8res<\/li>\n<li>Prot\u00e8ge la muqueuse gastrique<\/li>\n<li>Abaisser le cholest\u00e9rol et les triglyc\u00e9rides<\/li>\n<li>Suppl\u00e9ment di\u00e9t\u00e9tique<\/li>\n<li>Anti-inflammatoire<\/li>\n<li>R\u00e9duit les douleurs arthritiques<\/li>\n<li>Constipation<\/li>\n<li>Les allergies<\/li>\n<li>Nettoyage interne et rajeunissement<\/li>\n<li>Renforce le syst\u00e8me immunitaire<\/li>\n<li>\u00c9lever les niveaux d\u2019\u00e9nergie<\/li>\n<\/ul>\n<\/div>\n","protected":false},"excerpt":{"rendered":"<p>COMMENT UTILISER L\u2019ALOE VERA L\u2019Aloe Vera\u00a0est la plante connue comme miraculeuse en raison de ses propri\u00e9t\u00e9s incroyables pour le corps\u00a0externe\u00a0et\u00a0interne.<\/p>\n","protected":false},"author":6431,"featured_media":0,"parent":0,"menu_order":0,"comment_status":"closed","ping_status":"closed","template":"","meta":{"footnotes":""},"class_list":["post-14212","page","type-page","status-publish","hentry"],"_links":{"self":[{"href":"https:\/\/optimistic-curran.87-106-228-167.plesk.page\/fr\/wp-json\/wp\/v2\/pages\/14212","targetHints":{"allow":["GET"]}}],"collection":[{"href":"https:\/\/optimistic-curran.87-106-228-167.plesk.page\/fr\/wp-json\/wp\/v2\/pages"}],"about":[{"href":"https:\/\/optimistic-curran.87-106-228-167.plesk.page\/fr\/wp-json\/wp\/v2\/types\/page"}],"author":[{"embeddable":true,"href":"https:\/\/optimistic-curran.87-106-228-167.plesk.page\/fr\/wp-json\/wp\/v2\/users\/6431"}],"replies":[{"embeddable":true,"href":"https:\/\/optimistic-curran.87-106-228-167.plesk.page\/fr\/wp-json\/wp\/v2\/comments?post=14212"}],"version-history":[{"count":0,"href":"https:\/\/optimistic-curran.87-106-228-167.plesk.page\/fr\/wp-json\/wp\/v2\/pages\/14212\/revisions"}],"wp:attachment":[{"href":"https:\/\/optimistic-curran.87-106-228-167.plesk.page\/fr\/wp-json\/wp\/v2\/media?parent=14212"}],"curies":[{"name":"wp","href":"https:\/\/api.w.org\/{rel}","templated":true}]}}