{"id":26797,"date":"2024-02-21T11:39:46","date_gmt":"2024-02-21T11:39:46","guid":{"rendered":"https:\/\/gallant-thompson.87-106-228-167.plesk.page\/questions-frequemment-maisons-rurales\/"},"modified":"2024-02-21T11:39:47","modified_gmt":"2024-02-21T11:39:47","slug":"questions-frequemment-maisons-rurales","status":"publish","type":"page","link":"https:\/\/optimistic-curran.87-106-228-167.plesk.page\/fr\/questions-frequemment-maisons-rurales\/","title":{"rendered":"Questions fr\u00e9quemment | Maisons rurales"},"content":{"rendered":"<div class=\"wpb-content-wrapper\"><p>[vc_row full_width=\u00a0\u00bbstretch_row\u00a0\u00bb css=\u00a0\u00bb.vc_custom_1583670058963{margin-top: -50px !important;padding-top: 40px !important;padding-bottom: 40px !important;background-position: center !important;background-repeat: no-repeat !important;background-size: cover !important;}\u00a0\u00bb mobile_bg_img_hidden=\u00a0\u00bbno\u00a0\u00bb tablet_bg_img_hidden=\u00a0\u00bbno\u00a0\u00bb woodmart_parallax=\u00a0\u00bb0&Prime; woodmart_gradient_switch=\u00a0\u00bbno\u00a0\u00bb row_reverse_mobile=\u00a0\u00bb0&Prime; row_reverse_tablet=\u00a0\u00bb0&Prime; woodmart_disable_overflow=\u00a0\u00bb0&Prime;][vc_column mobile_bg_img_hidden=\u00a0\u00bbno\u00a0\u00bb tablet_bg_img_hidden=\u00a0\u00bbno\u00a0\u00bb woodmart_parallax=\u00a0\u00bb0&Prime; woodmart_sticky_column=\u00a0\u00bbfalse\u00a0\u00bb parallax_scroll=\u00a0\u00bbno\u00a0\u00bb mobile_reset_margin=\u00a0\u00bbno\u00a0\u00bb tablet_reset_margin=\u00a0\u00bbno\u00a0\u00bb]\n\t\t<div id=\"wd-62765623d6df5\" class=\"title-wrapper wd-wpb wd-set-mb reset-last-child  wd-rs-62765623d6df5 wd-title-color-default wd-title-style-default text-center vc_custom_1651922483767 wd-underline-colored\">\n\t\t\t\n\t\t\t<div class=\"liner-continer\">\n\t\t\t\t<h4 class=\"woodmart-title-container title  wd-font-weight-100 wd-fontsize-xl\" >Service \u00e0 la client\u00e8le<\/h4>\n\t\t\t\t\t\t\t<\/div>\n\t\t\t\n\t\t\t\t\t\t\t<div class=\"title-after_title reset-last-child  wd-fontsize-s\">Questions fr\u00e9quemment | Maisons rurales<\/div>\n\t\t\t\n\t\t\t\n\t\t<\/div>\n\t\t\n\t\t[\/vc_column][\/vc_row][vc_row css=\u00a0\u00bb.vc_custom_1583670066881{padding-top: 30px !important;padding-right: 30px !important;padding-bottom: 30px !important;padding-left: 30px !important;}\u00a0\u00bb mobile_bg_img_hidden=\u00a0\u00bbno\u00a0\u00bb tablet_bg_img_hidden=\u00a0\u00bbno\u00a0\u00bb woodmart_parallax=\u00a0\u00bb0&Prime; woodmart_gradient_switch=\u00a0\u00bbno\u00a0\u00bb row_reverse_mobile=\u00a0\u00bb0&Prime; row_reverse_tablet=\u00a0\u00bb0&Prime; woodmart_disable_overflow=\u00a0\u00bb0&Prime;][vc_column][vc_tta_accordion c_icon=\u00a0\u00bbchevron\u00a0\u00bb c_position=\u00a0\u00bbright\u00a0\u00bb active_section=\u00a0\u00bb100&Prime; collapsible_all=\u00a0\u00bbtrue\u00a0\u00bb][vc_tta_section i_icon_fontawesome=\u00a0\u00bbfar fa-calendar-check\u00a0\u00bb add_icon=\u00a0\u00bbtrue\u00a0\u00bb title=\u00a0\u00bbV\u00e9rifier la disponibilit\u00e9 imm\u00e9diatement\u00a0\u00bb tab_id=\u00a0\u00bbdisponibilidad\u00a0\u00bb][vc_column_text text_larger=\u00a0\u00bbno\u00a0\u00bb woodmart_inline=\u00a0\u00bbno\u00a0\u00bb]<\/p>\n<h4>V\u00e9rifier la disponibilit\u00e9<\/h4>\n<div dir=\"ltr\">La disponibilit\u00e9 de nos maisons est mise \u00e0 jour \u00e0 la minute pr\u00e8s. Vous pouvez la v\u00e9rifier directement sur notre site web : <a href=\"https:\/\/www.momentorural.com\/\" target=\"_blank\" rel=\"noopener\" data-saferedirecturl=\"https:\/\/www.google.com\/url?q=https:\/\/www.momentorural.com&amp;source=gmail&amp;ust=1652009010571000&amp;usg=AOvVaw0eHj2c1N4r9iKWns1dKhwe\">momentorural.com<\/a><\/div>\n<div dir=\"ltr\"><\/div>\n<div dir=\"ltr\">Il vous suffit d&rsquo;indiquer les dates d&rsquo;arriv\u00e9e et de d\u00e9part, le nombre de personnes&#8230; et <em>voil\u00e0<\/em> !<\/div>\n<div dir=\"ltr\"><\/div>\n<div dir=\"ltr\">En outre, sur la page de chaque maison, vous pouvez consulter un calendrier des disponibilit\u00e9s. Cette fonction est tr\u00e8s utile si vous souhaitez rechercher directement des dates disponibles.<\/div>\n<div dir=\"ltr\"><\/div>\n<h4>Nuits minimum<\/h4>\n<p>Il y a un nombre minimum de nuits \u00e0 r\u00e9server.<br \/>\nIl peut s&rsquo;agir d&rsquo;un minimum de 3, 5 ou 7 nuits, selon la p\u00e9riode de l&rsquo;ann\u00e9e.<\/p>\n<p>Dans ce cas, il est \u00e9galement possible de r\u00e9server une journ\u00e9e entre deux r\u00e9servations (minimum 2 nuits). Nous ne faisons pas de r\u00e9servations pour une seule nuit.<\/p>\n<p>Dans tous les cas, sur notre site web, vous pouvez <a href=\"https:\/\/www.momentorural.com\/\" target=\"_blank\" rel=\"noopener\">v\u00e9rifier la disponibilit\u00e9<\/a> des dates souhait\u00e9es et savoir imm\u00e9diatement si la r\u00e9servation est possible, en tenant compte du nombre minimum de nuits.[\/vc_column_text][\/vc_tta_section][vc_tta_section i_icon_fontawesome=\u00a0\u00bbfas fa-euro-sign\u00a0\u00bb add_icon=\u00a0\u00bbtrue\u00a0\u00bb title=\u00a0\u00bbPrix\u00a0\u00bb tab_id=\u00a0\u00bbprecios\u00a0\u00bb][vc_column_text text_larger=\u00a0\u00bbno\u00a0\u00bb woodmart_inline=\u00a0\u00bbno\u00a0\u00bb]Les prix sont indiqu\u00e9s sur notre site web <a href=\"https:\/\/momentorural.com\/\" target=\"_blank\" rel=\"noopener\">momentorural.com<\/a><\/p>\n<ol>\n<li>Indiquez les dates et le nombre de personnes.<\/li>\n<li>Haz clic en reservar para conocer los detalles de tu reserva antes de proceder con el pago.<\/li>\n<\/ol>\n<p>[\/vc_column_text][\/vc_tta_section][vc_tta_section i_icon_fontawesome=\u00a0\u00bbfas fa-home\u00a0\u00bb add_icon=\u00a0\u00bbtrue\u00a0\u00bb title=\u00a0\u00bbInformation des maisons\u00a0\u00bb tab_id=\u00a0\u00bbinfo-casas\u00a0\u00bb][vc_column_text text_larger=\u00a0\u00bbno\u00a0\u00bb woodmart_inline=\u00a0\u00bbno\u00a0\u00bb]<\/p>\n<p>Les maisons sont toutes priv\u00e9es, pour votre seul plaisir. Elles ne sont pas partag\u00e9es avec d&rsquo;autres h\u00f4tes. Il en va de m\u00eame pour les piscines, dans les maisons qui en sont \u00e9quip\u00e9es, qui ne sont pas non plus partag\u00e9es avec d&rsquo;autres h\u00f4tes.<\/p>\n<p>Des informations sur chaque maison sont disponibles sur notre site web. <a href=\"https:\/\/momentorural.com\/\" target=\"_blank\" rel=\"noopener\">momentorural.com<\/a><\/p>\n<ol>\n<li>D\u00e9tails des chambres, lits et types, salle(s) de bains<\/li>\n<li>Photographies int\u00e9rieures et ext\u00e9rieures<\/li>\n<li>Services\/outils propos\u00e9s<\/li>\n<li>Localisation de la maison: adresse et carte<\/li>\n<\/ol>\n<h4>Proximit\u00e9 des habitations<\/h4>\n<p>Les Casa Aurora, Pilar et Tarabilla sont situ\u00e9es dans notre finca, <a href=\"https:\/\/www.google.com\/maps?ll=28.30561,-13.954689&amp;z=12&amp;t=m&amp;hl=es&amp;gl=ES&amp;mapclient=embed&amp;cid=776320506092930248\" target=\"_blank\" rel=\"noopener\">Verdeaurora Bio Farm<\/a>. Elles sont proches l&rsquo;une de l&rsquo;autre.<br \/>\nLas otras casas est\u00e1n situada en el norte. Casa Tile a 1km de El Cotillo y Casa Marinera en El Cotillo, en una privilegiada localizaci\u00f3n frente al mar.[\/vc_column_text][\/vc_tta_section][vc_tta_section i_icon_fontawesome=\u00a0\u00bbfas fa-check-double\u00a0\u00bb add_icon=\u00a0\u00bbtrue\u00a0\u00bb title=\u00a0\u00bbS\u00e9curisez votre r\u00e9servation instantan\u00e9ment\u00a0\u00bb tab_id=\u00a0\u00bbreservar\u00a0\u00bb][vc_column_text text_larger=\u00a0\u00bbno\u00a0\u00bb woodmart_inline=\u00a0\u00bbno\u00a0\u00bb]Une fois que vous avez s\u00e9lectionn\u00e9 les dates et le nombre de personnes, proc\u00e9dez au paiement pour garantir votre r\u00e9servation.<\/p>\n<ol>\n<li>V\u00e9rifiez que toutes les informations sont correctes.<\/li>\n<li>Tu reserva se har\u00e1 de forma inmediata y recibir\u00e1s un correo de confirmaci\u00f3n.<\/li>\n<\/ol>\n<p>[\/vc_column_text][\/vc_tta_section][vc_tta_section i_icon_fontawesome=\u00a0\u00bbfas fa-percentage\u00a0\u00bb add_icon=\u00a0\u00bbtrue\u00a0\u00bb title=\u00a0\u00bbOffrez-vous une r\u00e9duction ?\u00a0\u00bb tab_id=\u00a0\u00bbdescuentos\u00a0\u00bb][vc_column_text text_larger=\u00a0\u00bbno\u00a0\u00bb woodmart_inline=\u00a0\u00bbno\u00a0\u00bb]Nous pr\u00e9f\u00e9rons assurer la qualit\u00e9 de nos maisons ainsi que la bonne gestion et la r\u00e9mun\u00e9ration de notre personnel. C&rsquo;est pourquoi nos prix doivent \u00eatre adapt\u00e9s \u00e0 tous et nos r\u00e9ductions sont limit\u00e9es.<\/p>\n<p>Les r\u00e9ductions que nous proposons concernent les r\u00e9servations \u00e0 long terme et sont les suivantes :<\/p>\n<ul>\n<li>R\u00e9duction sur les r\u00e9servations de 7 nuits ou plus<\/li>\n<li>R\u00e9duction sup\u00e9rieure pour les r\u00e9servations de plus de 30 nuits<\/li>\n<\/ul>\n<p>Ces r\u00e9ductions sont automatiquement appliqu\u00e9es au prix sur la page de paiement.<\/p>\n<h4>Coupon de r\u00e9duction<\/h4>\n<p>Recevez une r\u00e9duction imm\u00e9diate en r\u00e9servant maintenant.<\/p>\n<ul>\n<li>Code de r\u00e9duction: <strong>vda-discount-05<\/strong><\/li>\n<\/ul>\n<p>Saisissez le code sur la page de r\u00e9servation.<br \/>\nSi tu reserva es superior a 7 noches, este descuento se har\u00e1 como adicional.<br \/>\n\u00danicamente v\u00e1lido en <a href=\"https:\/\/www.momentorural.com\/\" target=\"_blank\" rel=\"noopener\">momentorural.com<\/a>[\/vc_column_text][\/vc_tta_section][vc_tta_section i_icon_fontawesome=\u00a0\u00bbfas fa-handshake\u00a0\u00bb add_icon=\u00a0\u00bbtrue\u00a0\u00bb title=\u00a0\u00bbR\u00e9servez en toute tranquillit\u00e9 : Changements et annulations\u00a0\u00bb tab_id=\u00a0\u00bbcambios-cancelaciones\u00a0\u00bb][vc_column_text text_larger=\u00a0\u00bbno\u00a0\u00bb woodmart_inline=\u00a0\u00bbno\u00a0\u00bb]Une fois votre r\u00e9servation effectu\u00e9e, si vous souhaitez modifier les dates ou le nombre de personnes, veuillez nous contacter. Dans la mesure o\u00f9 des dates sont disponibles, nous pourrons modifier votre r\u00e9servation.<br \/>\nDisponemos adem\u00e1s de una <strong>pol\u00edtica de cancelaci\u00f3n muy flexible<\/strong>, que puedes consultar en el momento de la reserva (p\u00e1gina de pago).[\/vc_column_text][\/vc_tta_section][\/vc_tta_accordion][\/vc_column][\/vc_row][vc_row full_width=\u00a0\u00bbstretch_row\u00a0\u00bb mobile_bg_img_hidden=\u00a0\u00bbno\u00a0\u00bb tablet_bg_img_hidden=\u00a0\u00bbno\u00a0\u00bb woodmart_parallax=\u00a0\u00bb0&Prime; woodmart_gradient_switch=\u00a0\u00bbno\u00a0\u00bb row_reverse_mobile=\u00a0\u00bb0&Prime; row_reverse_tablet=\u00a0\u00bb0&Prime; woodmart_disable_overflow=\u00a0\u00bb0&Prime; css=\u00a0\u00bb.vc_custom_1583404219271{margin-bottom: -40px !important;padding-bottom: 20px !important;background: #374b4c url(https:\/\/gallant-thompson.87-106-228-167.plesk.page\/wp-content\/uploads\/2020\/03\/Recurso-58.png?id=13192) !important;background-position: center !important;background-repeat: no-repeat !important;background-size: cover !important;}\u00a0\u00bb][vc_column][vc_row_inner css=\u00a0\u00bb.vc_custom_1576509290039{padding-top: 30px !important;padding-bottom: 30px !important;}\u00a0\u00bb row_reverse_mobile=\u00a0\u00bb0&Prime; row_reverse_tablet=\u00a0\u00bb0&Prime;][vc_column_inner][vc_column_text woodmart_color_scheme=\u00a0\u00bblight\u00a0\u00bb text_larger=\u00a0\u00bbno\u00a0\u00bb]<\/p>\n<h3 style=\"text-align: center;\">Besoin de plus d&rsquo;informations ?<\/h3>\n<p>[\/vc_column_text]<div id=\"wd-5e7205945fa49\" class=\" wd-rs-5e7205945fa49  wd-button-wrapper text-center\"><a href=\"https:\/\/verdeaurora.com\/fr\/contacto\/\" title=\"Contacter\" class=\"btn btn-color-white btn-style-bordered btn-shape-rectangle btn-size-default\" target=\"_blank\" rel=\"noopener\">Contacter<\/a><\/div>[\/vc_column_inner][\/vc_row_inner][\/vc_column][\/vc_row]<\/p>\n<\/div>","protected":false},"excerpt":{"rendered":"<p>[vc_row full_width=\u00a0\u00bbstretch_row\u00a0\u00bb css=\u00a0\u00bb.vc_custom_1583670058963{margin-top: -50px !important;padding-top: 40px !important;padding-bottom: 40px !important;background-position: center !important;background-repeat: no-repeat !important;background-size: cover !important;}\u00a0\u00bb mobile_bg_img_hidden=\u00a0\u00bbno\u00a0\u00bb tablet_bg_img_hidden=\u00a0\u00bbno\u00a0\u00bb woodmart_parallax=\u00a0\u00bb0&Prime; woodmart_gradient_switch=\u00a0\u00bbno\u00a0\u00bb row_reverse_mobile=\u00a0\u00bb0&Prime;<\/p>\n","protected":false},"author":6431,"featured_media":0,"parent":0,"menu_order":0,"comment_status":"closed","ping_status":"closed","template":"","meta":{"footnotes":""},"class_list":["post-26797","page","type-page","status-publish","hentry"],"_links":{"self":[{"href":"https:\/\/optimistic-curran.87-106-228-167.plesk.page\/fr\/wp-json\/wp\/v2\/pages\/26797","targetHints":{"allow":["GET"]}}],"collection":[{"href":"https:\/\/optimistic-curran.87-106-228-167.plesk.page\/fr\/wp-json\/wp\/v2\/pages"}],"about":[{"href":"https:\/\/optimistic-curran.87-106-228-167.plesk.page\/fr\/wp-json\/wp\/v2\/types\/page"}],"author":[{"embeddable":true,"href":"https:\/\/optimistic-curran.87-106-228-167.plesk.page\/fr\/wp-json\/wp\/v2\/users\/6431"}],"replies":[{"embeddable":true,"href":"https:\/\/optimistic-curran.87-106-228-167.plesk.page\/fr\/wp-json\/wp\/v2\/comments?post=26797"}],"version-history":[{"count":0,"href":"https:\/\/optimistic-curran.87-106-228-167.plesk.page\/fr\/wp-json\/wp\/v2\/pages\/26797\/revisions"}],"wp:attachment":[{"href":"https:\/\/optimistic-curran.87-106-228-167.plesk.page\/fr\/wp-json\/wp\/v2\/media?parent=26797"}],"curies":[{"name":"wp","href":"https:\/\/api.w.org\/{rel}","templated":true}]}}