{"id":13446,"date":"2020-02-29T14:28:14","date_gmt":"2020-02-29T14:28:14","guid":{"rendered":"https:\/\/gallant-thompson.87-106-228-167.plesk.page\/v2\/product\/gel-anti-age-a-laloe-vera-et-huile-dolive\/"},"modified":"2026-02-01T07:24:19","modified_gmt":"2026-02-01T07:24:19","slug":"gel-anti-age-a-laloe-vera-et-huile-dolive","status":"publish","type":"product","link":"https:\/\/optimistic-curran.87-106-228-167.plesk.page\/fr\/produit\/gel-anti-age-a-laloe-vera-et-huile-dolive\/","title":{"rendered":"Gel anti-\u00e2ge \u00e0 l&rsquo;Aloe vera et huile d&rsquo;olive"},"content":{"rendered":"<h4><span class=\"title\">Description<\/span><\/h4>\n<p>Gel \u00e0 la formule aqueuse qui \u00e9quilibre la peau ; il s\u2019agit d\u2019une source d\u2019hydratation tr\u00e8s importante car sa texture se pr\u00e9sente sous la forme d\u2019un gel et pas d\u2019une cr\u00e8me.<br \/>\nLe gel anti-\u00e2ge prend soin des parties les plus d\u00e9licates de la peau et qui peuvent s\u2019irriter le plus rapidement comme le contour des yeux, des l\u00e8vres, le cou et le d\u00e9collet\u00e9. Il est recommand\u00e9 pour les parties qui ont tendance \u00e0 s\u2019irriter suite \u00e0 la d\u00e9pilation comme par exemple le visage des hommes, la l\u00e8vre sup\u00e9rieure et\/ou les sourcils. Il maintient la peau lisse et prot\u00e9g\u00e9e, et c\u2019est un raffermissant naturel.<\/p>\n<h4>Applications<\/h4>\n<p>&#8211; Gel aqueux<br \/>\n&#8211; Jour, nuit, contour des yeux, l\u00e8vres, cou et d\u00e9collet\u00e9<br \/>\n&#8211; Hydratant<br \/>\n&#8211; Apr\u00e8s la d\u00e9pilation \/ Aftershave<br \/>\n&#8211; Tous types de peaux<br \/>\n&#8211; R\u00e9affirmant<br \/>\n&#8211; Anti-t\u00e2ches<br \/>\n&#8211; Antirides<\/p>\n<h4>Ingr\u00e9dients<\/h4>\n<p>Aqua, Aloe Barbadensis leaf extract*, Olea Europaea fruit extract*, Sodium Hyaluronate, Algin, Triticum Vulgare germ oil*, Glycerin, Prunus Armeniaca kernel extract*, Prunus Amygdalus dulcis oil*, Lavandula Angustifolia leaf extract*, Sodium benzoate, Sodium Dehydroacetate, Citric Acid, Parfum, Limonene.<\/p>\n","protected":false},"excerpt":{"rendered":"<p>Gel anti-rides \u00e0 effet tenseur, absorption rapide et texture non grasse. Id\u00e9al contre les signes de vieillissement et d&rsquo;oxydation. Formul\u00e9 avec de l&rsquo;huile d&rsquo;olive et de l&rsquo;aloe vera de production biologique.<\/p>\n","protected":false},"featured_media":27207,"comment_status":"open","ping_status":"closed","template":"","meta":[],"product_brand":[],"product_cat":[1016],"product_tag":[],"class_list":{"0":"post-13446","1":"product","2":"type-product","3":"status-publish","4":"has-post-thumbnail","6":"product_cat-aloe-vera-pour-le-visage","8":"first","9":"instock","10":"taxable","11":"shipping-taxable","12":"purchasable","13":"product-type-simple"},"_links":{"self":[{"href":"https:\/\/optimistic-curran.87-106-228-167.plesk.page\/fr\/wp-json\/wp\/v2\/product\/13446","targetHints":{"allow":["GET"]}}],"collection":[{"href":"https:\/\/optimistic-curran.87-106-228-167.plesk.page\/fr\/wp-json\/wp\/v2\/product"}],"about":[{"href":"https:\/\/optimistic-curran.87-106-228-167.plesk.page\/fr\/wp-json\/wp\/v2\/types\/product"}],"replies":[{"embeddable":true,"href":"https:\/\/optimistic-curran.87-106-228-167.plesk.page\/fr\/wp-json\/wp\/v2\/comments?post=13446"}],"wp:featuredmedia":[{"embeddable":true,"href":"https:\/\/optimistic-curran.87-106-228-167.plesk.page\/fr\/wp-json\/wp\/v2\/media\/27207"}],"wp:attachment":[{"href":"https:\/\/optimistic-curran.87-106-228-167.plesk.page\/fr\/wp-json\/wp\/v2\/media?parent=13446"}],"wp:term":[{"taxonomy":"product_brand","embeddable":true,"href":"https:\/\/optimistic-curran.87-106-228-167.plesk.page\/fr\/wp-json\/wp\/v2\/product_brand?post=13446"},{"taxonomy":"product_cat","embeddable":true,"href":"https:\/\/optimistic-curran.87-106-228-167.plesk.page\/fr\/wp-json\/wp\/v2\/product_cat?post=13446"},{"taxonomy":"product_tag","embeddable":true,"href":"https:\/\/optimistic-curran.87-106-228-167.plesk.page\/fr\/wp-json\/wp\/v2\/product_tag?post=13446"}],"curies":[{"name":"wp","href":"https:\/\/api.w.org\/{rel}","templated":true}]}}