{"id":13449,"date":"2020-02-29T14:28:14","date_gmt":"2020-02-29T14:28:14","guid":{"rendered":"https:\/\/gallant-thompson.87-106-228-167.plesk.page\/v2\/product\/gel-confort-a-laloe-vera-et-a-lhuile-dolive\/"},"modified":"2026-03-26T21:48:20","modified_gmt":"2026-03-26T21:48:20","slug":"gel-confort-a-laloe-vera-et-a-lhuile-dolive","status":"publish","type":"product","link":"https:\/\/optimistic-curran.87-106-228-167.plesk.page\/fr\/produit\/gel-confort-a-laloe-vera-et-a-lhuile-dolive\/","title":{"rendered":"Gel confort \u00e0 l&rsquo;Aloe vera et \u00e0 l&rsquo;huile d&rsquo;olive"},"content":{"rendered":"<h4><span class=\"title\">Description<\/span><\/h4>\n<p>Comme anti-inflammatoire naturel, le confort gel calme instantan\u00e9ment les douleurs qui apparaissent \u00e0 des moments ponctuels suite \u00e0 des coups ou des mouvements inappropri\u00e9s. Le format roll-on facilite une application rapide et \u00e9conome : l\u2019effet est imm\u00e9diat, la douleur est \u00e9limin\u00e9e et la partie trait\u00e9e est d\u00e9tendue.<\/p>\n<h4>Applications<\/h4>\n<p>&#8211; Anti-inflammatoire<br \/>\n&#8211; Anesth\u00e9sique<br \/>\n&#8211; Calmant<\/p>\n<h4><span class=\"title\">Compos\u00e9s<\/span><\/h4>\n<p>Les deux composants principaux sont les cristaux purs de menthol et de camphre, tous deux naturels, comme les autres ingr\u00e9dients. Le menthol a un effet de refroidissement tandis que la chaleur est apport\u00e9e par le camphre ce qui donne une sensation de chaud-froid tellement agr\u00e9able que la douleur dispara\u00eet, c&rsquo;est-\u00e0-dire qu\u2019il agit comme un anesth\u00e9tique naturel. L\u2019arnica montana et le romarin, tous deux naturels, sont absorb\u00e9s pour atteindre le lieu pr\u00e9cis de la douleur et agir comme anti-inflammatoires naturels. Enfin, l\u2019huile d\u2019olive, l\u2019aloe vera et la camomille participent \u00e0 l\u2019\u00e9quilibre de la peau pour \u00e9viter les irritations cutan\u00e9es.<\/p>\n<p>Comme un gel de confort anti-inflammatoire naturel, sournois calmer instantan\u00e9ment les douleurs qui apparaissent \u00e0 des moments pr\u00e9cis par un mouvement des r\u00e9sultats m\u00e9diocres.<\/p>\n<h4>Ingr\u00e8dients<\/h4>\n<p>Aqua, Aloe Barbadensis leaf extract*, Menthol, Camphor, Chamomilla Recutita Extract, Salvia Officinalis Extract, Rosmarinus officinalis leaf extract*, Olea Europaea fruit extract*, Harpagophytum procumbens extract, Arnica montana extract and maltodextrin, Algin, Sodium Dehydroacetate, Sodium Benzoate, Linalool, Limonene, Geraniol.<\/p>\n","protected":false},"excerpt":{"rendered":"<p>Soulage la douleur instantan\u00e9ment. Compos\u00e9 de plantes de culture \u00e9cologique comme la menthe et le camphrier, qui procure une agr\u00e9able sensation de froid-chaleur. Avec l&rsquo;aloe, l&rsquo;arnica montana et le romarin, ils permettent de soulager la douleur et agissent comme un anesth\u00e9sique naturel et anti-inflammatoire. Donnant une agr\u00e9able sensation de douceur et d&rsquo;hydratation provenant de l&rsquo;huile d&rsquo;olive extra vierge. Facile \u00e0 appliquer gr\u00e2ce \u00e0 son format roll-on.<\/p>\n<ul>\n<li>60 ml.<\/li>\n<\/ul>\n","protected":false},"featured_media":27183,"comment_status":"open","ping_status":"closed","template":"","meta":[],"product_brand":[],"product_cat":[1010],"product_tag":[],"class_list":{"0":"post-13449","1":"product","2":"type-product","3":"status-publish","4":"has-post-thumbnail","6":"product_cat-aloe-vera-bien-etre","8":"first","9":"instock","10":"taxable","11":"shipping-taxable","12":"purchasable","13":"product-type-simple"},"_links":{"self":[{"href":"https:\/\/optimistic-curran.87-106-228-167.plesk.page\/fr\/wp-json\/wp\/v2\/product\/13449","targetHints":{"allow":["GET"]}}],"collection":[{"href":"https:\/\/optimistic-curran.87-106-228-167.plesk.page\/fr\/wp-json\/wp\/v2\/product"}],"about":[{"href":"https:\/\/optimistic-curran.87-106-228-167.plesk.page\/fr\/wp-json\/wp\/v2\/types\/product"}],"replies":[{"embeddable":true,"href":"https:\/\/optimistic-curran.87-106-228-167.plesk.page\/fr\/wp-json\/wp\/v2\/comments?post=13449"}],"wp:featuredmedia":[{"embeddable":true,"href":"https:\/\/optimistic-curran.87-106-228-167.plesk.page\/fr\/wp-json\/wp\/v2\/media\/27183"}],"wp:attachment":[{"href":"https:\/\/optimistic-curran.87-106-228-167.plesk.page\/fr\/wp-json\/wp\/v2\/media?parent=13449"}],"wp:term":[{"taxonomy":"product_brand","embeddable":true,"href":"https:\/\/optimistic-curran.87-106-228-167.plesk.page\/fr\/wp-json\/wp\/v2\/product_brand?post=13449"},{"taxonomy":"product_cat","embeddable":true,"href":"https:\/\/optimistic-curran.87-106-228-167.plesk.page\/fr\/wp-json\/wp\/v2\/product_cat?post=13449"},{"taxonomy":"product_tag","embeddable":true,"href":"https:\/\/optimistic-curran.87-106-228-167.plesk.page\/fr\/wp-json\/wp\/v2\/product_tag?post=13449"}],"curies":[{"name":"wp","href":"https:\/\/api.w.org\/{rel}","templated":true}]}}