{"id":13452,"date":"2020-02-29T14:28:14","date_gmt":"2020-02-29T14:28:14","guid":{"rendered":"https:\/\/gallant-thompson.87-106-228-167.plesk.page\/v2\/product\/creme-mondiale-a-laloe-vera-et-a-lhuile-dolive\/"},"modified":"2026-05-02T06:03:06","modified_gmt":"2026-05-02T06:03:06","slug":"creme-mondiale-a-laloe-vera-et-a-lhuile-dolive","status":"publish","type":"product","link":"https:\/\/optimistic-curran.87-106-228-167.plesk.page\/fr\/produit\/creme-mondiale-a-laloe-vera-et-a-lhuile-dolive\/","title":{"rendered":"Cr\u00e8me mondiale \u00e0 l&rsquo;Aloe vera et \u00e0 l&rsquo;huile d&rsquo;olive"},"content":{"rendered":"<h4><span class=\"title\">Description<\/span><\/h4>\n<p>Cr\u00e8me pour le visage avec une formule 3 en 1 : elle convient pour le jour et pour la nuit, et elle agit sur le contour des yeux. Cette cr\u00e8me convient \u00e0 tous types de peaux, \u00e2ges et sexes. Elle a \u00e9galement un effet de lifting qui maintient la peau ferme, douce et lisse. Elle r\u00e9tablit l\u2019\u00e9quilibre hydropique de la peau, prot\u00e8ge le jour et nourrit la nuit, et elle offre un \u00e9quilibre de mani\u00e8re tr\u00e8s pratique et confortable.<\/p>\n<h4>Applications<\/h4>\n<p>&#8211; Jour, nuit et contour des yeux<br \/>\n&#8211; Peaux s\u00e8ches et mixtes<br \/>\n&#8211; Hydratante<br \/>\n&#8211; Anti-\u00e2ge<br \/>\n&#8211; Nutritive<br \/>\n&#8211; \u00c9lasticit\u00e9 de la peau<br \/>\n&#8211; Effet lifting<br \/>\n&#8211; Anti-t\u00e2ches<\/p>\n<h4><span class=\"title\">Compos\u00e9s<\/span><\/h4>\n<p>L\u2019hibiscus est l\u2019un des principaux composants de la cr\u00e8me global qui agit comme un filler naturel, associ\u00e9 aux huiles d\u2019olive et de germe de bl\u00e9 aux propri\u00e9t\u00e9s stimulatrices de l\u2019\u00e9lasticit\u00e9 de la peau tout en prot\u00e9geant gr\u00e2ce \u00e0 l\u2019aloe vera, tout cela de mani\u00e8re naturelle. L\u2019huile d\u2019amandes douces, l\u2019huile de noyau d\u2019abricot et l\u2019huile d\u2019argan qui agissent de l\u2019ext\u00e9rieur de la peau, c&rsquo;est-\u00e0-dire de la racine, pour la conserver pendant plus longtemps. En d\u00e9finitive, elle augmente l\u2019hydratation et l\u2019\u00e9lasticit\u00e9 de la peau de l\u2019int\u00e9rieur vers l\u2019ext\u00e9rieur.<\/p>\n<h4>Ingr\u00e9dients<\/h4>\n<p>Aqua, Aloe Barbadensis leaf extract*, Cetearyl Alcohol, Olea Europaea fruit extract*, Triticum Vulgare germ oil*, Glycerin, Cetearyl Glucoside-Cetearyl Alcohol, Argania Spinosa kernel extract and Sodium Cocoyl Glutamate, Butyrospermum Parkii Butter*, Sodium Hyaluronate, Prunus Armeniaca kernel extract*, Prunus Amygdalus Dulcis oil*, Sodium Benzoate, Sodium Dehydroacetate, Algin, Parfum, Citric Acid, Limonene.<\/p>\n","protected":false},"excerpt":{"rendered":"<p>Cr\u00e8me pour le visage avec formule 3 en 1: convient comme cr\u00e8me de jour, cr\u00e8me de nuit et contour des yeux. Sa composition \u00e0 base d&rsquo;aloe vera, d&rsquo;huile d&rsquo;olive, d&rsquo;hibiscus, de germe de bl\u00e9, d&rsquo;huile d&rsquo;amande douce, d&rsquo;huile de noyau d&rsquo;abricot et d&rsquo;huile d&rsquo;argan le fait agir de l&rsquo;int\u00e9rieur de la peau. Tous de l&rsquo;agriculture biologique.<\/p>\n<ul>\n<li>50 ml.<\/li>\n<\/ul>\n","protected":false},"featured_media":27077,"comment_status":"open","ping_status":"closed","template":"","meta":[],"product_brand":[],"product_cat":[1016],"product_tag":[],"class_list":{"0":"post-13452","1":"product","2":"type-product","3":"status-publish","4":"has-post-thumbnail","6":"product_cat-aloe-vera-pour-le-visage","8":"first","9":"instock","10":"taxable","11":"shipping-taxable","12":"purchasable","13":"product-type-simple"},"_links":{"self":[{"href":"https:\/\/optimistic-curran.87-106-228-167.plesk.page\/fr\/wp-json\/wp\/v2\/product\/13452","targetHints":{"allow":["GET"]}}],"collection":[{"href":"https:\/\/optimistic-curran.87-106-228-167.plesk.page\/fr\/wp-json\/wp\/v2\/product"}],"about":[{"href":"https:\/\/optimistic-curran.87-106-228-167.plesk.page\/fr\/wp-json\/wp\/v2\/types\/product"}],"replies":[{"embeddable":true,"href":"https:\/\/optimistic-curran.87-106-228-167.plesk.page\/fr\/wp-json\/wp\/v2\/comments?post=13452"}],"wp:featuredmedia":[{"embeddable":true,"href":"https:\/\/optimistic-curran.87-106-228-167.plesk.page\/fr\/wp-json\/wp\/v2\/media\/27077"}],"wp:attachment":[{"href":"https:\/\/optimistic-curran.87-106-228-167.plesk.page\/fr\/wp-json\/wp\/v2\/media?parent=13452"}],"wp:term":[{"taxonomy":"product_brand","embeddable":true,"href":"https:\/\/optimistic-curran.87-106-228-167.plesk.page\/fr\/wp-json\/wp\/v2\/product_brand?post=13452"},{"taxonomy":"product_cat","embeddable":true,"href":"https:\/\/optimistic-curran.87-106-228-167.plesk.page\/fr\/wp-json\/wp\/v2\/product_cat?post=13452"},{"taxonomy":"product_tag","embeddable":true,"href":"https:\/\/optimistic-curran.87-106-228-167.plesk.page\/fr\/wp-json\/wp\/v2\/product_tag?post=13452"}],"curies":[{"name":"wp","href":"https:\/\/api.w.org\/{rel}","templated":true}]}}