{"id":13455,"date":"2020-02-29T14:28:14","date_gmt":"2020-02-29T14:28:14","guid":{"rendered":"https:\/\/gallant-thompson.87-106-228-167.plesk.page\/v2\/product\/creme-pour-les-mains-aloe-vera-et-huile-dolive\/"},"modified":"2026-03-17T16:19:05","modified_gmt":"2026-03-17T16:19:05","slug":"creme-pour-les-mains-aloe-vera-et-huile-dolive","status":"publish","type":"product","link":"https:\/\/optimistic-curran.87-106-228-167.plesk.page\/fr\/produit\/creme-pour-les-mains-aloe-vera-et-huile-dolive\/","title":{"rendered":"Cr\u00e8me pour les mains \u00e0 l&rsquo;Aloe vera et \u00e0 l&rsquo;huile d&rsquo;olive"},"content":{"rendered":"<h4><span class=\"title\">Description<\/span><\/h4>\n<p>La peau douce et le soin des mains sont importants pour la vie de tous les jours. Cette cr\u00e8me est sp\u00e9cialement formul\u00e9e pour prendre soin de la peau tout en prot\u00e9geant l\u2019aspect des mains en apportant douceur, hydratation, peau lisse et protection. Des mains douces et soyeuses, une absorption rapide, sans laisser la peau grasse.<\/p>\n<h4>Aplications<\/h4>\n<p>&#8211; Douceur<br \/>\n&#8211; Hydratante<br \/>\n&#8211; Anti-t\u00e2ches<br \/>\n&#8211; Non-grasse<br \/>\n&#8211; Absorption rapide<\/p>\n<h4>Ingr\u00e8dients<\/h4>\n<p>A q u a , Cetearyl Alcohol, Aloe Barbadensis leaf extract*, Olea Europaea fruit extract*, Cocoglycerides, Glycerin, Triticum Vulgare Germ Oil*, Rosa Moschata Oil*, Cetearyl Glucoside- Cetearyl Alcohol, Chamomilla Recutita flower extract, Helichrysum Italicum extract, Calendula Officinalis flower extract, A l l a n t o i n , S o d i u m H y a l u r o n a t e , B u t y r o s p e r m u m Pa r k i i B u t t e r * , M e t h y l c h l o r o i s o t h i a z o l i n o n e , Methylisothiazolinone, Benzyl Alcohol, Sodium Dehydroacetate, Parfum, Limonene, Linalool.<\/p>\n","protected":false},"excerpt":{"rendered":"<p>Toutes les propri\u00e9t\u00e9s de l&rsquo;huile d&rsquo;olive et de l&rsquo;aloe vera BIO dans une cr\u00e8me sp\u00e9cialis\u00e9e pour le soin des mains.<\/p>\n","protected":false},"featured_media":27187,"comment_status":"open","ping_status":"closed","template":"","meta":[],"product_brand":[],"product_cat":[1013],"product_tag":[],"class_list":{"0":"post-13455","1":"product","2":"type-product","3":"status-publish","4":"has-post-thumbnail","6":"product_cat-aloe-vera-corps","8":"first","9":"instock","10":"taxable","11":"shipping-taxable","12":"purchasable","13":"product-type-simple"},"_links":{"self":[{"href":"https:\/\/optimistic-curran.87-106-228-167.plesk.page\/fr\/wp-json\/wp\/v2\/product\/13455","targetHints":{"allow":["GET"]}}],"collection":[{"href":"https:\/\/optimistic-curran.87-106-228-167.plesk.page\/fr\/wp-json\/wp\/v2\/product"}],"about":[{"href":"https:\/\/optimistic-curran.87-106-228-167.plesk.page\/fr\/wp-json\/wp\/v2\/types\/product"}],"replies":[{"embeddable":true,"href":"https:\/\/optimistic-curran.87-106-228-167.plesk.page\/fr\/wp-json\/wp\/v2\/comments?post=13455"}],"wp:featuredmedia":[{"embeddable":true,"href":"https:\/\/optimistic-curran.87-106-228-167.plesk.page\/fr\/wp-json\/wp\/v2\/media\/27187"}],"wp:attachment":[{"href":"https:\/\/optimistic-curran.87-106-228-167.plesk.page\/fr\/wp-json\/wp\/v2\/media?parent=13455"}],"wp:term":[{"taxonomy":"product_brand","embeddable":true,"href":"https:\/\/optimistic-curran.87-106-228-167.plesk.page\/fr\/wp-json\/wp\/v2\/product_brand?post=13455"},{"taxonomy":"product_cat","embeddable":true,"href":"https:\/\/optimistic-curran.87-106-228-167.plesk.page\/fr\/wp-json\/wp\/v2\/product_cat?post=13455"},{"taxonomy":"product_tag","embeddable":true,"href":"https:\/\/optimistic-curran.87-106-228-167.plesk.page\/fr\/wp-json\/wp\/v2\/product_tag?post=13455"}],"curies":[{"name":"wp","href":"https:\/\/api.w.org\/{rel}","templated":true}]}}