{"id":13467,"date":"2020-02-29T14:28:13","date_gmt":"2020-02-29T14:28:13","guid":{"rendered":"https:\/\/gallant-thompson.87-106-228-167.plesk.page\/v2\/product\/lip-stick-laloe-vera-et-huile-dolive\/"},"modified":"2026-01-08T19:47:07","modified_gmt":"2026-01-08T19:47:07","slug":"lip-stick-laloe-vera-et-huile-dolive","status":"publish","type":"product","link":"https:\/\/optimistic-curran.87-106-228-167.plesk.page\/fr\/produit\/lip-stick-laloe-vera-et-huile-dolive\/","title":{"rendered":"Lip Stick \u00e0 l&rsquo;Aloe vera et huile d&rsquo;olive"},"content":{"rendered":"<h4><span class=\"title\">Description<\/span><\/h4>\n<p>Le stick labial permettra \u00e0 vos l\u00e8vres d\u2019\u00eatre toujours soign\u00e9es, hydrat\u00e9es et pulpeuses, avec une belle couleur; sa fonction protectrice agit en effet par temps chaud et par temps froid. Il faut savoir que l\u2019utilisation quotidienne comme base avant d\u2019appliquer la couleur ermet de la fixer pendant plus longtemps tout en prot\u00e9geant les l\u00e8vres des produits chimiques contenus dans les rouges-\u00e0-l\u00e8vres.<\/p>\n<h4>Aplications<\/h4>\n<p>&#8211; Protecteur<br \/>\n&#8211; Hydratant<br \/>\n&#8211; Contre la s\u00e9cheresse des l\u00e8vres<br \/>\n&#8211; Solution contre les l\u00e8vres gerc\u00e9es<br \/>\n&#8211; Effet anti-\u00e2ge<\/p>\n<h4>Compounds<\/h4>\n<p>Sans paraffine mais avec des produits naturels comme la propolis et le beurre de karit\u00e9 bio, en plus de l\u2019acide hyaluronique naturel.<\/p>\n<h4>Ingr\u00e9dients<\/h4>\n<p>Ricinus Communis, Candellila cera, Cetyl Ricinoleate, Ozokerite, Cera Alba, Butyrospermum Parkii butter*, Isopropyl myristate, Cera Microcristallina, Aloe Barbadensis leaf extract*, Olea Europea fruit extract*, Sodium Hyaluronate, Propylene Glycol,Propolis, Hydrogenated lanolin, Tocopheryl Acetate, Parfum, Chlorophylin Copper Complex, Helianthus Annuus Seed Oil, Amyl Cinnamal, Geraniol, Hexyl Cinnamal, Limonene, Linalool.<\/p>\n","protected":false},"excerpt":{"rendered":"<p>Des l\u00e8vres soigneuses et juteuses gr\u00e2ce \u00e0 l&rsquo;aloe vera et \u00e0 l&rsquo;huile d&rsquo;olive BIO qui les prot\u00e8ge aussi bien par temps froid que chaud. Son compos\u00e9 \u00e0 la propolis et \u00e0 l&rsquo;acide hyaluronique naturel et au beurre de karit\u00e9 bio rend le soin des l\u00e8vres durable dans le temps. Sans paraffine.<\/p>\n","protected":false},"featured_media":27243,"comment_status":"open","ping_status":"closed","template":"","meta":[],"product_brand":[],"product_cat":[1013],"product_tag":[],"class_list":{"0":"post-13467","1":"product","2":"type-product","3":"status-publish","4":"has-post-thumbnail","6":"product_cat-aloe-vera-corps","8":"first","9":"instock","10":"taxable","11":"shipping-taxable","12":"purchasable","13":"product-type-simple"},"_links":{"self":[{"href":"https:\/\/optimistic-curran.87-106-228-167.plesk.page\/fr\/wp-json\/wp\/v2\/product\/13467","targetHints":{"allow":["GET"]}}],"collection":[{"href":"https:\/\/optimistic-curran.87-106-228-167.plesk.page\/fr\/wp-json\/wp\/v2\/product"}],"about":[{"href":"https:\/\/optimistic-curran.87-106-228-167.plesk.page\/fr\/wp-json\/wp\/v2\/types\/product"}],"replies":[{"embeddable":true,"href":"https:\/\/optimistic-curran.87-106-228-167.plesk.page\/fr\/wp-json\/wp\/v2\/comments?post=13467"}],"wp:featuredmedia":[{"embeddable":true,"href":"https:\/\/optimistic-curran.87-106-228-167.plesk.page\/fr\/wp-json\/wp\/v2\/media\/27243"}],"wp:attachment":[{"href":"https:\/\/optimistic-curran.87-106-228-167.plesk.page\/fr\/wp-json\/wp\/v2\/media?parent=13467"}],"wp:term":[{"taxonomy":"product_brand","embeddable":true,"href":"https:\/\/optimistic-curran.87-106-228-167.plesk.page\/fr\/wp-json\/wp\/v2\/product_brand?post=13467"},{"taxonomy":"product_cat","embeddable":true,"href":"https:\/\/optimistic-curran.87-106-228-167.plesk.page\/fr\/wp-json\/wp\/v2\/product_cat?post=13467"},{"taxonomy":"product_tag","embeddable":true,"href":"https:\/\/optimistic-curran.87-106-228-167.plesk.page\/fr\/wp-json\/wp\/v2\/product_tag?post=13467"}],"curies":[{"name":"wp","href":"https:\/\/api.w.org\/{rel}","templated":true}]}}