{"id":13470,"date":"2020-02-29T14:28:13","date_gmt":"2020-02-29T14:28:13","guid":{"rendered":"https:\/\/gallant-thompson.87-106-228-167.plesk.page\/v2\/product\/desodorisant-sans-aluminium\/"},"modified":"2026-04-18T16:21:04","modified_gmt":"2026-04-18T16:21:04","slug":"desodorisant-sans-aluminium","status":"publish","type":"product","link":"https:\/\/optimistic-curran.87-106-228-167.plesk.page\/fr\/produit\/desodorisant-sans-aluminium\/","title":{"rendered":"D\u00e9sodorisant sans aluminium \u00e0 l&rsquo;Aloe vera et \u00e0 l&rsquo;huile d&rsquo;olive"},"content":{"rendered":"<h4>Description<\/h4>\n<p>Les soins de la peau, en plus de l\u2019hygi\u00e8ne, sont tr\u00e8s importants; c\u2019est pourquoi ce d\u00e9sodorisant est la solution id\u00e9ale. Il ne contient pas d\u2019aluminium, une substance qui est nocive pour la peau; il apporte soin et hygi\u00e8ne en un seul produit.<\/p>\n<h4>Applications<\/h4>\n<ul>\n<li style=\"list-style-type: none;\">\n<ul>\n<li>Hygi\u00e8ne<\/li>\n<li>Soin<\/li>\n<li>Protection de la peau<\/li>\n<li>\u00c9vite la sueur et les mauvaises odeurs<\/li>\n<\/ul>\n<\/li>\n<\/ul>\n<h4>Ingr\u00e9dients<\/h4>\n<p>Aqua, Aloe Barbadensis Leaf Extract*,Olea Europaea Fruit Extract*,Glycerin, Triethyl Citrate, cetearyl Alcohol,Glyceryl Stearate Citrate,Rosmarinus Officialis Leaf Extract*, Lavandula Angustifolia Flower Extrac*, Citrus Limon Peel Extract*,Zinc Ricinoleate,Moringa Oleifera Seed Extract, Polyglyceryl-3 Caprylate,Oryza Sativa Starch,Chamomilla Recutita Flower Extract,Calendula Officialis Flower Extract,Parfum,Xanthan Gum, Sodium Benzoate,Sodium Dehydroacetate,Glyceryl Laurate, Limonene,Linalool.<\/p>\n","protected":false},"excerpt":{"rendered":"<p>Produit sans aluminium, si nocif pour la sant\u00e9. Il apporte soin et hygi\u00e8ne gr\u00e2ce \u00e0 l&rsquo;aloe vera et \u00e0 l&rsquo;huile d&rsquo;olive bio. Une alternative naturelle et \u00e9cologique.<\/p>\n","protected":false},"featured_media":27195,"comment_status":"open","ping_status":"closed","template":"","meta":[],"product_brand":[],"product_cat":[1328],"product_tag":[],"class_list":{"0":"post-13470","1":"product","2":"type-product","3":"status-publish","4":"has-post-thumbnail","6":"product_cat-nettoyage","8":"first","9":"instock","10":"taxable","11":"shipping-taxable","12":"purchasable","13":"product-type-simple"},"_links":{"self":[{"href":"https:\/\/optimistic-curran.87-106-228-167.plesk.page\/fr\/wp-json\/wp\/v2\/product\/13470","targetHints":{"allow":["GET"]}}],"collection":[{"href":"https:\/\/optimistic-curran.87-106-228-167.plesk.page\/fr\/wp-json\/wp\/v2\/product"}],"about":[{"href":"https:\/\/optimistic-curran.87-106-228-167.plesk.page\/fr\/wp-json\/wp\/v2\/types\/product"}],"replies":[{"embeddable":true,"href":"https:\/\/optimistic-curran.87-106-228-167.plesk.page\/fr\/wp-json\/wp\/v2\/comments?post=13470"}],"wp:featuredmedia":[{"embeddable":true,"href":"https:\/\/optimistic-curran.87-106-228-167.plesk.page\/fr\/wp-json\/wp\/v2\/media\/27195"}],"wp:attachment":[{"href":"https:\/\/optimistic-curran.87-106-228-167.plesk.page\/fr\/wp-json\/wp\/v2\/media?parent=13470"}],"wp:term":[{"taxonomy":"product_brand","embeddable":true,"href":"https:\/\/optimistic-curran.87-106-228-167.plesk.page\/fr\/wp-json\/wp\/v2\/product_brand?post=13470"},{"taxonomy":"product_cat","embeddable":true,"href":"https:\/\/optimistic-curran.87-106-228-167.plesk.page\/fr\/wp-json\/wp\/v2\/product_cat?post=13470"},{"taxonomy":"product_tag","embeddable":true,"href":"https:\/\/optimistic-curran.87-106-228-167.plesk.page\/fr\/wp-json\/wp\/v2\/product_tag?post=13470"}],"curies":[{"name":"wp","href":"https:\/\/api.w.org\/{rel}","templated":true}]}}