{"id":13473,"date":"2020-02-29T14:28:13","date_gmt":"2020-02-29T14:28:13","guid":{"rendered":"https:\/\/gallant-thompson.87-106-228-167.plesk.page\/v2\/product\/gel-a-laloe-vera-pur-a-99-250-ml\/"},"modified":"2026-04-13T06:08:05","modified_gmt":"2026-04-13T06:08:05","slug":"gel-a-laloe-vera-pur-a-99-250-ml","status":"publish","type":"product","link":"https:\/\/optimistic-curran.87-106-228-167.plesk.page\/fr\/produit\/gel-a-laloe-vera-pur-a-99-250-ml\/","title":{"rendered":"Gel d&rsquo;Aloe vera pur \u00e0 99% (250 ml.)"},"content":{"rendered":"<h4><span class=\"title\">Description<\/span><\/h4>\n<p>Parfait pour une r\u00e9g\u00e9n\u00e9ration cellulaire de la peau due aux br\u00fblures, irritations et piq\u00fbres. Il est recommand\u00e9 de l&rsquo;appliquer sur la peau humide apr\u00e8s la douche, en attendant que la partie affect\u00e9e l&rsquo;absorbe pour qu&rsquo;elle commence \u00e0 gu\u00e9rir.<\/p>\n<h4>Applications<\/h4>\n<ul>\n<li>br\u00fblures<\/li>\n<li>Apr\u00e8s d\u00e9pilation<\/li>\n<li>acn\u00e9<\/li>\n<li>Cuts \/ blessures<\/li>\n<li>Les piq\u00fbres d&rsquo;insectes<\/li>\n<li>Ecz\u00e9ma \/ Psoriasis \/ Dermatite<\/li>\n<li>Anti-taches<\/li>\n<li>gu\u00e9rison<\/li>\n<li>r\u00e9g\u00e9n\u00e9rateur<\/li>\n<li>Nettoyant pour la peau<\/li>\n<li>rougissement de la peau<\/li>\n<\/ul>\n<h4><span class=\"title\">Des indications<\/span><\/h4>\n<p>Rappelez-vous: c\u2019est un pur produit d\u2019aloe vera et doit \u00eatre conserv\u00e9 au frais une fois ouvert. Mettez-le au r\u00e9frig\u00e9rateur pour que l&rsquo;aloe vera ne rouille pas.<\/p>\n<h4>Ingr\u00e9dients<\/h4>\n<p>Aloe Barbadensis, Xantan Gum, Sodium Legulinate, Potasium Sorbate, Ascorbic Acid, Sodium Benzoate<\/p>\n","protected":false},"excerpt":{"rendered":"<p>Parfait pour une r\u00e9g\u00e9n\u00e9ration cellulaire de la peau due aux br\u00fblures, irritations et piq\u00fbres. Il est recommand\u00e9 de l&rsquo;appliquer sur la peau humide apr\u00e8s la douche, en attendant que la partie affect\u00e9e l&rsquo;absorbe pour qu&rsquo;elle commence \u00e0 gu\u00e9rir.<\/p>\n","protected":false},"featured_media":27215,"comment_status":"open","ping_status":"closed","template":"","meta":[],"product_brand":[],"product_cat":[1019],"product_tag":[],"class_list":{"0":"post-13473","1":"product","2":"type-product","3":"status-publish","4":"has-post-thumbnail","6":"product_cat-aloe-vera-pur-fr","8":"first","9":"instock","10":"taxable","11":"shipping-taxable","12":"purchasable","13":"product-type-simple"},"_links":{"self":[{"href":"https:\/\/optimistic-curran.87-106-228-167.plesk.page\/fr\/wp-json\/wp\/v2\/product\/13473","targetHints":{"allow":["GET"]}}],"collection":[{"href":"https:\/\/optimistic-curran.87-106-228-167.plesk.page\/fr\/wp-json\/wp\/v2\/product"}],"about":[{"href":"https:\/\/optimistic-curran.87-106-228-167.plesk.page\/fr\/wp-json\/wp\/v2\/types\/product"}],"replies":[{"embeddable":true,"href":"https:\/\/optimistic-curran.87-106-228-167.plesk.page\/fr\/wp-json\/wp\/v2\/comments?post=13473"}],"wp:featuredmedia":[{"embeddable":true,"href":"https:\/\/optimistic-curran.87-106-228-167.plesk.page\/fr\/wp-json\/wp\/v2\/media\/27215"}],"wp:attachment":[{"href":"https:\/\/optimistic-curran.87-106-228-167.plesk.page\/fr\/wp-json\/wp\/v2\/media?parent=13473"}],"wp:term":[{"taxonomy":"product_brand","embeddable":true,"href":"https:\/\/optimistic-curran.87-106-228-167.plesk.page\/fr\/wp-json\/wp\/v2\/product_brand?post=13473"},{"taxonomy":"product_cat","embeddable":true,"href":"https:\/\/optimistic-curran.87-106-228-167.plesk.page\/fr\/wp-json\/wp\/v2\/product_cat?post=13473"},{"taxonomy":"product_tag","embeddable":true,"href":"https:\/\/optimistic-curran.87-106-228-167.plesk.page\/fr\/wp-json\/wp\/v2\/product_tag?post=13473"}],"curies":[{"name":"wp","href":"https:\/\/api.w.org\/{rel}","templated":true}]}}