{"id":16724,"date":"2020-06-11T12:27:51","date_gmt":"2020-06-11T12:27:51","guid":{"rendered":"https:\/\/gallant-thompson.87-106-228-167.plesk.page\/?post_type=product&#038;p=16724"},"modified":"2026-03-04T08:31:14","modified_gmt":"2026-03-04T08:31:14","slug":"champoing-a-laloe-vera-et-huile-dolive","status":"publish","type":"product","link":"https:\/\/optimistic-curran.87-106-228-167.plesk.page\/fr\/produit\/champoing-a-laloe-vera-et-huile-dolive\/","title":{"rendered":"Shampooing \u00e0 l&rsquo;aloe vera et \u00e0 l&rsquo;huile d&rsquo;olive"},"content":{"rendered":"<p>Prot\u00e8ge et respecte l&rsquo;\u00e9quilibre naturel des cheveux, en laissant une agr\u00e9able sensation de fra\u00eecheur et de bien-\u00eatre. Con\u00e7u pour nettoyer en douceur.<\/p>\n<ul>\n<li>Concentr\u00e9<\/li>\n<li>Nourrir<\/li>\n<li>Hydratation<\/li>\n<li>Luminosit\u00e9<\/li>\n<li>Douceur<\/li>\n<li>Restructure les cheveux ab\u00eem\u00e9s<\/li>\n<\/ul>\n<h4>Ingr\u00e9dients<\/h4>\n<p>Aqua, Aloe Barbadensis Leaf Extract, Ammonium Lauryl Sulfate, Coco-Glucoside, Glycerin, Olea Europaea Fruit Extract, Glyceryl Oleate, Triticum Vulgare Germ Oil**, Rosmarinus Officinalis Leaf Extract*, Moringa Oleifera Seed Extract, Betaine, Parfum, Algin, Citric Acid, Maltodextrin, Benzyl Alcohol, Benzoic Acid, Sorbic Acid, Limonene, Linalool, Geraniol, Hexyl Cinnamal.**<br \/>\n*DE CULTIVO BIOLOGICO \/ FROM ORGANIC FARMING.<\/p>\n","protected":false},"excerpt":{"rendered":"<p>Le shampooing Verdeaurora est compos\u00e9 d&rsquo;aloe vera et d&rsquo;huile d&rsquo;olive biologiques. Nourrit les cheveux, leur apporte brillance et douceur gr\u00e2ce \u00e0 sa composition d&rsquo;actifs naturels. Id\u00e9al pour tous les types de cheveux.<\/p>\n<ul>\n<li><span style=\"font-weight: 400;\"><span style=\"font-weight: 400;\">200ml.<\/span><\/span><\/li>\n<\/ul>\n","protected":false},"featured_media":27175,"comment_status":"open","ping_status":"closed","template":"","meta":[],"product_brand":[],"product_cat":[1328],"product_tag":[],"class_list":{"0":"post-16724","1":"product","2":"type-product","3":"status-publish","4":"has-post-thumbnail","6":"product_cat-nettoyage","8":"first","9":"instock","10":"taxable","11":"shipping-taxable","12":"purchasable","13":"product-type-simple"},"_links":{"self":[{"href":"https:\/\/optimistic-curran.87-106-228-167.plesk.page\/fr\/wp-json\/wp\/v2\/product\/16724","targetHints":{"allow":["GET"]}}],"collection":[{"href":"https:\/\/optimistic-curran.87-106-228-167.plesk.page\/fr\/wp-json\/wp\/v2\/product"}],"about":[{"href":"https:\/\/optimistic-curran.87-106-228-167.plesk.page\/fr\/wp-json\/wp\/v2\/types\/product"}],"replies":[{"embeddable":true,"href":"https:\/\/optimistic-curran.87-106-228-167.plesk.page\/fr\/wp-json\/wp\/v2\/comments?post=16724"}],"wp:featuredmedia":[{"embeddable":true,"href":"https:\/\/optimistic-curran.87-106-228-167.plesk.page\/fr\/wp-json\/wp\/v2\/media\/27175"}],"wp:attachment":[{"href":"https:\/\/optimistic-curran.87-106-228-167.plesk.page\/fr\/wp-json\/wp\/v2\/media?parent=16724"}],"wp:term":[{"taxonomy":"product_brand","embeddable":true,"href":"https:\/\/optimistic-curran.87-106-228-167.plesk.page\/fr\/wp-json\/wp\/v2\/product_brand?post=16724"},{"taxonomy":"product_cat","embeddable":true,"href":"https:\/\/optimistic-curran.87-106-228-167.plesk.page\/fr\/wp-json\/wp\/v2\/product_cat?post=16724"},{"taxonomy":"product_tag","embeddable":true,"href":"https:\/\/optimistic-curran.87-106-228-167.plesk.page\/fr\/wp-json\/wp\/v2\/product_tag?post=16724"}],"curies":[{"name":"wp","href":"https:\/\/api.w.org\/{rel}","templated":true}]}}