{"id":16919,"date":"2020-02-29T14:28:14","date_gmt":"2020-02-29T14:28:14","guid":{"rendered":"https:\/\/gallant-thompson.87-106-228-167.plesk.page\/product\/pack-cuidate\/"},"modified":"2024-04-12T12:13:17","modified_gmt":"2024-04-12T12:13:17","slug":"pack-cuidate","status":"publish","type":"product","link":"https:\/\/optimistic-curran.87-106-228-167.plesk.page\/fr\/produit\/pack-cuidate\/","title":{"rendered":"Pack Cu\u00eddate"},"content":{"rendered":"<p>Le \u00ab\u00a0Pack Cu\u00eddate\u00a0\u00bb est compos\u00e9 de produits biologiques \u00e0 base d&rsquo;aloe vera et d&rsquo;huile d&rsquo;olive, id\u00e9al pour prendre soin de votre peau et de vos cheveux. Il nettoie, raffermit et hydrate de la mani\u00e8re la plus naturelle qui soit.<\/p>\n","protected":false},"excerpt":{"rendered":"<p>Le \u00ab\u00a0Pack Cu\u00eddate\u00a0\u00bb est compos\u00e9 de trois produits biologiques \u00e0 base d&rsquo;aloe vera et d&rsquo;huile d&rsquo;olive, id\u00e9als pour stimuler la peau et obtenir une peau ferme, exfoli\u00e9e et hydrat\u00e9e.<\/p>\n","protected":false},"featured_media":18110,"comment_status":"open","ping_status":"closed","template":"","meta":[],"product_brand":[],"product_cat":[1022],"product_tag":[],"class_list":{"0":"post-16919","1":"product","2":"type-product","3":"status-publish","4":"has-post-thumbnail","6":"product_cat-paquet-aloe-bio","8":"first","9":"instock","10":"taxable","11":"shipping-taxable","12":"product-type-grouped"},"_links":{"self":[{"href":"https:\/\/optimistic-curran.87-106-228-167.plesk.page\/fr\/wp-json\/wp\/v2\/product\/16919","targetHints":{"allow":["GET"]}}],"collection":[{"href":"https:\/\/optimistic-curran.87-106-228-167.plesk.page\/fr\/wp-json\/wp\/v2\/product"}],"about":[{"href":"https:\/\/optimistic-curran.87-106-228-167.plesk.page\/fr\/wp-json\/wp\/v2\/types\/product"}],"replies":[{"embeddable":true,"href":"https:\/\/optimistic-curran.87-106-228-167.plesk.page\/fr\/wp-json\/wp\/v2\/comments?post=16919"}],"wp:featuredmedia":[{"embeddable":true,"href":"https:\/\/optimistic-curran.87-106-228-167.plesk.page\/fr\/wp-json\/wp\/v2\/media\/18110"}],"wp:attachment":[{"href":"https:\/\/optimistic-curran.87-106-228-167.plesk.page\/fr\/wp-json\/wp\/v2\/media?parent=16919"}],"wp:term":[{"taxonomy":"product_brand","embeddable":true,"href":"https:\/\/optimistic-curran.87-106-228-167.plesk.page\/fr\/wp-json\/wp\/v2\/product_brand?post=16919"},{"taxonomy":"product_cat","embeddable":true,"href":"https:\/\/optimistic-curran.87-106-228-167.plesk.page\/fr\/wp-json\/wp\/v2\/product_cat?post=16919"},{"taxonomy":"product_tag","embeddable":true,"href":"https:\/\/optimistic-curran.87-106-228-167.plesk.page\/fr\/wp-json\/wp\/v2\/product_tag?post=16919"}],"curies":[{"name":"wp","href":"https:\/\/api.w.org\/{rel}","templated":true}]}}