{"id":25970,"date":"2023-08-10T08:29:08","date_gmt":"2023-08-10T08:29:08","guid":{"rendered":"https:\/\/gallant-thompson.87-106-228-167.plesk.page\/?post_type=product&#038;p=25970"},"modified":"2026-05-02T19:51:29","modified_gmt":"2026-05-02T19:51:29","slug":"mascarilla-facial-con-aloe-vera","status":"publish","type":"product","link":"https:\/\/optimistic-curran.87-106-228-167.plesk.page\/fr\/produit\/mascarilla-facial-con-aloe-vera\/","title":{"rendered":"Masque facial 4 en 1 \u00e0 l&rsquo;Aloe vera"},"content":{"rendered":"<p>Revitalisation et \u00e9quilibre de la peau<\/p>\n<p>D\u00e9couvrez l&rsquo;innovant masque facial 4 en 1 \u00e0 l&rsquo;aloe vera, un traitement con\u00e7u pour rajeunir, \u00e9quilibrer et d\u00e9toxifier votre peau, tout en lui apportant un doux effet exfoliant. Notre masque \u00e0 l&rsquo;aloe vera biologique offre une purification en profondeur en \u00e9liminant toutes les impuret\u00e9s caus\u00e9es par la pollution de l&rsquo;air et le mode de vie d&rsquo;aujourd&rsquo;hui.<br \/>\nEn plus de ses remarquables qualit\u00e9s \u00e9quilibrantes, nettoyantes et hydratantes, notre masque agit comme un antioxydant naturel, insufflant \u00e0 votre peau vitalit\u00e9, fra\u00eecheur et \u00e9lasticit\u00e9.<\/p>\n<p>Le masque 4 en 1 Verdeaurora transforme votre routine de soins du visage. Votre peau m\u00e9rite ce niveau de revitalisation et de protection. Essayez-le maintenant et donnez un nouvel \u00e9clat \u00e0 votre peau !<\/p>\n<p>&nbsp;<\/p>\n<h3>Ingr\u00e9dients actifs du masque facial 4 en 1 \u00e0 l&rsquo;aloe vera<\/h3>\n<p>D\u00e9couvrez les ingr\u00e9dients puissants de notre formule unique qui agissent en synergie pour vous donner une peau revitalis\u00e9e et \u00e9clatante. Chaque \u00e9l\u00e9ment a \u00e9t\u00e9 soigneusement s\u00e9lectionn\u00e9 pour ses propri\u00e9t\u00e9s exceptionnelles:<\/p>\n<ul>\n<li><strong>Aloe Vera<\/strong> : Nutre, calma y suaviza, brindando a tu piel una sensaci\u00f3n rejuvenecedora y refrescante.<\/li>\n<li><strong>Aceite de Oliva<\/strong> : Prot\u00e8ge, nourrit et hydrate, offrant une protection naturelle pour une peau saine.<\/li>\n<li><strong>Manteca de Karit\u00e9<\/strong> : Nutre, suaviza y regenera, restaurando la vitalidad y la elasticidad.<\/li>\n<li><strong>Aceite de Jojoba<\/strong> : Prot\u00e8ge et nourrit, en maintenant la peau hydrat\u00e9e et rayonnante.<\/li>\n<li><strong>\u00c1cido Hialur\u00f3nico<\/strong> : Hidrata profundamente y act\u00faa como antioxidante, para una piel radiante y juvenil.<\/li>\n<li><strong>Hinojo Marino<\/strong> : Combat la contamination et offre des propri\u00e9t\u00e9s antioxydantes, prot\u00e9geant ainsi votre peau.<\/li>\n<li><strong>Grenade<\/strong> : Agit contre la pollution et est un puissant antioxydant, pour une peau vibrante et revitalis\u00e9e.<\/li>\n<li><strong>Lavande<\/strong> : Prot\u00e8ge contre la contamination et offre des antioxydants naturels, maintenant la fra\u00eecheur de votre peau.<\/li>\n<li><strong>Arcilla Verde<\/strong> : Purifie et r\u00e9\u00e9quilibre, nettoie en profondeur et donne \u00e0 la peau un aspect r\u00e9nov\u00e9.<\/li>\n<li><strong>Polvo de Arroz<\/strong> : Calme et r\u00e9\u00e9quilibre, apportant une sensation de tranquillit\u00e9 et de restauration.<\/li>\n<li><strong>Microesferas de Hoja de Olivo<\/strong> : Exfolie suavemente, eliminando impurezas y revelando la luminosidad natural de la piel.<\/li>\n<\/ul>\n<p>D\u00e9couvrez les avantages de cette combinaison unique dans chaque application.<\/p>\n<p>&nbsp;<\/p>\n<h3>Comment l&rsquo;utiliser<\/h3>\n<p>Obtenez une peau radieuse avec le masque pour le visage \u00e0 l&rsquo;aloe vera en 2 \u00e9tapes faciles:<\/p>\n<ol>\n<li>Appliquer d\u00e9licatement une couche uniforme de notre Masque sur le visage, le cou et le d\u00e9collet\u00e9. Cette couche d\u00e9licate agit pour revitaliser votre peau.<\/li>\n<li>Temps d&rsquo;action : 10 minutes. Une fois le temps \u00e9coul\u00e9, retirez le masque \u00e0 l&rsquo;eau ti\u00e8de, en effectuant des mouvements circulaires pour profiter de l&rsquo;effet des micro-granules, en \u00e9vitant le contour des yeux et des l\u00e8vres. Tirez le meilleur parti de votre routine de soins du visage avec le Masque 4 en 1 et profitez d&rsquo;une peau rajeunie et pleine de vitalit\u00e9.<\/li>\n<\/ol>\n<h3>Ingr\u00e9dients<\/h3>\n<blockquote><p>Aqua, Aloe Barbadensis Leaf Extract*, Olea Europaea Fruit Extract*, Glycerin, Solum Follonum, Butyrospermum Parkii Butter*, Simmondsia Chinensis Seed Oil*, Oryza Sativa Starch, Cetearyl Alcohol, Cetearyl Glucoside, Sodium Hyaluronate, Caprylic\/Capric Triglyceride, Punica Granatum Seed Oil, Lavandula Angustifolia Flower Extract*, Olea Europea Leaf Powder, Hydrogenated Jojoba Esters, Crithmum Maritimum Extract, Benzyl Alcohol, Salicylic Acid, Sorbic Acid, Sodium Dehydroacetate, Parfum, Xanthan Gum, Algin, Citric Acid, Limonene, Linalool.<\/p>\n<p>*DE CULT\u013aVO BIOLOGICO \/*FROM ORGANIC FARMING<\/p><\/blockquote>\n","protected":false},"excerpt":{"rendered":"<p><span style=\"font-weight: 400;\">\u00c9quilibrant, nettoyant et hydratant. Vitalit\u00e9, fra\u00eecheur et \u00e9lasticit\u00e9 pour votre peau. Le masque facial innovant 4-en-1 \u00e0 l&rsquo;aloe vera de Verdeaurora est un traitement facial con\u00e7u pour rajeunir, \u00e9quilibrer et purifier votre peau, tout en lui apportant un effet exfoliant doux.<br \/>\n<\/span><\/p>\n<ul>\n<li><span style=\"font-weight: 400;\">100 ml.<\/span><\/li>\n<\/ul>\n","protected":false},"featured_media":27235,"comment_status":"open","ping_status":"closed","template":"","meta":[],"product_brand":[],"product_cat":[1016],"product_tag":[],"class_list":{"0":"post-25970","1":"product","2":"type-product","3":"status-publish","4":"has-post-thumbnail","6":"product_cat-aloe-vera-pour-le-visage","8":"first","9":"instock","10":"featured","11":"taxable","12":"shipping-taxable","13":"purchasable","14":"product-type-simple"},"_links":{"self":[{"href":"https:\/\/optimistic-curran.87-106-228-167.plesk.page\/fr\/wp-json\/wp\/v2\/product\/25970","targetHints":{"allow":["GET"]}}],"collection":[{"href":"https:\/\/optimistic-curran.87-106-228-167.plesk.page\/fr\/wp-json\/wp\/v2\/product"}],"about":[{"href":"https:\/\/optimistic-curran.87-106-228-167.plesk.page\/fr\/wp-json\/wp\/v2\/types\/product"}],"replies":[{"embeddable":true,"href":"https:\/\/optimistic-curran.87-106-228-167.plesk.page\/fr\/wp-json\/wp\/v2\/comments?post=25970"}],"wp:featuredmedia":[{"embeddable":true,"href":"https:\/\/optimistic-curran.87-106-228-167.plesk.page\/fr\/wp-json\/wp\/v2\/media\/27235"}],"wp:attachment":[{"href":"https:\/\/optimistic-curran.87-106-228-167.plesk.page\/fr\/wp-json\/wp\/v2\/media?parent=25970"}],"wp:term":[{"taxonomy":"product_brand","embeddable":true,"href":"https:\/\/optimistic-curran.87-106-228-167.plesk.page\/fr\/wp-json\/wp\/v2\/product_brand?post=25970"},{"taxonomy":"product_cat","embeddable":true,"href":"https:\/\/optimistic-curran.87-106-228-167.plesk.page\/fr\/wp-json\/wp\/v2\/product_cat?post=25970"},{"taxonomy":"product_tag","embeddable":true,"href":"https:\/\/optimistic-curran.87-106-228-167.plesk.page\/fr\/wp-json\/wp\/v2\/product_tag?post=25970"}],"curies":[{"name":"wp","href":"https:\/\/api.w.org\/{rel}","templated":true}]}}